{"id":2776,"date":"2023-06-29T20:28:30","date_gmt":"2023-06-29T19:28:30","guid":{"rendered":"https:\/\/holidayvillasmalta.com\/terms-conditions"},"modified":"2023-08-10T18:24:47","modified_gmt":"2023-08-10T17:24:47","slug":"terms-conditions","status":"publish","type":"page","link":"https:\/\/holidayvillasmalta.com\/sv\/terms-conditions","title":{"rendered":"Villkor"},"content":{"rendered":"\n<div class=\"wp-block-columns is-layout-flex wp-container-core-columns-is-layout-1 wp-block-columns-is-layout-flex\">\n<div class=\"wp-block-column is-layout-flow wp-block-column-is-layout-flow\">\n<p>L\u00e4s f\u00f6ljande regler och villkor innan du g\u00f6r din bokning. Om du har n\u00e5gra fr\u00e5gor tveka inte att kontakta oss via formul\u00e4ret till h\u00f6ger eller genom&nbsp;<a href=\"https:\/\/holidayvillasmalta.com\/contact\">kontakta oss<\/a>.<\/p>\n\n\n\n<ol><li>Minsta vistelse varierar fr\u00e5n 2 till 5 n\u00e4tter beroende p\u00e5 villa och m\u00e5nad.<\/li><li>Incheckning p\u00e5 s\u00f6ndagar \u00e4r inte till\u00e5ten<\/li><li>25% Deposition kr\u00e4vs att s\u00e4kra en bokning, 100% deposition f\u00f6r bokningar mindre \u00e4n 60 dagar.<\/li><li>Full betalning av \u00e5terstoden \u00e4r g\u00f6ras 60 dagar f\u00f6re ankomstdatum.<\/li><li>Avbokningar accepteras endast f\u00f6r 60 dagar och du f\u00f6rlorar din ins\u00e4ttning.<\/li><li>Skador p\u00e5 egendom och inneh\u00e5ll \u00e4r hyresg\u00e4stens enda ansvar. En inventering av f\u00f6rem\u00e5l \u00e4r tillg\u00e4nglig i lokalerna. En deposition mot skador p\u00e5 500 \u20ac m\u00e5ste l\u00e4mnas hos \u00e4garen vid incheckningen av Revolut eller p\u00e5 annat s\u00e4tt via bank\u00f6verf\u00f6ring f\u00f6re ankomst. Dessa kommer att \u00e5terbetalas inom 5 dagar om inga skador p\u00e5 fastigheten uppst\u00e5r. En inventering av f\u00f6rem\u00e5l och m\u00f6bler i villan finns i varje villa.<\/li><li>Incheckningstiden \u00e4r strikt fr\u00e5n kl. 15.00 &#8211; Tidig incheckning erbjuds i m\u00e5n av tillg\u00e5ng.<\/li><li>Utcheckningstiden \u00e4r str\u00e4ngt 09.30 &#8211; Sen utcheckning erbjuds i m\u00e5n av tillg\u00e5ng och extra avgifter tillkommer.<\/li><li>MOMS p\u00e5 7% ing\u00e5r i v\u00e5ra priser.<\/li><li>Ytterligare avgifter g\u00e4ller n\u00e4r du betalar via PayPal eftersom v\u00e5ra avgifter \u00e4r netto.<\/li><li>Luftkonditionering (kylning och uppv\u00e4rmning) i Villa Watersedge kan l\u00e4ggas till \u20ac 20 per natt medan i alla andra villor med hj\u00e4lp av en betalnings- \/ anv\u00e4ndningsmaskin med 10 \u20ac dagligen gratis.<\/li><li>WIFI \u00e4r gratis.<\/li><li>Villorna \u00e4r husdjursv\u00e4nliga (Max. Ett husdjur per villa) &#8211; 75 \u20ac avgift f\u00f6r husdjur.<\/li><li>Inga fester \/ diskotek h\u00e5lls i villorna och ingen h\u00f6g musik \u00e4r till\u00e5ten eftersom villorna ligger bredvid fastigheter fr\u00e5n tredje part. Maximalt antal personer bokade ska inte \u00f6verskridas om detta godk\u00e4nns av \u00e4gare av villor. Slumpm\u00e4ssiga inspektioner utf\u00f6rs f\u00f6r att kontrollera att antalet g\u00e4ster p\u00e5 villan \u00e4r enligt bokningen. Vid eventuella brott mot detta villkor villa kommer att beh\u00f6va vara lediga omedelbart och alla betalningar kommer att g\u00e5 f\u00f6rlorade.<\/li><li>R\u00f6kning \u00e4r f\u00f6rbjuden inne och \u00e4r endast till\u00e5ten utomhus i pool- och terrassomr\u00e5dena.<\/li><li>Solkr\u00e4mer eller garvoljor ska tas bort innan du anv\u00e4nder poolen, eftersom dessa kommer att g\u00f6ra poolen oren och grumlig. Husdjur \u00e4r inte till\u00e5tna i poolen.<\/li><li>Villa m\u00e5ste l\u00e4mnas s\u00e5 rengjord som m\u00f6jligt; \u00f6verdriven smuts kommer att resultera i 75 \u20ac avgift som kommer att tas fr\u00e5n skadedepositionen. Extra st\u00e4dning, inklusive s\u00e4ngkl\u00e4der debiteras extra p\u00e5 de priser som anges p\u00e5 bokningsformul\u00e4ret. Avfall m\u00e5ste tas ut enligt det dagliga schemat som finns i villan. F\u00f6ljande b\u00f6ter g\u00e4ller och tas fr\u00e5n skadedepositionen:<ul><li>300 \u20ac &#8211; Om g\u00e4sterna r\u00f6ker inuti.<\/li><li>150 \u20ac &#8211; Om husdjur simmar i poolen \/ Solkr\u00e4m eller garvoljor finns i poolen.<\/li><li>75 \u20ac &#8211; \u00d6verdriven smuts inkl. s\u00e4llskapsdjur h\u00e5r \/ smuts; villan m\u00e5ste l\u00e4mnas s\u00e5 ren som m\u00f6jligt och disken \/ bestick m\u00e5ste tv\u00e4ttas utan matrester.<\/li><\/ul><\/li><li>Eventuella trasiga f\u00f6rem\u00e5l inklusive glas och tallrikar m\u00e5ste betalas fr\u00e5n skadedepositionen enligt lagerh\u00e4ftet som finns i villan.<\/li><li>Vi f\u00f6rbeh\u00e5ller oss r\u00e4tten att inte acceptera n\u00e5gon bokning utan att beh\u00f6va ange en anledning till hyresg\u00e4sten.<\/li><li>Anv\u00e4ndare att placera sin bokning via www.holidayvillasmalta.com \u00f6verens om att deras person- och kontaktuppgifter uppgifter konfidentiellt lagras f\u00f6r framtida kommunikation inklusive kampanjerbjudande.<\/li><li>Takterrasser \u00e4r inte tillg\u00e4ngliga p\u00e5 grund av h\u00e4lso- och s\u00e4kerhetsf\u00f6reskrifter.<\/li><li>Enligt generaldirektivet (Europaparlamentets f\u00f6rordning EU 2016\/679) (&#8220;GDPR&#8221;) \u00e4r Bolaget skyldigt att ta emot och behandla personuppgifter med strikt f\u00f6rtroende och i enlighet med GDPR: s krav. Den registrerade har vissa r\u00e4ttigheter som \u00e4r inneboende inom GDPR, och i detta syfte har bolaget en intern dataskyddspolicy p\u00e5 plats som har utformats f\u00f6r att tillgodose kraven i GDPR. En kopia av dataskyddspolicyn kan beg\u00e4ras genom att skicka ett mail till&nbsp;<a href=\"mailto:info@holidayvillasmalta.com\">info@holidayvillasmalta.com<\/a><\/li><\/ol>\n<\/div>\n<\/div>\n","protected":false},"excerpt":{"rendered":"<p>L\u00e4s f\u00f6ljande regler och villkor innan du g\u00f6r din bokning. Om du har n\u00e5gra fr\u00e5gor tveka inte att kontakta oss via formul\u00e4ret till h\u00f6ger eller genom&nbsp;kontakta oss. Minsta vistelse varierar fr\u00e5n 2 till 5 n\u00e4tter beroende p\u00e5 villa och m\u00e5nad. Incheckning p\u00e5 s\u00f6ndagar \u00e4r inte till\u00e5ten 25% Deposition kr\u00e4vs att s\u00e4kra en bokning, 100% deposition<\/p>\n","protected":false},"author":1,"featured_media":0,"parent":0,"menu_order":0,"comment_status":"closed","ping_status":"closed","template":"","meta":{"inline_featured_image":false,"footnotes":""},"_links":{"self":[{"href":"https:\/\/holidayvillasmalta.com\/sv\/wp-json\/wp\/v2\/pages\/2776"}],"collection":[{"href":"https:\/\/holidayvillasmalta.com\/sv\/wp-json\/wp\/v2\/pages"}],"about":[{"href":"https:\/\/holidayvillasmalta.com\/sv\/wp-json\/wp\/v2\/types\/page"}],"author":[{"embeddable":true,"href":"https:\/\/holidayvillasmalta.com\/sv\/wp-json\/wp\/v2\/users\/1"}],"replies":[{"embeddable":true,"href":"https:\/\/holidayvillasmalta.com\/sv\/wp-json\/wp\/v2\/comments?post=2776"}],"version-history":[{"count":1,"href":"https:\/\/holidayvillasmalta.com\/sv\/wp-json\/wp\/v2\/pages\/2776\/revisions"}],"predecessor-version":[{"id":2779,"href":"https:\/\/holidayvillasmalta.com\/sv\/wp-json\/wp\/v2\/pages\/2776\/revisions\/2779"}],"wp:attachment":[{"href":"https:\/\/holidayvillasmalta.com\/sv\/wp-json\/wp\/v2\/media?parent=2776"}],"curies":[{"name":"wp","href":"https:\/\/api.w.org\/{rel}","templated":true}]}}