{"id":2756,"date":"2023-06-29T20:10:21","date_gmt":"2023-06-29T19:10:21","guid":{"rendered":"https:\/\/holidayvillasmalta.com\/about\/marsascala"},"modified":"2023-08-10T18:18:25","modified_gmt":"2023-08-10T17:18:25","slug":"marsascala","status":"publish","type":"page","link":"https:\/\/holidayvillasmalta.com\/sv\/about\/marsascala","title":{"rendered":"Om Marsascala"},"content":{"rendered":"\n<div class=\"wp-block-columns is-layout-flex wp-container-core-columns-is-layout-1 wp-block-columns-is-layout-flex\">\n<div class=\"wp-block-column is-layout-flow wp-block-column-is-layout-flow\">\n<p>Marsascala erbjuder en avslappnad atmosf\u00e4r samtidigt som det stoltserar med ett rikt utbud av aktiviteter. Det omedelbara omr\u00e5det inneh\u00e5ller ett antal v\u00e4lk\u00e4nda restauranger och n\u00f6jesst\u00e4llen. En snabb mellanm\u00e5l eller en fullskalig fiskbankett \u00e4r bara en kort bilresa bort. Du kan promenera l\u00e4ngs den pittoreska strandpromenaden p\u00e5 v\u00e4g till middagen och l\u00e4ra k\u00e4nna lokalbefolkningen som utan tvekan kommer fr\u00e5n eller skickas till samma restauranger. En kv\u00e4llspromenad eller ett tidigt morgonjobb l\u00e4ngs den popul\u00e4ra Marsascala-strandpromenaden \u00e4r en upplevelse i sig.<\/p>\n\n\n\n<p>Marsascala ligger ocks\u00e5 mycket n\u00e4ra den gamla staden Lund, som \u00e4r en typisk maltesisk by kring en kyrka. I Lund kan du verkligen uppleva det maltesiska s\u00e4ttet att leva. Den v\u00e4lk\u00e4nda fiskebyn Marsaxlokk ligger ocks\u00e5 i n\u00e4rheten. Liksom Marsacala \u00e4r denna by mycket eftertraktad f\u00f6r sina fiskrestauranger. Marsaxlokk \u00e4r mycket popul\u00e4r bland turister och lokalbefolkningen f\u00f6r sin f\u00e4rska fiskmarknad som st\u00e4lls upp varje morgon. Du b\u00f6r reservera en morgon f\u00f6r en promenad genom denna livliga marknad och njuta av att se f\u00e4rsk medelhavsfisk som s\u00e4ljs, f\u00f6r att sedan best\u00e4lla en fisklunch p\u00e5 en av de m\u00e5nga restaurangerna som omger den pittoreska viken. Viken \u00e4r vanligtvis full av traditionella maltesiska fiskeb\u00e5tar om du bes\u00f6ker under en tid n\u00e4r fiskarna \u00e4r ute och fiskar, s\u00e5 klart!<\/p>\n\n\n\n<p>Fem av v\u00e5ra sex villor \u00e4r strategiskt bel\u00e4gna mellan Marsascala, Lund och Marsaxlokk och ger dig lugnet p\u00e5 landsbygden samtidigt som du bara \u00e4r ett stenkast fr\u00e5n stadsk\u00e4rnorna. Som namnet antyder \u00e4r Villa Watersedge bel\u00e4gen bokstavligen p\u00e5 en or\u00f6rd grusstrand i Marsascala. Marsascala \u00e4r ocks\u00e5 mycket popul\u00e4r f\u00f6r sina str\u00e4nder. Omr\u00e5det inkluderar klippor och sandstr\u00e4nder inom n\u00e5gra minuters promenad fr\u00e5n varandra. P\u00e5 stranden f\u00e5r du verkligen m\u00f6jlighet att tr\u00e4ffa lokalbefolkningen eftersom str\u00e4nderna vanligtvis \u00e4r mycket livliga under de varma sommarm\u00e5naderna. Dykning \u00e4r en mycket popul\u00e4r sport p\u00e5 Malta och det finns \u00f6ver 7000 kvalificerade dykare och m\u00e5nga dykskolor. I Marsascala \u00e4r det mycket enkelt att ordna ett provdyk eller hyra utrustning om du \u00e4r en kvalificerad dykare fr\u00e5n den lokala dykklubben.<\/p>\n\n\n\n<p>Transporten tillhandah\u00e5lls genom det nya Arriva bussystemet, biluthyrning f\u00f6r sj\u00e4lvk\u00f6rning och taxitj\u00e4nster. Bussh\u00e5llplatser ligger inom en halv kilometer fr\u00e5n varandra och bussar \u00e4r mycket vanliga. GPS-system rekommenderas naturligtvis eftersom Malta \u00e4r ett litet land, det finns verkligen mycket att se och g\u00f6ra. De popul\u00e4ra maltesiska nattlivsomr\u00e5dena Paceville, Sliema och Bugibba ligger bara n\u00e5gra minuters bilresa fr\u00e5n Marsascala.<\/p>\n<\/div>\n<\/div>\n","protected":false},"excerpt":{"rendered":"<p>Marsascala erbjuder en avslappnad atmosf\u00e4r samtidigt som det stoltserar med ett rikt utbud av aktiviteter. Det omedelbara omr\u00e5det inneh\u00e5ller ett antal v\u00e4lk\u00e4nda restauranger och n\u00f6jesst\u00e4llen. En snabb mellanm\u00e5l eller en fullskalig fiskbankett \u00e4r bara en kort bilresa bort. Du kan promenera l\u00e4ngs den pittoreska strandpromenaden p\u00e5 v\u00e4g till middagen och l\u00e4ra k\u00e4nna lokalbefolkningen som utan<\/p>\n","protected":false},"author":1,"featured_media":0,"parent":2734,"menu_order":0,"comment_status":"closed","ping_status":"closed","template":"","meta":{"inline_featured_image":false,"footnotes":""},"_links":{"self":[{"href":"https:\/\/holidayvillasmalta.com\/sv\/wp-json\/wp\/v2\/pages\/2756"}],"collection":[{"href":"https:\/\/holidayvillasmalta.com\/sv\/wp-json\/wp\/v2\/pages"}],"about":[{"href":"https:\/\/holidayvillasmalta.com\/sv\/wp-json\/wp\/v2\/types\/page"}],"author":[{"embeddable":true,"href":"https:\/\/holidayvillasmalta.com\/sv\/wp-json\/wp\/v2\/users\/1"}],"replies":[{"embeddable":true,"href":"https:\/\/holidayvillasmalta.com\/sv\/wp-json\/wp\/v2\/comments?post=2756"}],"version-history":[{"count":1,"href":"https:\/\/holidayvillasmalta.com\/sv\/wp-json\/wp\/v2\/pages\/2756\/revisions"}],"predecessor-version":[{"id":2759,"href":"https:\/\/holidayvillasmalta.com\/sv\/wp-json\/wp\/v2\/pages\/2756\/revisions\/2759"}],"up":[{"embeddable":true,"href":"https:\/\/holidayvillasmalta.com\/sv\/wp-json\/wp\/v2\/pages\/2734"}],"wp:attachment":[{"href":"https:\/\/holidayvillasmalta.com\/sv\/wp-json\/wp\/v2\/media?parent=2756"}],"curies":[{"name":"wp","href":"https:\/\/api.w.org\/{rel}","templated":true}]}}