{"id":2734,"date":"2023-06-03T16:25:17","date_gmt":"2023-06-03T15:25:17","guid":{"rendered":"https:\/\/holidayvillasmalta.com\/about"},"modified":"2023-08-27T13:43:45","modified_gmt":"2023-08-27T12:43:45","slug":"about","status":"publish","type":"page","link":"https:\/\/holidayvillasmalta.com\/sv\/about","title":{"rendered":"Om Oss"},"content":{"rendered":"\n<div class=\"wp-block-columns are-vertically-aligned-center is-layout-flex wp-container-core-columns-is-layout-1 wp-block-columns-is-layout-flex\">\n<div class=\"wp-block-column is-vertically-aligned-center is-layout-flow wp-block-column-is-layout-flow\">\n<p>Holiday Villas Malta \u00e4r ett familje\u00e4gt f\u00f6retag och vi str\u00e4var efter att tillhandah\u00e5lla semester boende som \u00e4r unika, typiska Maltesiska v\u00e4rme och g\u00e4stfrihet, och framf\u00f6r allt av mycket h\u00f6g standard. Vi tar personlig omv\u00e5rdnad att s\u00e4kerst\u00e4lla att v\u00e5ra villor ge alla f\u00f6rv\u00e4ntade amenties och personligen hantera hyresg\u00e4st fr\u00e5gor.<\/p>\n\n\n\n<p>Villorna d\u00e4r ritades och byggdes av \u00e4garen, Chris Cachia, arkitekt av yrket med ett skarpt \u00f6ga f\u00f6r aestetic detalj samt en expertis inom Maltesiska arkitekturen. Chris har s\u00e4kerst\u00e4llt att villorna beh\u00e5lla den lokala stilen i autentiska byggnadsmaterial och design. De \u00e4r alla byggda med h\u00f6g standard, med stora rum och stora \u00f6ppna ytor. Chris gav s\u00e4rskild uppm\u00e4rksamhet \u00e5t naturlig belysning och ventilation f\u00f6r att s\u00e4kerst\u00e4lla att \u00e5kande \u00e5tnjuter den maltesiska solen \u00e4ven n\u00e4r inomhus.<\/p>\n\n\n\n<p>Mrs Josette Cachia, \u00e4garens hustru hanterar klientfr\u00e5gor och hanterar den dagliga k\u00f6r villor som inkluderar hantera ett team av r\u00f6rmokare, elektriker, pool underh\u00e5llspersonal, st\u00e4dare och s\u00e5 vidare. Den Cachia hem \u00e4r mycket n\u00e4ra villorna och de \u00e4r alltid beredda att hj\u00e4lpa till.<\/p>\n<\/div>\n\n\n\n<div class=\"wp-block-column is-vertically-aligned-center is-layout-flow wp-block-column-is-layout-flow\"><div class=\"wp-block-image\">\n<figure class=\"aligncenter size-full\"><img loading=\"lazy\" decoding=\"async\" width=\"372\" height=\"297\" src=\"https:\/\/holidayvillasmalta.com\/app\/uploads\/2023\/06\/Holiday-Villas-Malta-Team.jpg\" alt=\"\" class=\"wp-image-317\" srcset=\"https:\/\/holidayvillasmalta.com\/app\/uploads\/2023\/06\/Holiday-Villas-Malta-Team.jpg 372w, https:\/\/holidayvillasmalta.com\/app\/uploads\/2023\/06\/Holiday-Villas-Malta-Team-300x240.jpg 300w\" sizes=\"(max-width: 372px) 100vw, 372px\" \/><\/figure><\/div><\/div>\n<\/div>\n","protected":false},"excerpt":{"rendered":"<p>Holiday Villas Malta \u00e4r ett familje\u00e4gt f\u00f6retag och vi str\u00e4var efter att tillhandah\u00e5lla semester boende som \u00e4r unika, typiska Maltesiska v\u00e4rme och g\u00e4stfrihet, och framf\u00f6r allt av mycket h\u00f6g standard. Vi tar personlig omv\u00e5rdnad att s\u00e4kerst\u00e4lla att v\u00e5ra villor ge alla f\u00f6rv\u00e4ntade amenties och personligen hantera hyresg\u00e4st fr\u00e5gor. Villorna d\u00e4r ritades och byggdes av \u00e4garen,<\/p>\n","protected":false},"author":1,"featured_media":0,"parent":0,"menu_order":0,"comment_status":"closed","ping_status":"open","template":"","meta":{"inline_featured_image":false,"footnotes":""},"_links":{"self":[{"href":"https:\/\/holidayvillasmalta.com\/sv\/wp-json\/wp\/v2\/pages\/2734"}],"collection":[{"href":"https:\/\/holidayvillasmalta.com\/sv\/wp-json\/wp\/v2\/pages"}],"about":[{"href":"https:\/\/holidayvillasmalta.com\/sv\/wp-json\/wp\/v2\/types\/page"}],"author":[{"embeddable":true,"href":"https:\/\/holidayvillasmalta.com\/sv\/wp-json\/wp\/v2\/users\/1"}],"replies":[{"embeddable":true,"href":"https:\/\/holidayvillasmalta.com\/sv\/wp-json\/wp\/v2\/comments?post=2734"}],"version-history":[{"count":8,"href":"https:\/\/holidayvillasmalta.com\/sv\/wp-json\/wp\/v2\/pages\/2734\/revisions"}],"predecessor-version":[{"id":3067,"href":"https:\/\/holidayvillasmalta.com\/sv\/wp-json\/wp\/v2\/pages\/2734\/revisions\/3067"}],"wp:attachment":[{"href":"https:\/\/holidayvillasmalta.com\/sv\/wp-json\/wp\/v2\/media?parent=2734"}],"curies":[{"name":"wp","href":"https:\/\/api.w.org\/{rel}","templated":true}]}}