{"id":2723,"date":"2023-06-29T20:10:55","date_gmt":"2023-06-29T19:10:55","guid":{"rendered":"https:\/\/holidayvillasmalta.com\/malta"},"modified":"2023-08-10T18:11:05","modified_gmt":"2023-08-10T17:11:05","slug":"malta","status":"publish","type":"page","link":"https:\/\/holidayvillasmalta.com\/sv\/about\/malta","title":{"rendered":"Om Malta"},"content":{"rendered":"\n<div class=\"wp-block-columns is-layout-flex wp-container-core-columns-is-layout-1 wp-block-columns-is-layout-flex\">\n<div class=\"wp-block-column is-layout-flow wp-block-column-is-layout-flow\">\n<p>Det finns s\u00e5 m\u00e5nga anledningar till varf\u00f6r du kan flyga till Malta och tillbringa en bra vecka h\u00e4r. Om du \u00e4r en historieentusiast kan det s\u00e4gas vara platsen att bes\u00f6ka. H\u00e4r finns slott, alla typer av bef\u00e4stningar, palats, kyrkor och en rik konstn\u00e4rlig arv som har gjort Malta till en av Medelhavs\u00f6arna med s\u00e5 mycket att beundra. Om man \u00e4r beroende av milit\u00e4rhistoria finns det kilometer med bef\u00e4stningar fr\u00e5n tidig brons\u00e5lder till andra v\u00e4rldskriget, milit\u00e4ra och flygmuseer samt till och med andra v\u00e4rldskriget-utf\u00f6rda skyddsrum i klipporna.<\/p>\n\n\n\n<p>Malta har ocks\u00e5 beskrivits som ett arkeologiskt paradis med sina unika f\u00f6rhistoriska l\u00e4mningar. Dessa betraktas som v\u00e4rldens \u00e4ldsta frist\u00e5ende byggnader och de imponerar verkligen.<\/p>\n\n\n\n<p>Om du \u00e4r intresserad av det rika kulturarvet finns det m\u00f6jlighet att f\u00f6rdjupa dig i den myriaden av traditionella aktiviteter. Vare sig det \u00e4r en av de nationella h\u00f6gtiderna som firas under \u00e5ret, historiska rekonstruktioner med olika historiska h\u00e4ndelser eller religi\u00f6sa helgdagar, s\u00e5 finns det gott om valm\u00f6jligheter. De religi\u00f6sa festivalerna ger en k\u00e4nsla av \u00e4kthet, eftersom de inte arrangeras f\u00f6r turister, utan de \u00e4r den viktigaste \u00e5rliga h\u00e4ndelsen i orten, organiserad av lokalbefolkningen f\u00f6r deras eget n\u00f6je.<\/p>\n\n\n\n<p>Varf\u00f6r Malta, om inte f\u00f6r det klara bl\u00e5 havet och himlen samt det milda v\u00e4dret som r\u00e5der. Havet \u00e4r en alltid inbjudande plats att utforska, koppla av p\u00e5 eller till och med dyka. V\u00e4dret \u00e4r perfekt f\u00f6r en aktivitetsfylld semester d\u00e5 man kan utforska landsbygden med sina smala gr\u00e4nder, sm\u00e5 f\u00e4lt, karakteristiska bondg\u00e5rdar och annat lantligt arkitektoniskt arv. Det \u00e4r den r\u00e4tta tiden att bes\u00f6ka de olika sm\u00e5 byarna med moderna hus, men med en medeltida k\u00e4rna.<\/p>\n\n\n\n<p>Malta \u00e4r en plats d\u00e4r du kan ha en avkopplande semester, njuta av vilken typ av aktivitet som helst och avsluta dagen med god mat. Antingen kan du njuta av gastronomiska l\u00e4ckerheter fr\u00e5n olika k\u00f6k fr\u00e5n hela v\u00e4rlden. Men det finns ocks\u00e5 frestelsen att smaka p\u00e5 det lokala k\u00f6ket, med m\u00e5nga restauranger \u00f6ver hela \u00f6n som erbjuder bra alternativ. Fisk \u00e4r en specialitet och du kan inte g\u00e5 fel med en tallrik f\u00e4rsk fisk. Det lokala k\u00f6ket begr\u00e4nsar sig inte bara till m\u00e5ltider, utan ganska m\u00e5nga sm\u00e5 butiker ger dig m\u00f6jlighet att prova n\u00e5gra riktigt goda maltesiska delikatesser &#8211; pastizzi, imqaret och m\u00e5nga andra.<\/p>\n\n\n\n<p>Varf\u00f6r Malta? F\u00f6r att det \u00e4r platsen att bes\u00f6ka f\u00f6r avkoppling och njutning.<\/p>\n<\/div>\n<\/div>\n","protected":false},"excerpt":{"rendered":"<p>Det finns s\u00e5 m\u00e5nga anledningar till varf\u00f6r du kan flyga till Malta och tillbringa en bra vecka h\u00e4r. Om du \u00e4r en historieentusiast kan det s\u00e4gas vara platsen att bes\u00f6ka. H\u00e4r finns slott, alla typer av bef\u00e4stningar, palats, kyrkor och en rik konstn\u00e4rlig arv som har gjort Malta till en av Medelhavs\u00f6arna med s\u00e5 mycket<\/p>\n","protected":false},"author":1,"featured_media":0,"parent":2734,"menu_order":0,"comment_status":"closed","ping_status":"closed","template":"","meta":{"inline_featured_image":false,"footnotes":""},"_links":{"self":[{"href":"https:\/\/holidayvillasmalta.com\/sv\/wp-json\/wp\/v2\/pages\/2723"}],"collection":[{"href":"https:\/\/holidayvillasmalta.com\/sv\/wp-json\/wp\/v2\/pages"}],"about":[{"href":"https:\/\/holidayvillasmalta.com\/sv\/wp-json\/wp\/v2\/types\/page"}],"author":[{"embeddable":true,"href":"https:\/\/holidayvillasmalta.com\/sv\/wp-json\/wp\/v2\/users\/1"}],"replies":[{"embeddable":true,"href":"https:\/\/holidayvillasmalta.com\/sv\/wp-json\/wp\/v2\/comments?post=2723"}],"version-history":[{"count":1,"href":"https:\/\/holidayvillasmalta.com\/sv\/wp-json\/wp\/v2\/pages\/2723\/revisions"}],"predecessor-version":[{"id":2738,"href":"https:\/\/holidayvillasmalta.com\/sv\/wp-json\/wp\/v2\/pages\/2723\/revisions\/2738"}],"up":[{"embeddable":true,"href":"https:\/\/holidayvillasmalta.com\/sv\/wp-json\/wp\/v2\/pages\/2734"}],"wp:attachment":[{"href":"https:\/\/holidayvillasmalta.com\/sv\/wp-json\/wp\/v2\/media?parent=2723"}],"curies":[{"name":"wp","href":"https:\/\/api.w.org\/{rel}","templated":true}]}}