{"id":2773,"date":"2023-06-29T20:28:30","date_gmt":"2023-06-29T19:28:30","guid":{"rendered":"https:\/\/holidayvillasmalta.com\/terms-conditions"},"modified":"2023-08-10T18:26:18","modified_gmt":"2023-08-10T17:26:18","slug":"terms-conditions","status":"publish","type":"page","link":"https:\/\/holidayvillasmalta.com\/no\/terms-conditions","title":{"rendered":"Betingelser &#038; vilk\u00e5r"},"content":{"rendered":"\n<div class=\"wp-block-columns is-layout-flex wp-container-core-columns-is-layout-1 wp-block-columns-is-layout-flex\">\n<div class=\"wp-block-column is-layout-flow wp-block-column-is-layout-flow\">\n<p>Vennligst les f\u00f8lgende vilk\u00e5r og betingelser n\u00f8ye f\u00f8r du reserverer. Hvis du har noen sp\u00f8rsm\u00e5l vennligst ikke n\u00f8l med \u00e5 kontakte oss via skjemaet p\u00e5 h\u00f8yre eller via&nbsp;<a href=\"https:\/\/holidayvillasmalta.com\/contact\">kontakt oss<\/a>.<\/p>\n\n\n\n<ol><li>Minimumsoppholdet varierer fra 2 til 5 netter avhengig av villa og m\u00e5ned.<\/li><li>Innsjekking p\u00e5 s\u00f8ndager er ikke tillatt<\/li><li>25% Innskudd er n\u00f8dvendig for \u00e5 sikre en bestilling, 100% depositum for bestillinger mindre enn 60 dager.<\/li><li>Fullstendig utligning av gjenv\u00e6rende saldo skal gj\u00f8res 60 dager f\u00f8r ankomstdagen.<\/li><li>Avbestilling tillates bare f\u00f8r 60 dager og du vil miste ditt innskudd.<\/li><li>Skader p\u00e5 eiendom og innhold er leiers eneste ansvar. En oversikt over gjenstander er tilgjengelig i lokalene. Et depositum mot skader p\u00e5 \u20ac 500 m\u00e5 overlates til eieren ved innsjekking av Revolut eller p\u00e5 annen m\u00e5te ved bankoverf\u00f8ring f\u00f8r ankomst. Disse vil bli tilbakebetalt innen 5 dager hvis det ikke p\u00e5f\u00f8res skader p\u00e5 eiendommen. En oversikt over gjenstander og m\u00f8bler i villaen finner du i hver villa.<\/li><li>Innsjekking er strengt fra kl. 15.00 &#8211; Tidlig innsjekking er avhengig av tilgjengelighet.<\/li><li>Utsjekkingstidspunktet er strengt innen kl. 09.30 &#8211; Sen utsjekking er avhengig av tilgjengelighet, og ekstra gebyrer vil p\u00e5l\u00f8pe.<\/li><li>MVA p\u00e5 7% er inkludert i v\u00e5re priser.<\/li><li>Tilleggskostnader gjelder n\u00e5r du betaler via PayPal, ettersom gebyrene v\u00e5re er netto.<\/li><li>Klimaanlegg (kj\u00f8ling og oppvarming) i Villa Watersedge kan legges til \u20ac 20 per natt mens du er i alle andre villaer ved hjelp av en betalings- \/ bruk-maskin med \u20ac 10 daglig gitt gratis.<\/li><li>WIFI er gratis.<\/li><li>Villaene er kj\u00e6ledyrvennlige (Maks. Ett kj\u00e6ledyr per villa) &#8211; 75 \u20ac kj\u00e6ledyrsavgift gjelder.<\/li><li>Det holdes ingen fester \/ diskotek i villaene, og det er ikke tillatt med h\u00f8y musikk ettersom villaene ligger ved siden av tredjeparts eiendommer. Maksimalt antall personer reservert skal ikke overskrides med mindre dette er godkjent av eieren av villaene. Tilfeldige inspeksjoner utf\u00f8res for \u00e5 sjekke at antall gjester ved villaen er som per bestilling. I tilfelle brudd av denne tilstanden villaen vil m\u00e5tte v\u00e6re forlatt umiddelbart og eventuelle betalinger vil g\u00e5 tapt.<\/li><li>R\u00f8yking er forbudt inne og er kun tillatt ute i bassengomr\u00e5det og p\u00e5 terrassen.<\/li><li>Solkremer eller garveringsoljer skal fjernes f\u00f8r du bruker bassenget, da disse vil gj\u00f8re bassenget urent og overskyet. Kj\u00e6ledyr er ikke tillatt i bassenget.<\/li><li>Villaen m\u00e5 st\u00e5 s\u00e5 rengjort som mulig; overdreven smuss vil resultere i \u20ac 75 gebyr som vil bli tatt fra skadesdepositumet. Ekstra rengj\u00f8ring, inkludert senget\u00f8y er belastet ekstra til priser som er angitt p\u00e5 bestillingsskjemaet. S\u00f8ppel m\u00e5 tas ut i henhold til den daglige timeplanen du finner i villaen. F\u00f8lgende b\u00f8ter gjelder og vil bli hentet fra skadesdepositumet:<ul><li>\u20ac 300 &#8211; Hvis gjestene r\u00f8yker inne.<\/li><li>\u20ac 150 &#8211; Hvis kj\u00e6ledyr sv\u00f8mmer i sv\u00f8mmebassenget \/ Solkrem eller garveringsoljer finnes i sv\u00f8mmebassenget.<\/li><li>\u20ac 75 &#8211; Overdreven smuss inkl. dyreh\u00e5r \/ skitt; villaen m\u00e5 v\u00e6re s\u00e5 ren som mulig, og servise \/ bestikk m\u00e5 vaskes uten matrester.<\/li><\/ul><\/li><li>Eventuelle \u00f8delagte gjenstander, inkludert glass og tallerkener, m\u00e5 betales fra skadesdepositumet i henhold til lagerheftet du finner i villaen.<\/li><li>Vi forbeholder oss retten til ikke \u00e5 akseptere bestillinger uten \u00e5 angi en \u00e5rsak til leietaker.<\/li><li>Brukere \u00e5 plassere sine booking via www.holidayvillasmalta.com er enig at deres personlig og kontaktdetaljer lagres konfidensielt for fremtidig kommunikasjon inkludert kampanjetilbud.<\/li><li>Takterrasser er ikke tilgjengelige p\u00e5 grunn av helse- og sikkerhetsforskrifter<\/li><li>I henhold til alminnelige databeskyttelsesforskrifter (Forordning EU 2016\/679 i Europaparlamentet) (&#8220;GDPR&#8221;) er Selskapet forpliktet til \u00e5 motta og behandle personopplysninger med strenge tillit og i samsvar med kravene i GDPR. Den registrerte har visse rettigheter som ligger i GDPR, og i den forbindelse har selskapet en intern databeskyttelsespolicy som er utformet for \u00e5 im\u00f8tekomme kravene til GDPR. En kopi av databeskyttelsespolitikken kan bli forespurt ved \u00e5 sende en e-post til&nbsp;<a href=\"mailto:info@holidayvillasmalta.com\">info@holidayvillasmalta.com<\/a><\/li><\/ol>\n<\/div>\n<\/div>\n","protected":false},"excerpt":{"rendered":"<p>Vennligst les f\u00f8lgende vilk\u00e5r og betingelser n\u00f8ye f\u00f8r du reserverer. Hvis du har noen sp\u00f8rsm\u00e5l vennligst ikke n\u00f8l med \u00e5 kontakte oss via skjemaet p\u00e5 h\u00f8yre eller via&nbsp;kontakt oss. Minimumsoppholdet varierer fra 2 til 5 netter avhengig av villa og m\u00e5ned. Innsjekking p\u00e5 s\u00f8ndager er ikke tillatt 25% Innskudd er n\u00f8dvendig for \u00e5 sikre en<\/p>\n","protected":false},"author":1,"featured_media":0,"parent":0,"menu_order":0,"comment_status":"closed","ping_status":"closed","template":"","meta":{"inline_featured_image":false,"footnotes":""},"_links":{"self":[{"href":"https:\/\/holidayvillasmalta.com\/no\/wp-json\/wp\/v2\/pages\/2773"}],"collection":[{"href":"https:\/\/holidayvillasmalta.com\/no\/wp-json\/wp\/v2\/pages"}],"about":[{"href":"https:\/\/holidayvillasmalta.com\/no\/wp-json\/wp\/v2\/types\/page"}],"author":[{"embeddable":true,"href":"https:\/\/holidayvillasmalta.com\/no\/wp-json\/wp\/v2\/users\/1"}],"replies":[{"embeddable":true,"href":"https:\/\/holidayvillasmalta.com\/no\/wp-json\/wp\/v2\/comments?post=2773"}],"version-history":[{"count":1,"href":"https:\/\/holidayvillasmalta.com\/no\/wp-json\/wp\/v2\/pages\/2773\/revisions"}],"predecessor-version":[{"id":2783,"href":"https:\/\/holidayvillasmalta.com\/no\/wp-json\/wp\/v2\/pages\/2773\/revisions\/2783"}],"wp:attachment":[{"href":"https:\/\/holidayvillasmalta.com\/no\/wp-json\/wp\/v2\/media?parent=2773"}],"curies":[{"name":"wp","href":"https:\/\/api.w.org\/{rel}","templated":true}]}}