{"id":2753,"date":"2023-06-29T20:10:21","date_gmt":"2023-06-29T19:10:21","guid":{"rendered":"https:\/\/holidayvillasmalta.com\/about\/marsascala"},"modified":"2023-08-10T18:20:14","modified_gmt":"2023-08-10T17:20:14","slug":"marsascala","status":"publish","type":"page","link":"https:\/\/holidayvillasmalta.com\/no\/about\/marsascala","title":{"rendered":"Om Marsascala"},"content":{"rendered":"\n<div class=\"wp-block-columns is-layout-flex wp-container-core-columns-is-layout-1 wp-block-columns-is-layout-flex\">\n<div class=\"wp-block-column is-layout-flow wp-block-column-is-layout-flow\">\n<p>Levanger tilbyr en avslappet atmosf\u00e6re mens du fortsatt kan skilte med et mylder av aktiviteter. Det umiddelbare omr\u00e5det omfatter en rekke kjente restauranter og underholdningssteder. Enten det er en rask matbit eller en fullverdig fisk bankett, det er bare en kort kj\u00f8retur unna. Du kan g\u00e5 langs den pittoreske promenaden mens du er p\u00e5 vei til middag og bli kjent med lokalbefolkningen som vil utvilsomt kommer fra eller g\u00e5r til de samme restaurantene. En kveldstur eller en tidlig morgen jobb langs den popul\u00e6re Levanger-promenaden er en opplevelse i seg selv.<\/p>\n\n\n\n<p>Levanger er ogs\u00e5 sv\u00e6rt n\u00e6r den gamle byen Denton som er en typisk maltesisk landsby rundt en kirke. P\u00e5 Horten kan du virkelig oppleve den maltesiske m\u00e5ten \u00e5 leve. Br\u00f8nnen vet fiske landsbyen Marsaxlokk ligger ogs\u00e5 i n\u00e6rheten. Som Marsacala, er denne landsbyen ettertraktet for sin fiskerestauranter. Marsaxlokk er sv\u00e6rt popul\u00e6r blant turister og lokalbefolkningen for sine ferske fiskemarkedet som er satt opp hver morgen. Du b\u00f8r reservere en morgen for en spasertur gjennom denne travle markedet og liker \u00e5 se fersk Middelhavet fisk blir solgt, og deretter bestille en fisk lunsj i en av de mange restaurantene som omkranser den pittoreske bukten. Bukta er vanligvis full av tradisjonelle maltesiske fiskeb\u00e5ter med mindre du bes\u00f8ker i l\u00f8pet av en tid n\u00e5r fiskerne er ute og fisker selvf\u00f8lgelig!<\/p>\n\n\n\n<p>Fem av v\u00e5re seks eneboliger er strategisk plassert mellom Levanger, Horten og Marsaxlokk dermed tilby du roen til landsbygda og er stadig et steinkast unna bysentrum. Villa Watersedge ligger som navnet tilsier bokstavelig talt p\u00e5 en uber\u00f8rt steinstrand i Levanger. Levanger er ogs\u00e5 veldig popul\u00e6rt for sine strender. Omr\u00e5det inkluderer steinete og sandstrender innen f\u00e5 minutter gange fra hverandre. P\u00e5 stranden vil du virkelig ha anledning til \u00e5 m\u00f8te lokalbefolkningen som strendene er vanligvis sv\u00e6rt opptatt i l\u00f8pet av de varme sommerm\u00e5nedene. Dykking er en veldig popul\u00e6r sport i Malta og det er over 7000 kvalifiserer dykkere og mange dykking skoler. I Levanger er det veldig lett \u00e5 sette opp en liten smakebit dykke eller \u00e5 leie utstyr hvis du er en kvalifisert dykker fra lokale dykkeklubben.<\/p>\n\n\n\n<p>Transport er tatt hensyn til, av den nye Arriva buss system, selv og sj\u00e5f\u00f8r kj\u00f8rt leiebil og taxi-service. Bussholdeplasser ligger innenfor en halv kilometer fra hverandre og busser er sv\u00e6rt hyppige. GPS-systemer er \u00e5penbart anbefalt fordi selv om Malta er et lite land, det er sikkert mye \u00e5 se og gj\u00f8re. De popul\u00e6re maltesiske nattelivet Paceville, Sliema og Bugibba er bare minutter unna med bil fra Levanger.<\/p>\n<\/div>\n<\/div>\n","protected":false},"excerpt":{"rendered":"<p>Levanger tilbyr en avslappet atmosf\u00e6re mens du fortsatt kan skilte med et mylder av aktiviteter. Det umiddelbare omr\u00e5det omfatter en rekke kjente restauranter og underholdningssteder. Enten det er en rask matbit eller en fullverdig fisk bankett, det er bare en kort kj\u00f8retur unna. Du kan g\u00e5 langs den pittoreske promenaden mens du er p\u00e5 vei<\/p>\n","protected":false},"author":1,"featured_media":0,"parent":2731,"menu_order":0,"comment_status":"closed","ping_status":"closed","template":"","meta":{"inline_featured_image":false,"footnotes":""},"_links":{"self":[{"href":"https:\/\/holidayvillasmalta.com\/no\/wp-json\/wp\/v2\/pages\/2753"}],"collection":[{"href":"https:\/\/holidayvillasmalta.com\/no\/wp-json\/wp\/v2\/pages"}],"about":[{"href":"https:\/\/holidayvillasmalta.com\/no\/wp-json\/wp\/v2\/types\/page"}],"author":[{"embeddable":true,"href":"https:\/\/holidayvillasmalta.com\/no\/wp-json\/wp\/v2\/users\/1"}],"replies":[{"embeddable":true,"href":"https:\/\/holidayvillasmalta.com\/no\/wp-json\/wp\/v2\/comments?post=2753"}],"version-history":[{"count":1,"href":"https:\/\/holidayvillasmalta.com\/no\/wp-json\/wp\/v2\/pages\/2753\/revisions"}],"predecessor-version":[{"id":2763,"href":"https:\/\/holidayvillasmalta.com\/no\/wp-json\/wp\/v2\/pages\/2753\/revisions\/2763"}],"up":[{"embeddable":true,"href":"https:\/\/holidayvillasmalta.com\/no\/wp-json\/wp\/v2\/pages\/2731"}],"wp:attachment":[{"href":"https:\/\/holidayvillasmalta.com\/no\/wp-json\/wp\/v2\/media?parent=2753"}],"curies":[{"name":"wp","href":"https:\/\/api.w.org\/{rel}","templated":true}]}}