{"id":2731,"date":"2023-06-03T16:25:17","date_gmt":"2023-06-03T15:25:17","guid":{"rendered":"https:\/\/holidayvillasmalta.com\/about"},"modified":"2023-09-11T17:29:58","modified_gmt":"2023-09-11T16:29:58","slug":"about","status":"publish","type":"page","link":"https:\/\/holidayvillasmalta.com\/no\/about","title":{"rendered":"Om Oss"},"content":{"rendered":"\n<div class=\"wp-block-columns are-vertically-aligned-center is-layout-flex wp-container-core-columns-is-layout-1 wp-block-columns-is-layout-flex\">\n<div class=\"wp-block-column is-vertically-aligned-center is-layout-flow wp-block-column-is-layout-flow\">\n<p>Ferie villaer Malta er et familiedrevet virksomhet, og vi streber etter \u00e5 tilby Holiday Overnatting som er unik, typisk maltesiske varme og gjestfrihet, og fremfor alt for sv\u00e6rt h\u00f8ye standarder. Vi tar personlig pleie \u00e5 sikre at v\u00e5re villaer gir alle de forventede amenties og personlig h\u00e5ndtere leietaker problemer.<\/p>\n\n\n\n<p>Villaene der designet og bygget av eieren, Chris Cachia, en arkitekt av yrke med et skarpt \u00f8ye for flammebj\u00f8rkens detalj samt en kompetanse i maltesisk arkitektur. Chris har s\u00f8rget for at villaene beholde lokal stil i b\u00e5de design og autentiske bygningen materialene som brukes. De er bygget til h\u00f8y standard, med store rom og store vidder. Chris fikk spesiell oppmerksomhet til naturlig lys og ventilasjon for \u00e5 sikre at beboer nyter den maltesiske solen selv n\u00e5r innend\u00f8rs.<\/p>\n\n\n\n<p>Fru Josette Cachia, eierens kone h\u00e5ndterer klient sp\u00f8rringer og administrerer den daglige driften av villaene som inkluderer administrere et team for r\u00f8rleggere, elektrikere, bassenget vedlikehold personale, rengj\u00f8ringsmidler og s\u00e5 videre. Cachia&#8217;s home er sv\u00e6rt n\u00e6r villaene og de er alltid forberedt p\u00e5 \u00e5 hjelpe.<\/p>\n<\/div>\n\n\n\n<div class=\"wp-block-column is-vertically-aligned-center is-layout-flow wp-block-column-is-layout-flow\"><div class=\"wp-block-image\">\n<figure class=\"aligncenter size-full\"><img loading=\"lazy\" decoding=\"async\" width=\"372\" height=\"297\" src=\"https:\/\/holidayvillasmalta.com\/app\/uploads\/2023\/06\/Holiday-Villas-Malta-Team.jpg\" alt=\"\" class=\"wp-image-317\" srcset=\"https:\/\/holidayvillasmalta.com\/app\/uploads\/2023\/06\/Holiday-Villas-Malta-Team.jpg 372w, https:\/\/holidayvillasmalta.com\/app\/uploads\/2023\/06\/Holiday-Villas-Malta-Team-300x240.jpg 300w\" sizes=\"(max-width: 372px) 100vw, 372px\" \/><\/figure><\/div><\/div>\n<\/div>\n","protected":false},"excerpt":{"rendered":"<p>Ferie villaer Malta er et familiedrevet virksomhet, og vi streber etter \u00e5 tilby Holiday Overnatting som er unik, typisk maltesiske varme og gjestfrihet, og fremfor alt for sv\u00e6rt h\u00f8ye standarder. Vi tar personlig pleie \u00e5 sikre at v\u00e5re villaer gir alle de forventede amenties og personlig h\u00e5ndtere leietaker problemer. Villaene der designet og bygget av<\/p>\n","protected":false},"author":1,"featured_media":0,"parent":0,"menu_order":0,"comment_status":"closed","ping_status":"open","template":"","meta":{"inline_featured_image":false,"footnotes":""},"_links":{"self":[{"href":"https:\/\/holidayvillasmalta.com\/no\/wp-json\/wp\/v2\/pages\/2731"}],"collection":[{"href":"https:\/\/holidayvillasmalta.com\/no\/wp-json\/wp\/v2\/pages"}],"about":[{"href":"https:\/\/holidayvillasmalta.com\/no\/wp-json\/wp\/v2\/types\/page"}],"author":[{"embeddable":true,"href":"https:\/\/holidayvillasmalta.com\/no\/wp-json\/wp\/v2\/users\/1"}],"replies":[{"embeddable":true,"href":"https:\/\/holidayvillasmalta.com\/no\/wp-json\/wp\/v2\/comments?post=2731"}],"version-history":[{"count":4,"href":"https:\/\/holidayvillasmalta.com\/no\/wp-json\/wp\/v2\/pages\/2731\/revisions"}],"predecessor-version":[{"id":3050,"href":"https:\/\/holidayvillasmalta.com\/no\/wp-json\/wp\/v2\/pages\/2731\/revisions\/3050"}],"wp:attachment":[{"href":"https:\/\/holidayvillasmalta.com\/no\/wp-json\/wp\/v2\/media?parent=2731"}],"curies":[{"name":"wp","href":"https:\/\/api.w.org\/{rel}","templated":true}]}}