{"id":2720,"date":"2023-06-29T20:10:55","date_gmt":"2023-06-29T19:10:55","guid":{"rendered":"https:\/\/holidayvillasmalta.com\/malta"},"modified":"2023-08-10T18:14:43","modified_gmt":"2023-08-10T17:14:43","slug":"malta","status":"publish","type":"page","link":"https:\/\/holidayvillasmalta.com\/no\/about\/malta","title":{"rendered":"Om Malta"},"content":{"rendered":"\n<div class=\"wp-block-columns is-layout-flex wp-container-core-columns-is-layout-1 wp-block-columns-is-layout-flex\">\n<div class=\"wp-block-column is-layout-flow wp-block-column-is-layout-flow\">\n<p>Det er s\u00e5 mange grunner Hvorfor man kan fly til Malta, og tilbringe en god uke her. Hvis du er en historie buff, kan dette sies \u00e5 v\u00e6re stedet \u00e5 bes\u00f8ke. Det er slott, alle slags festningsverk, palasser, kirker og rike kunstneriske arven som har gjort Malta en av disse Middelhavet \u00f8yer med s\u00e5 mye \u00e5 beundre. Hvis man er avhengig av milit\u00e6r historie, er det \u00e5 bli bes\u00f8kt km av festningsanlegg fra tidlig bronsealder ned til andre verdenskrig, milit\u00e6re og luftfart museer og selv World War Two rock-kutt Le.<\/p>\n\n\n\n<p>Malta har ogs\u00e5 blitt beskrevet som en arkeologisk paradis, med sin unike forhistoriske gjenst\u00e5r. Dette regnes som de eldste frittst\u00e5ende bygningene i verden, og de er imponerende.<\/p>\n\n\n\n<p>Hvis du er interessert i den rike kulturarven, s\u00e5 er det muligheten til \u00e5 fordype seg i mylderet av tradisjonelle aktivitetene. Er det en av nasjonale festlighetene som arrangeres gjennom hele \u00e5ret, de historiske re-enactments med en rekke historiske hendelser, i tillegg til de religi\u00f8se festivalene, er en bortskjemt for valg. De religi\u00f8se festivalene gir en f\u00f8lelse av autentisitet, som disse ikke spilles for turister, men heller de er den viktigste \u00e5rlige begivenheten av lokaliteten, organisert av lokalbefolkningen for sin egen nytelse.<\/p>\n\n\n\n<p>Hvorfor Malta, hvis ikke for klare, bl\u00e5 hav og himmel og milde v\u00e6ret som er \u00e5 finne. Havet er et stadig innbydende sted \u00e5 utforske, slappe av eller \u00e5 praksis dykking. V\u00e6ret er perfekt for vinterferie der en kan utforske landet med sine baner, smale passasjer, sm\u00e5 felt, karakteristiske bondeg\u00e5rder og andre landsbygda arkitektoniske arv. Det er rett tid til \u00e5 bes\u00f8ke de ulike sm\u00e5 landsbyene, med sine moderne hus, men med en middelaldersk bykjerne.<\/p>\n\n\n\n<p>Malta er stedet hvor man kan ha en god avslappende ferie, nyter noen form for aktivitet som kan tenkes, og avslutte dagen med god mat. Enten kan man nyte de gastronomiske herlighetene av forskjellige matretter fra hele verden. Likevel er det ogs\u00e5 fristelsen til \u00e5 smake lokal mat, med mange restauranter over hele \u00f8ya som gir en god avtale. Fisk er en spesialitet, og man kan ikke g\u00e5 galt med en tallerken med fersk fisk. Lokal mat er ikke begrenset til m\u00e5ltider, men mange sm\u00e5 butikker gir en mulighet til \u00e5 smake noen virkelig god maltesiske delikatesser-pastizzi, imqaret og mange andre.<\/p>\n\n\n\n<p>Hvorfor Malta? Fordi det er stedet \u00e5 bes\u00f8ke for \u00e5 slappe av og nyte.<\/p>\n<\/div>\n<\/div>\n","protected":false},"excerpt":{"rendered":"<p>Det er s\u00e5 mange grunner Hvorfor man kan fly til Malta, og tilbringe en god uke her. Hvis du er en historie buff, kan dette sies \u00e5 v\u00e6re stedet \u00e5 bes\u00f8ke. Det er slott, alle slags festningsverk, palasser, kirker og rike kunstneriske arven som har gjort Malta en av disse Middelhavet \u00f8yer med s\u00e5 mye<\/p>\n","protected":false},"author":1,"featured_media":0,"parent":2731,"menu_order":0,"comment_status":"closed","ping_status":"closed","template":"","meta":{"inline_featured_image":false,"footnotes":""},"_links":{"self":[{"href":"https:\/\/holidayvillasmalta.com\/no\/wp-json\/wp\/v2\/pages\/2720"}],"collection":[{"href":"https:\/\/holidayvillasmalta.com\/no\/wp-json\/wp\/v2\/pages"}],"about":[{"href":"https:\/\/holidayvillasmalta.com\/no\/wp-json\/wp\/v2\/types\/page"}],"author":[{"embeddable":true,"href":"https:\/\/holidayvillasmalta.com\/no\/wp-json\/wp\/v2\/users\/1"}],"replies":[{"embeddable":true,"href":"https:\/\/holidayvillasmalta.com\/no\/wp-json\/wp\/v2\/comments?post=2720"}],"version-history":[{"count":1,"href":"https:\/\/holidayvillasmalta.com\/no\/wp-json\/wp\/v2\/pages\/2720\/revisions"}],"predecessor-version":[{"id":2743,"href":"https:\/\/holidayvillasmalta.com\/no\/wp-json\/wp\/v2\/pages\/2720\/revisions\/2743"}],"up":[{"embeddable":true,"href":"https:\/\/holidayvillasmalta.com\/no\/wp-json\/wp\/v2\/pages\/2731"}],"wp:attachment":[{"href":"https:\/\/holidayvillasmalta.com\/no\/wp-json\/wp\/v2\/media?parent=2720"}],"curies":[{"name":"wp","href":"https:\/\/api.w.org\/{rel}","templated":true}]}}