{"id":2772,"date":"2023-06-29T20:28:30","date_gmt":"2023-06-29T19:28:30","guid":{"rendered":"https:\/\/holidayvillasmalta.com\/terms-conditions"},"modified":"2023-08-10T18:23:49","modified_gmt":"2023-08-10T17:23:49","slug":"terms-conditions","status":"publish","type":"page","link":"https:\/\/holidayvillasmalta.com\/it\/terms-conditions","title":{"rendered":"Condizioni &#038; Termini"},"content":{"rendered":"\n<div class=\"wp-block-columns is-layout-flex wp-container-core-columns-is-layout-1 wp-block-columns-is-layout-flex\">\n<div class=\"wp-block-column is-layout-flow wp-block-column-is-layout-flow\">\n<p>Si prega di leggere attentamente i seguenti termini e condizioni prima di effettuare la prenotazione. Se avete qualunque domande, non esitate a contattarci utilizzando il modulo a destra o attraverso&nbsp;<a href=\"https:\/\/holidayvillasmalta.com\/contact\">contattaci<\/a>.<\/p>\n\n\n\n<ol><li>Il soggiorno minimo varia da 2 a 5 notti a seconda della villa e del mese.<\/li><li>Non sono consentiti i check in la domenica<\/li><li>25% Deposito \u00e8 richiesto per garantire la prenotazione, Caparra del 100% per prenotazioni inferiori a 60 giorni.<\/li><li>Completa liquidazione del saldo residuo deve essere fatta 60 giorni prima della data di arrivo.<\/li><li>Le cancellazioni sono accettate solo prima di 60 giorni e perderai il tuo deposito.<\/li><li>I danni alla propriet\u00e0 e al contenuto sono di esclusiva responsabilit\u00e0 dell&#8217;inquilino. Un inventario degli articoli \u00e8 accessibile in loco. Un deposito contro i danni di \u20ac 500 dovr\u00e0 essere lasciato al proprietario al momento del check-in tramite Revolut o altrimenti tramite bonifico bancario prima dell&#8217;arrivo. Questi saranno rimborsati entro 5 giorni se non si verificano danni alla propriet\u00e0. Un inventario di oggetti e mobili nella villa pu\u00f2 essere trovato in ogni villa.<\/li><li>Il check in \u00e8 rigorosamente dalle 15:00 \u2013 Il check in anticipato \u00e8 soggetto a disponibilit\u00e0.<\/li><li>L&#8217;orario di check out \u00e8 rigorosamente entro le 09:30 \u2013 Il check out posticipato \u00e8 soggetto a disponibilit\u00e0 e verranno applicati costi aggiuntivi.<\/li><li>IVA al 7% \u00e8 inclusa nei nostri prezzi.<\/li><li>Si applicano costi aggiuntivi quando si paga tramite PayPal poich\u00e9 le nostre tariffe sono nette.<\/li><li>L&#8217;aria condizionata (raffreddamento e riscaldamento) a Villa Watersedge pu\u00f2 essere aggiunta a \u20ac 20 a notte mentre in tutte le altre ville per mezzo di una macchina a pagamento \/ uso con \u20ac 10 al giorno gratuitamente.<\/li><li>WIFI \u00e8 gratuito.<\/li><li>Le ville sono pet friendly (Massimo un animale per villa) &#8211; Si applica una tariffa per animali domestici di 75 \u20ac.<\/li><li>Nelle ville non si tengono feste\/discoteche e non \u00e8 consentita la musica ad alto volume poich\u00e9 le ville si trovano accanto a propriet\u00e0 di terzi. Deve essere superata salvo approvazione da parte del proprietario delle ville e non parti\/discoteca pu\u00f2 essere tenuto nelle ville. Vengono effettuate ispezioni casuali per verificare che il numero di ospiti nella villa sia come da prenotazione. In caso di violazione di questa condizione dovr\u00e0 essere sgomberato immediatamente la villa e i pagamenti verranno persi.<\/li><li>\u00c8 vietato fumare all&#8217;interno ed \u00e8 consentito solo all&#8217;esterno nelle aree della piscina e della terrazza.<\/li><li>Eventuali creme solari o oli abbronzanti devono essere rimossi prima di utilizzare la piscina in quanto renderebbero la piscina sporca e torbida. Gli animali non sono ammessi in piscina.<\/li><li>La villa deve essere lasciata il pi\u00f9 pulita possibile; l&#8217;eccessiva sporcizia comporter\u00e0 una penale di \u20ac75 che verr\u00e0 trattenuta dal deposito cauzionale. Pulizia extra, tra cui cambio biancheria \u00e8 a pagamento secondo le tariffe indicate sul modulo di prenotazione. I rifiuti devono essere portati all&#8217;esterno secondo gli orari giornalieri presenti nella villa. Le seguenti sanzioni sono applicabili e saranno tratte dal deposito cauzionale:<ul><li>300\u20ac \u2013 Se gli ospiti fumano all&#8217;interno.<\/li><li>150 \u20ac \u2013 Se gli animali nuotano in piscina\/Crema solare o oli abbronzanti in piscina.<\/li><li>75 \u20ac \u2013 Eccessivo sporco incl. peli\/sporcizia di animali domestici; la villa deve essere lasciata il pi\u00f9 pulita possibile e le stoviglie\/posate devono essere lavate senza avanzi di cibo.<\/li><\/ul><\/li><li>Eventuali oggetti rotti compresi bicchieri e piatti dovranno essere pagati dal deposito cauzionale come da libretto di inventario trovato nella villa.<\/li><li>Ci riserviamo il diritto di non accettare qualsiasi prenotazione senza dover specificare il motivo per l&#8217;inquilino.<\/li><li>Utenti mettendo loro prenotazione tramite www.holidayvillasmalta.com sono d&#8217;accordo che loro dettagli personali e contatti sono archiviati in modo confidenziale per future comunicazioni tra cui scopi promozionali.<\/li><li>Le terrazze sul tetto non sono accessibili a causa delle norme in materia di salute e sicurezza.<\/li><li>Ai sensi dei Regolamenti generali sulla protezione dei dati (Regolamento UE 2016\/679 del Parlamento Europeo) (&#8220;GDPR&#8221;), la Societ\u00e0 \u00e8 obbligata a ricevere e trattare i dati personali con la massima riservatezza e in linea con i requisiti del GDPR. L&#8217;interessato ha determinati diritti inerenti al GDPR e, a tal fine, la Societ\u00e0 dispone di una politica interna sulla protezione dei dati che \u00e8 stata progettata per soddisfare i requisiti di GDPR. \u00c8 possibile richiedere una copia della politica di protezione dei dati inviando un&#8217;e-mail a&nbsp;<a href=\"mailto:info@holidayvillasmalta.com\">info@holidayvillasmalta.com<\/a><\/li><\/ol>\n<\/div>\n<\/div>\n","protected":false},"excerpt":{"rendered":"<p>Si prega di leggere attentamente i seguenti termini e condizioni prima di effettuare la prenotazione. Se avete qualunque domande, non esitate a contattarci utilizzando il modulo a destra o attraverso&nbsp;contattaci. Il soggiorno minimo varia da 2 a 5 notti a seconda della villa e del mese. Non sono consentiti i check in la domenica 25%<\/p>\n","protected":false},"author":1,"featured_media":0,"parent":0,"menu_order":0,"comment_status":"closed","ping_status":"closed","template":"","meta":{"inline_featured_image":false,"footnotes":""},"_links":{"self":[{"href":"https:\/\/holidayvillasmalta.com\/it\/wp-json\/wp\/v2\/pages\/2772"}],"collection":[{"href":"https:\/\/holidayvillasmalta.com\/it\/wp-json\/wp\/v2\/pages"}],"about":[{"href":"https:\/\/holidayvillasmalta.com\/it\/wp-json\/wp\/v2\/types\/page"}],"author":[{"embeddable":true,"href":"https:\/\/holidayvillasmalta.com\/it\/wp-json\/wp\/v2\/users\/1"}],"replies":[{"embeddable":true,"href":"https:\/\/holidayvillasmalta.com\/it\/wp-json\/wp\/v2\/comments?post=2772"}],"version-history":[{"count":1,"href":"https:\/\/holidayvillasmalta.com\/it\/wp-json\/wp\/v2\/pages\/2772\/revisions"}],"predecessor-version":[{"id":2777,"href":"https:\/\/holidayvillasmalta.com\/it\/wp-json\/wp\/v2\/pages\/2772\/revisions\/2777"}],"wp:attachment":[{"href":"https:\/\/holidayvillasmalta.com\/it\/wp-json\/wp\/v2\/media?parent=2772"}],"curies":[{"name":"wp","href":"https:\/\/api.w.org\/{rel}","templated":true}]}}