{"id":2752,"date":"2023-06-29T20:10:21","date_gmt":"2023-06-29T19:10:21","guid":{"rendered":"https:\/\/holidayvillasmalta.com\/about\/marsascala"},"modified":"2023-08-10T18:17:04","modified_gmt":"2023-08-10T17:17:04","slug":"marsascala","status":"publish","type":"page","link":"https:\/\/holidayvillasmalta.com\/it\/about\/marsascala","title":{"rendered":"Info Su Marsascala"},"content":{"rendered":"\n<div class=\"wp-block-columns is-layout-flex wp-container-core-columns-is-layout-1 wp-block-columns-is-layout-flex\">\n<div class=\"wp-block-column is-layout-flow wp-block-column-is-layout-flow\">\n<p>Marsascala vi offre un&#8217;atmosfera rilassata mentre ancora vanta una miriade di attivit\u00e0. L&#8217;area comprende una serie di ben noti ristoranti e locali di intrattenimento. Si tratti di uno spuntino veloce o un banchetto di pesce piena soffiato, \u00e8 solo una breve distanza in auto. Si pu\u00f2 camminare lungo il pittoresco lungomare mentre sulla strada per cena e per conoscere la gente del posto che sar\u00e0 senza dubbio proveniente da o andare ai ristoranti stessi. Una passeggiata serale o un lavoro di prima mattina lungo il promenade di Marsascala popolare \u00e8 un&#8217;esperienza in s\u00e9.<\/p>\n\n\n\n<p>Marsascala \u00e8 anche molto vicino alla citt\u00e0 vecchia di Zeitun, che \u00e8 un tipico villaggio Maltese che circondano una chiesa. A Torino si pu\u00f2 vivere veramente il modo di vivere Maltese. Il ben noto villaggio di pescatori di Marsaxlokk si trova anche nelle vicinanze. Come Marsacala, questo villaggio \u00e8 molto ricercato per i suoi ristoranti di pesce. Marsaxlokk \u00e8 molto popolare con i turisti e i residenti locali per il suo mercato del pesce fresco che \u00e8 impostato su ogni mattina. Si dovrebbe riservare una mattina per una passeggiata attraverso questo mercato occupato e godere vedendo venduto pesce fresco del Mediterraneo e poi ordine un pesce pranzo in uno dei numerosi ristoranti che circondano la baia pittoresca. La baia \u00e8 solitamente piena di barche da pesca tradizionali maltesi a meno che non si visita durante un tempo quando i pescatori sono fuori pesca ovviamente!<\/p>\n\n\n\n<p>Cinque dei nostre sei ville sono strategicamente situati tra Marsascala, Zeitun e Marsaxlokk si offrendo cos\u00ec la serenit\u00e0 della campagna pur essendo a due passi i centri citt\u00e0. Rivari Santorini Villa come suggerisce il nome si trova letteralmente su una spiaggia rocciosa incontaminata in Marsascala. Marsascala \u00e8 anche molto popolare per le sue spiagge. L&#8217;area comprende rocciose e spiagge di sabbia a pochi minuti a piedi uno da altro. Sulla spiaggia si avr\u00e0 davvero l&#8217;opportunit\u00e0 di incontrare la gente del posto come le spiagge sono di solito molto occupate durante i caldi mesi estivi. Subacquea \u00e8 uno sport molto popolare a Malta e ci sono oltre 7000 qualifica subacquei e numerose scuole di immersione. In Marsascala \u00e8 molto facile impostare un tuffo assaggiatore o noleggiare attrezzature se siete un subacqueo qualificato dal diving club locali.<\/p>\n\n\n\n<p>Trasporto \u00e8 catering per il nuovo sistema bus Arriva, auto e autista autonoleggio e servizio taxi. Fermate degli autobus si trovano a mezzo chilometro da altro e gli autobus sono molto frequenti. Sistemi GPS sono ovviamente consigliati perch\u00e9 anche se Malta \u00e8 un piccolo paese, c&#8217;\u00e8 sicuramente molto da vedere e da fare. Le zone di vita notturna Maltese di Paceville, Sliema e Bugibba sono pochi minuti di auto da Marsascala.<\/p>\n<\/div>\n<\/div>\n","protected":false},"excerpt":{"rendered":"<p>Marsascala vi offre un&#8217;atmosfera rilassata mentre ancora vanta una miriade di attivit\u00e0. L&#8217;area comprende una serie di ben noti ristoranti e locali di intrattenimento. Si tratti di uno spuntino veloce o un banchetto di pesce piena soffiato, \u00e8 solo una breve distanza in auto. Si pu\u00f2 camminare lungo il pittoresco lungomare mentre sulla strada per<\/p>\n","protected":false},"author":1,"featured_media":0,"parent":2730,"menu_order":0,"comment_status":"closed","ping_status":"closed","template":"","meta":{"inline_featured_image":false,"footnotes":""},"_links":{"self":[{"href":"https:\/\/holidayvillasmalta.com\/it\/wp-json\/wp\/v2\/pages\/2752"}],"collection":[{"href":"https:\/\/holidayvillasmalta.com\/it\/wp-json\/wp\/v2\/pages"}],"about":[{"href":"https:\/\/holidayvillasmalta.com\/it\/wp-json\/wp\/v2\/types\/page"}],"author":[{"embeddable":true,"href":"https:\/\/holidayvillasmalta.com\/it\/wp-json\/wp\/v2\/users\/1"}],"replies":[{"embeddable":true,"href":"https:\/\/holidayvillasmalta.com\/it\/wp-json\/wp\/v2\/comments?post=2752"}],"version-history":[{"count":1,"href":"https:\/\/holidayvillasmalta.com\/it\/wp-json\/wp\/v2\/pages\/2752\/revisions"}],"predecessor-version":[{"id":2757,"href":"https:\/\/holidayvillasmalta.com\/it\/wp-json\/wp\/v2\/pages\/2752\/revisions\/2757"}],"up":[{"embeddable":true,"href":"https:\/\/holidayvillasmalta.com\/it\/wp-json\/wp\/v2\/pages\/2730"}],"wp:attachment":[{"href":"https:\/\/holidayvillasmalta.com\/it\/wp-json\/wp\/v2\/media?parent=2752"}],"curies":[{"name":"wp","href":"https:\/\/api.w.org\/{rel}","templated":true}]}}