{"id":2730,"date":"2023-06-03T16:25:17","date_gmt":"2023-06-03T15:25:17","guid":{"rendered":"https:\/\/holidayvillasmalta.com\/about"},"modified":"2023-09-11T17:29:55","modified_gmt":"2023-09-11T16:29:55","slug":"about","status":"publish","type":"page","link":"https:\/\/holidayvillasmalta.com\/it\/about","title":{"rendered":"Chi Siamo"},"content":{"rendered":"\n<div class=\"wp-block-columns are-vertically-aligned-center is-layout-flex wp-container-core-columns-is-layout-1 wp-block-columns-is-layout-flex\">\n<div class=\"wp-block-column is-vertically-aligned-center is-layout-flow wp-block-column-is-layout-flow\">\n<p>Holiday Villas Malta \u00e8 un impresa a conduzione familiare e ci sforziamo di fornire un alloggio che \u00e8 unico, tipico dell&#8217;ospitalit\u00e0 ed il calore Maltese e soprattutto degli standard molto elevati. Prendiamo cura personale nel garantire che le nostre ville offrono tutte le dotazioni previsti e gestire personalmente i problemi di inquilino.<\/p>\n\n\n\n<p>Le ville dove progettato e costruito dal proprietario, Chris Cachia, architetto di professione, con un occhio attento per estetica dettaglio cos\u00ec come un&#8217;esperienza in architettura Maltese. Chris ha assicurato che le ville conservano lo stile locale nella progettazione sia i materiali da costruzione autentica utilizzati. Essi sono tutti costruiti a standard elevati, con ampie camere e ampi spazi aperti. Chris ha dato particolare attenzione alla luce naturale e ventilazione per garantire che l&#8217;occupante gode del sole Maltese anche quando in casa.<\/p>\n\n\n\n<p>Sig. ra Josette Cachia, moglie del proprietario gestisce le query client e gestisce l&#8217;esecuzione di giorno per giorno delle ville che comprende la gestione di un team di idraulici, elettricisti, addetti alla manutenzione piscina, pulitori e cos\u00ec via. Casa di Cachia \u00e8 molto vicino a delle ville e sono sempre disposti ad aiutare.<\/p>\n<\/div>\n\n\n\n<div class=\"wp-block-column is-vertically-aligned-center is-layout-flow wp-block-column-is-layout-flow\"><div class=\"wp-block-image\">\n<figure class=\"aligncenter size-full\"><img loading=\"lazy\" decoding=\"async\" width=\"372\" height=\"297\" src=\"https:\/\/holidayvillasmalta.com\/app\/uploads\/2023\/06\/Holiday-Villas-Malta-Team.jpg\" alt=\"\" class=\"wp-image-317\" srcset=\"https:\/\/holidayvillasmalta.com\/app\/uploads\/2023\/06\/Holiday-Villas-Malta-Team.jpg 372w, https:\/\/holidayvillasmalta.com\/app\/uploads\/2023\/06\/Holiday-Villas-Malta-Team-300x240.jpg 300w\" sizes=\"(max-width: 372px) 100vw, 372px\" \/><\/figure><\/div><\/div>\n<\/div>\n","protected":false},"excerpt":{"rendered":"<p>Holiday Villas Malta \u00e8 un impresa a conduzione familiare e ci sforziamo di fornire un alloggio che \u00e8 unico, tipico dell&#8217;ospitalit\u00e0 ed il calore Maltese e soprattutto degli standard molto elevati. Prendiamo cura personale nel garantire che le nostre ville offrono tutte le dotazioni previsti e gestire personalmente i problemi di inquilino. Le ville dove<\/p>\n","protected":false},"author":1,"featured_media":0,"parent":0,"menu_order":0,"comment_status":"closed","ping_status":"open","template":"","meta":{"inline_featured_image":false,"footnotes":""},"_links":{"self":[{"href":"https:\/\/holidayvillasmalta.com\/it\/wp-json\/wp\/v2\/pages\/2730"}],"collection":[{"href":"https:\/\/holidayvillasmalta.com\/it\/wp-json\/wp\/v2\/pages"}],"about":[{"href":"https:\/\/holidayvillasmalta.com\/it\/wp-json\/wp\/v2\/types\/page"}],"author":[{"embeddable":true,"href":"https:\/\/holidayvillasmalta.com\/it\/wp-json\/wp\/v2\/users\/1"}],"replies":[{"embeddable":true,"href":"https:\/\/holidayvillasmalta.com\/it\/wp-json\/wp\/v2\/comments?post=2730"}],"version-history":[{"count":2,"href":"https:\/\/holidayvillasmalta.com\/it\/wp-json\/wp\/v2\/pages\/2730\/revisions"}],"predecessor-version":[{"id":3039,"href":"https:\/\/holidayvillasmalta.com\/it\/wp-json\/wp\/v2\/pages\/2730\/revisions\/3039"}],"wp:attachment":[{"href":"https:\/\/holidayvillasmalta.com\/it\/wp-json\/wp\/v2\/media?parent=2730"}],"curies":[{"name":"wp","href":"https:\/\/api.w.org\/{rel}","templated":true}]}}