{"id":2719,"date":"2023-06-29T20:10:55","date_gmt":"2023-06-29T19:10:55","guid":{"rendered":"https:\/\/holidayvillasmalta.com\/malta"},"modified":"2023-08-10T18:07:15","modified_gmt":"2023-08-10T17:07:15","slug":"malta","status":"publish","type":"page","link":"https:\/\/holidayvillasmalta.com\/it\/about\/malta","title":{"rendered":"Info Su Malta"},"content":{"rendered":"\n<div class=\"wp-block-columns is-layout-flex wp-container-core-columns-is-layout-1 wp-block-columns-is-layout-flex\">\n<div class=\"wp-block-column is-layout-flow wp-block-column-is-layout-flow\">\n<p>Ci sono tanti motivi perch\u00e9 si pu\u00f2 volare a Malta e trascorrere una buona settimana qui. Se sei un appassionato di storia, questo si pu\u00f2 dire di essere il luogo da visitare. Ci sono castelli, tutti i tipi di fortificazioni, palazzi, chiese e ricco patrimonio artistico che hanno reso Malta una di quelle isole del Mediterraneo con cos\u00ec tanto da ammirare. Se uno \u00e8 assuefatto alla storia militare, ci sono da visitare i chilometri di fortificazioni dall&#8217;et\u00e0 del bronzo fino alla seconda guerra mondiale, militare e musei dell&#8217;aviazione e anche la seconda guerra mondiale due rifugi scavati nella roccia.<\/p>\n\n\n\n<p>Malta \u00e8 stata anche descritta come un paradiso archeologico, con i suoi unici resti preistorici. Questi sono considerati come i pi\u00f9 antichi edifici di free standing in tutto il mondo, e sono impressionanti.<\/p>\n\n\n\n<p>Se vi interessa il ricco patrimonio cultura, poi c&#8217;\u00e8 la possibilit\u00e0 di immergersi in una miriade di attivit\u00e0 tradizionali. Essendo esso uno dei festeggiamenti nazionali che si svolgono durante tutto l&#8217;anno, le rievocazioni storiche con una variet\u00e0 di eventi storici, come pure le feste religiose, uno \u00e8 l&#8217;imbarazzo della scelta. Le feste religiose danno una sensazione di autenticit\u00e0, come queste non vengono riprodotti per il turista, ma piuttosto sono il principale evento annuale della localit\u00e0, organizzato dalla gente del posto per il proprio divertimento.<\/p>\n\n\n\n<p>Perch\u00e9 Malta, se non per il mare limpido e azzurri e cieli e un clima mite che si trova. Il mare \u00e8 un posto invitante mai di esplorare, rilassarsi o anche alla pratica subacquea. Il clima \u00e8 perfetto per la vacanza invernale durante il quale uno pu\u00f2 esplorare la campagna con i suoi vicoli, passaggi stretti, piccoli campi, caratteristici Agriturismi e altri beni architettonici di campagna. \u00c8 il momento giusto per visitare i vari piccoli villaggi, con le loro case moderne, ma con un nucleo medievale.<\/p>\n\n\n\n<p>Malta \u00e8 il luogo dove uno pu\u00f2 avere una buona vacanza, godendo di ogni tipo di attivit\u00e0 che pu\u00f2 essere immaginato e concludere la giornata con buon cibo. Uno pu\u00f2 gustare le delizie gastronomiche di diverse cucine da tutto il mondo. Eppure, c&#8217;\u00e8 anche la tentazione di assaggiare la cucina locale, con numerosi ristoranti in tutta l&#8217;isola che forniscono un buon affare. Il pesce \u00e8 una specialit\u00e0 e uno non pu\u00f2 andare male con un piatto di pesce fresco. Cibo locale non \u00e8 limitato ai pasti, ma un sacco di piccoli negozi offrono uno con possibilit\u00e0 di degustazione di alcune prelibatezze Maltese vero bene \u2013 i pastizzi, imqaret e molti altri.<\/p>\n\n\n\n<p>Perch\u00e9 Malta? Perch\u00e9 \u00e8 il luogo da visitare, per rilassarsi e godere.<\/p>\n<\/div>\n<\/div>\n","protected":false},"excerpt":{"rendered":"<p>Ci sono tanti motivi perch\u00e9 si pu\u00f2 volare a Malta e trascorrere una buona settimana qui. Se sei un appassionato di storia, questo si pu\u00f2 dire di essere il luogo da visitare. Ci sono castelli, tutti i tipi di fortificazioni, palazzi, chiese e ricco patrimonio artistico che hanno reso Malta una di quelle isole del<\/p>\n","protected":false},"author":1,"featured_media":0,"parent":2730,"menu_order":0,"comment_status":"closed","ping_status":"closed","template":"","meta":{"inline_featured_image":false,"footnotes":""},"_links":{"self":[{"href":"https:\/\/holidayvillasmalta.com\/it\/wp-json\/wp\/v2\/pages\/2719"}],"collection":[{"href":"https:\/\/holidayvillasmalta.com\/it\/wp-json\/wp\/v2\/pages"}],"about":[{"href":"https:\/\/holidayvillasmalta.com\/it\/wp-json\/wp\/v2\/types\/page"}],"author":[{"embeddable":true,"href":"https:\/\/holidayvillasmalta.com\/it\/wp-json\/wp\/v2\/users\/1"}],"replies":[{"embeddable":true,"href":"https:\/\/holidayvillasmalta.com\/it\/wp-json\/wp\/v2\/comments?post=2719"}],"version-history":[{"count":1,"href":"https:\/\/holidayvillasmalta.com\/it\/wp-json\/wp\/v2\/pages\/2719\/revisions"}],"predecessor-version":[{"id":2724,"href":"https:\/\/holidayvillasmalta.com\/it\/wp-json\/wp\/v2\/pages\/2719\/revisions\/2724"}],"up":[{"embeddable":true,"href":"https:\/\/holidayvillasmalta.com\/it\/wp-json\/wp\/v2\/pages\/2730"}],"wp:attachment":[{"href":"https:\/\/holidayvillasmalta.com\/it\/wp-json\/wp\/v2\/media?parent=2719"}],"curies":[{"name":"wp","href":"https:\/\/api.w.org\/{rel}","templated":true}]}}