{"id":2770,"date":"2023-06-29T20:28:30","date_gmt":"2023-06-29T19:28:30","guid":{"rendered":"https:\/\/holidayvillasmalta.com\/terms-conditions"},"modified":"2023-08-10T18:24:26","modified_gmt":"2023-08-10T17:24:26","slug":"terms-conditions","status":"publish","type":"page","link":"https:\/\/holidayvillasmalta.com\/fr\/terms-conditions","title":{"rendered":"Conditions"},"content":{"rendered":"\n<div class=\"wp-block-columns is-layout-flex wp-container-core-columns-is-layout-1 wp-block-columns-is-layout-flex\">\n<div class=\"wp-block-column is-layout-flow wp-block-column-is-layout-flow\">\n<p>Veuillez lire attentivement les conditions suivantes avant d&#8217;effectuer votre r\u00e9servation. Si vous avez des questions, n&#8217;h\u00e9sitez pas \u00e0 nous contacter en utilisant le formulaire.&nbsp;<a href=\"https:\/\/holidayvillasmalta.com\/contact\">contactez-nous<\/a>.<\/p>\n\n\n\n<ol><li>Le s\u00e9jour minimum varie de 2 \u00e0 5 nuits selon la villa et le mois.<\/li><li>Les enregistrements le dimanche ne sont pas autoris\u00e9s<\/li><li>25 % de d\u00e9p\u00f4t est requis pour garantir une r\u00e9servation, 100% d&#8217;acompte pour les r\u00e9servations de moins de 60 jours.<\/li><li>Le r\u00e8glement int\u00e9gral du solde restant doit \u00eatre fait 60 jours avant la date d&#8217;arriv\u00e9e.<\/li><li>Les annulations sont accept\u00e9es uniquement 60 jours avant et vous perdez votre d\u00e9p\u00f4t.<\/li><li>Les dommages \u00e0 la propri\u00e9t\u00e9 et au contenu sont de la seule responsabilit\u00e9 du locataire. Un inventaire des articles est accessible sur place. Une caution de 500 \u20ac devra \u00eatre laiss\u00e9e au propri\u00e9taire lors de l&#8217;enregistrement par Revolut ou sinon par virement bancaire avant l&#8217;arriv\u00e9e. Ceux-ci seront rembours\u00e9s dans les 5 jours si aucun dommage \u00e0 la propri\u00e9t\u00e9 n&#8217;est encouru. Un inventaire des articles et des meubles de la villa se trouve dans chaque villa.<\/li><li>L&#8217;heure d&#8217;arriv\u00e9e est strictement \u00e0 partir de 15h00 &#8211; L&#8217;enregistrement anticip\u00e9 est soumis \u00e0 disponibilit\u00e9.<\/li><li>L&#8217;heure de d\u00e9part est strictement \u00e0 9h30 &#8211; Le d\u00e9part tardif est soumis \u00e0 disponibilit\u00e9 et des frais suppl\u00e9mentaires s&#8217;appliqueront.<\/li><li>La TVA \u00e0 7 % est incluse dans nos prix.<\/li><li>Des frais suppl\u00e9mentaires s&#8217;appliquent lors du paiement via PayPal car nos frais sont nets.<\/li><li>La climatisation (refroidissement et chauffage) dans la villa Watersedge peut \u00eatre ajout\u00e9e pour 20 \u20ac par nuit, tandis qu&#8217;elle est disponible dans les autres villas au moyen d&#8217;une machine de paiement\/utilisation, avec 10 \u20ac par jour fournis gratuitement.<\/li><li>Le WiFi est gratuit.<\/li><li>Les villas acceptent les animaux domestiques (Max. un animal par villa) &#8211; 75 \u20ac pour les animaux de compagnie s&#8217;applique.<\/li><li>Aucune f\u00eate\/discoth\u00e8que n&#8217;est organis\u00e9e dans les villas et aucune musique forte n&#8217;est autoris\u00e9e car les villas sont situ\u00e9es \u00e0 c\u00f4t\u00e9 de propri\u00e9t\u00e9s tierces. Le nombre maximal de personnes r\u00e9serv\u00e9 ne doit ne pas \u00eatre d\u00e9pass\u00e9 sauf si cela est approuv\u00e9 par le propri\u00e9taire des villas. Des inspections al\u00e9atoires sont effectu\u00e9es pour v\u00e9rifier que le nombre d&#8217;invit\u00e9s \u00e0 la villa correspond \u00e0 la r\u00e9servation. En cas de violation de cette condition, la villa devra \u00eatre lib\u00e9r\u00e9 imm\u00e9diatement et tous les paiements seront perdus.<\/li><li>Il est interdit de fumer \u00e0 l&#8217;int\u00e9rieur et n&#8217;est autoris\u00e9 qu&#8217;\u00e0 l&#8217;ext\u00e9rieur dans les zones de la piscine et de la terrasse uniquement.<\/li><li>Les cr\u00e8mes solaires ou les huiles de bronzage doivent \u00eatre retir\u00e9es avant d&#8217;utiliser la piscine car elles rendront la piscine sale et trouble. Les animaux ne sont pas admis dans la piscine.<\/li><li>La villa doit \u00eatre laiss\u00e9e aussi nettoy\u00e9e que possible ; une salet\u00e9 excessive entra\u00eenera des frais de 75 \u20ac qui seront pr\u00e9lev\u00e9s sur la caution. Le nettoyage suppl\u00e9mentaire, y compris le changement du linge est factur\u00e9 en suppl\u00e9ment aux taux indiqu\u00e9s sur le formulaire de r\u00e9servation. Les ordures doivent \u00eatre sorties \u00e0 l&#8217;ext\u00e9rieur selon l&#8217;horaire quotidien trouv\u00e9 dans la villa. Les amendes suivantes sont applicables et seront d\u00e9duites de la caution :<ul><li>300 \u20ac \u2013 Si les clients fument \u00e0 l&#8217;int\u00e9rieur.<\/li><li>150 \u20ac \u2013 Si les animaux nagent dans la piscine\/Cr\u00e8me solaire ou huiles de bronzage trouv\u00e9es dans la piscine.<\/li><li>75 \u20ac \u2013 Salet\u00e9 excessive incl. poils\/salet\u00e9s d&#8217;animaux de compagnie ; la villa doit \u00eatre laiss\u00e9e aussi propre que possible et la vaisselle\/couverts doit \u00eatre lav\u00e9e sans restes de nourriture.<\/li><\/ul><\/li><li>Tous les objets cass\u00e9s, y compris la verrerie et les assiettes, devront \u00eatre pay\u00e9s \u00e0 partir de la caution conform\u00e9ment au livret d&#8217;inventaire trouv\u00e9 dans la villa.<\/li><li>Nous nous r\u00e9servons le droit de ne pas accepter toute r\u00e9servation sans avoir \u00e0 sp\u00e9cifier une raison au locataire.<\/li><li>Users placing their booking via www.holidayvillasmalta.com agree that their personal and contact details are stored confidentially for future communication including promotional purposes.<\/li><li>Les toits-terrasses ne sont pas accessibles en raison des r\u00e9glementations en mati\u00e8re de sant\u00e9 et de s\u00e9curit\u00e9.<\/li><li>En vertu du R\u00e8glement G\u00e9n\u00e9ral sur la Protection des Donn\u00e9es (R\u00e8glement UE 2016\/679 du Parlement Europ\u00e9en) (\u00abRGDP\u00bb), la compagnie est tenue de recevoir et de traiter les donn\u00e9es personnelles en toute confidentialit\u00e9 et en conformit\u00e9 avec les exigences du RGPD. La personne concern\u00e9e a certains droits inh\u00e9rents au RGDP et \u00e0 cet effet, la compagie a mis en place une politique interne de protection des donn\u00e9es qui a \u00e9t\u00e9 con\u00e7ue pour r\u00e9pondre aux exigences du RGDP. Une copie de la politique de protection des donn\u00e9es peut \u00eatre demand\u00e9e en envoyant un email \u00e0&nbsp;<a href=\"mailto:info@holidayvillasmalta.com\">info@holidayvillasmalta.com<\/a><\/li><\/ol>\n<\/div>\n<\/div>\n","protected":false},"excerpt":{"rendered":"<p>Veuillez lire attentivement les conditions suivantes avant d&#8217;effectuer votre r\u00e9servation. Si vous avez des questions, n&#8217;h\u00e9sitez pas \u00e0 nous contacter en utilisant le formulaire.&nbsp;contactez-nous. Le s\u00e9jour minimum varie de 2 \u00e0 5 nuits selon la villa et le mois. Les enregistrements le dimanche ne sont pas autoris\u00e9s 25 % de d\u00e9p\u00f4t est requis pour garantir<\/p>\n","protected":false},"author":1,"featured_media":0,"parent":0,"menu_order":0,"comment_status":"closed","ping_status":"closed","template":"","meta":{"inline_featured_image":false,"footnotes":""},"_links":{"self":[{"href":"https:\/\/holidayvillasmalta.com\/fr\/wp-json\/wp\/v2\/pages\/2770"}],"collection":[{"href":"https:\/\/holidayvillasmalta.com\/fr\/wp-json\/wp\/v2\/pages"}],"about":[{"href":"https:\/\/holidayvillasmalta.com\/fr\/wp-json\/wp\/v2\/types\/page"}],"author":[{"embeddable":true,"href":"https:\/\/holidayvillasmalta.com\/fr\/wp-json\/wp\/v2\/users\/1"}],"replies":[{"embeddable":true,"href":"https:\/\/holidayvillasmalta.com\/fr\/wp-json\/wp\/v2\/comments?post=2770"}],"version-history":[{"count":1,"href":"https:\/\/holidayvillasmalta.com\/fr\/wp-json\/wp\/v2\/pages\/2770\/revisions"}],"predecessor-version":[{"id":2778,"href":"https:\/\/holidayvillasmalta.com\/fr\/wp-json\/wp\/v2\/pages\/2770\/revisions\/2778"}],"wp:attachment":[{"href":"https:\/\/holidayvillasmalta.com\/fr\/wp-json\/wp\/v2\/media?parent=2770"}],"curies":[{"name":"wp","href":"https:\/\/api.w.org\/{rel}","templated":true}]}}