{"id":2750,"date":"2023-06-29T20:10:21","date_gmt":"2023-06-29T19:10:21","guid":{"rendered":"https:\/\/holidayvillasmalta.com\/about\/marsascala"},"modified":"2023-08-10T18:17:29","modified_gmt":"2023-08-10T17:17:29","slug":"marsascala","status":"publish","type":"page","link":"https:\/\/holidayvillasmalta.com\/fr\/about\/marsascala","title":{"rendered":"A propos de Marsascala"},"content":{"rendered":"\n<div class=\"wp-block-columns is-layout-flex wp-container-core-columns-is-layout-1 wp-block-columns-is-layout-flex\">\n<div class=\"wp-block-column is-layout-flow wp-block-column-is-layout-flow\">\n<p>Marsascala vous offre une atmosph\u00e8re d\u00e9tendue tout en b\u00e9n\u00e9ficiant toujours d&#8217;une myriade d&#8217;activit\u00e9s. La r\u00e9gion imm\u00e9diate comprend un certain nombre de restaurants bien connus et de lieux de divertissement. Que ce soit un snack rapide ou un banquet complet de poisson, c&#8217;est seulement \u00e0 une courte distance en voiture. Vous pouvez marcher le long de la promenade pittoresque en allant prendre votre d\u00eener et faire connaissance avec la population locale, qui sera sans aucun doute en chemin ou de retour des m\u00eames restaurants. Une promenade le soir ou un jogging t\u00f4t le matin le long de la populaire promenade de Marsascala est une exp\u00e9rience en soi.<\/p>\n\n\n\n<p>Marsascala est \u00e9galement tr\u00e8s proche de la vieille ville de Zejtun, qui est un Village typiquement maltais entourant une \u00e9glise. \u00c0 Zejtun, vous pourrez d\u00e9couvrir v\u00e9ritablement le mode de vie maltais. Le bien connu village de p\u00eacheurs de Marsaxlokk se trouve \u00e9galement \u00e0 proximit\u00e9. Comme Marsacala, ce village est tr\u00e8s recherch\u00e9 pour ses restaurants de poissons. Marsaxlokk est tr\u00e8s populaire aupr\u00e8s des touristes et des habitants du quartier pour son march\u00e9 de poissons frais qui est mis en place tous les matins. Vous devez r\u00e9server une matin\u00e9e pour une promenade dans ce march\u00e9 tr\u00e8s fr\u00e9quent\u00e9 et profiter pour voir les poissons m\u00e9diterran\u00e9ens frais vendus, et commander un poisson \u00e0 d\u00e9jeuner dans l&#8217;un des nombreux restaurants qui entourent la baie pittoresque. La baie est g\u00e9n\u00e9ralement remplie de bateaux de p\u00eache maltais traditionnels, sauf si vous voyagez pendant un moment o\u00f9 les p\u00eacheurs sont en p\u00eache bien s\u00fbr !<\/p>\n\n\n\n<p>Cinq de nos six villas sont strat\u00e9giquement situ\u00e9s entre Marsascala, Zejtun et Marsaxlokk, vous offrant ainsi la s\u00e9r\u00e9nit\u00e9 de la campagne tout en \u00e9tant \u00e0 deux pas des centres-villes. Villa Watersedge comme son nom l&#8217;indique se trouve litt\u00e9ralement sur une plage immacul\u00e9e \u00e0 Marsascala. Marsascala est \u00e9galement tr\u00e8s populaire pour ses plages. La zone comprend des Rocheuses et des plages de sable fin \u00e0 quelques minutes \u00e0 pied de l&#8217;autre. Sur la plage, vous aurez vraiment l&#8217;occasion de rencontrer la population locale, les plages \u00e9tant habituellement tr\u00e8s occup\u00e9es durant les mois chauds d&#8217;\u00e9t\u00e9. La plong\u00e9e est un sport tr\u00e8s populaire \u00e0 Malte et il y a plus de 7000 plongeurs qualifi\u00e9s et de nombreuses \u00e9coles de plong\u00e9e. \u00c0 Marsascala, il est tr\u00e8s facile de mettre en place une plong\u00e9e d&#8217;initiation ou de louer l&#8217;\u00e9quipement si vous \u00eates un plongeur qualifi\u00e9 en club plong\u00e9e.<\/p>\n\n\n\n<p>Le transport est pris en charge soit par le nouveau syst\u00e8me de bus Arriva, soit par location de voitures avec ou sans chauffeur et les services de taxi. Arr\u00eats de bus se trouvent \u00e0 un demi-kilom\u00e8tre de l&#8217;autre et les bus sont tr\u00e8s fr\u00e9quents. Les syst\u00e8mes GPS sont \u00e9videmment recommand\u00e9es car, bien que Malte soit un petit pays, il y a certainement beaucoup \u00e0 voir et \u00e0 faire. Les zones de la vie populaire maltais nocturne de Paceville, Sliema et Bugibba sont \u00e0 quelques minutes seulement en voiture de Marsascala.<\/p>\n<\/div>\n<\/div>\n","protected":false},"excerpt":{"rendered":"<p>Marsascala vous offre une atmosph\u00e8re d\u00e9tendue tout en b\u00e9n\u00e9ficiant toujours d&#8217;une myriade d&#8217;activit\u00e9s. La r\u00e9gion imm\u00e9diate comprend un certain nombre de restaurants bien connus et de lieux de divertissement. Que ce soit un snack rapide ou un banquet complet de poisson, c&#8217;est seulement \u00e0 une courte distance en voiture. Vous pouvez marcher le long de<\/p>\n","protected":false},"author":1,"featured_media":0,"parent":2728,"menu_order":0,"comment_status":"closed","ping_status":"closed","template":"","meta":{"inline_featured_image":false,"footnotes":""},"_links":{"self":[{"href":"https:\/\/holidayvillasmalta.com\/fr\/wp-json\/wp\/v2\/pages\/2750"}],"collection":[{"href":"https:\/\/holidayvillasmalta.com\/fr\/wp-json\/wp\/v2\/pages"}],"about":[{"href":"https:\/\/holidayvillasmalta.com\/fr\/wp-json\/wp\/v2\/types\/page"}],"author":[{"embeddable":true,"href":"https:\/\/holidayvillasmalta.com\/fr\/wp-json\/wp\/v2\/users\/1"}],"replies":[{"embeddable":true,"href":"https:\/\/holidayvillasmalta.com\/fr\/wp-json\/wp\/v2\/comments?post=2750"}],"version-history":[{"count":1,"href":"https:\/\/holidayvillasmalta.com\/fr\/wp-json\/wp\/v2\/pages\/2750\/revisions"}],"predecessor-version":[{"id":2758,"href":"https:\/\/holidayvillasmalta.com\/fr\/wp-json\/wp\/v2\/pages\/2750\/revisions\/2758"}],"up":[{"embeddable":true,"href":"https:\/\/holidayvillasmalta.com\/fr\/wp-json\/wp\/v2\/pages\/2728"}],"wp:attachment":[{"href":"https:\/\/holidayvillasmalta.com\/fr\/wp-json\/wp\/v2\/media?parent=2750"}],"curies":[{"name":"wp","href":"https:\/\/api.w.org\/{rel}","templated":true}]}}