{"id":2728,"date":"2023-06-03T16:25:17","date_gmt":"2023-06-03T15:25:17","guid":{"rendered":"https:\/\/holidayvillasmalta.com\/about"},"modified":"2023-09-11T17:29:47","modified_gmt":"2023-09-11T16:29:47","slug":"about","status":"publish","type":"page","link":"https:\/\/holidayvillasmalta.com\/fr\/about","title":{"rendered":"\u00c0 Propos de Nous"},"content":{"rendered":"\n<div class=\"wp-block-columns are-vertically-aligned-center is-layout-flex wp-container-core-columns-is-layout-1 wp-block-columns-is-layout-flex\">\n<div class=\"wp-block-column is-vertically-aligned-center is-layout-flow wp-block-column-is-layout-flow\">\n<p>Holiday Villas Malte est une entreprise familiale et nous nous effor\u00e7ons de fournir un h\u00e9bergement qui est unique, typique de l&#8217;hospitalit\u00e9 et la chaleur maltaises et surtout des normes tr\u00e8s \u00e9lev\u00e9es. Nous pr\u00eatons une attention particuli\u00e8re pour que nos Villas offrent tous les \u00e9quipements attendus et traitont personnellement les probl\u00e8mes de locataire.<\/p>\n\n\n\n<p>Les Villas ont \u00e9t\u00e9 con\u00e7ues et construites par le propri\u00e9taire, Chris Cachia, architecte de profession, avec un sens aigu de l&#8217;esth\u00e9tique du d\u00e9tail ainsi qu&#8217;une expertise en architecture maltaise. Chris a veill\u00e9 \u00e0 ce que les Villas conservent le style local dans la conception et les mat\u00e9riaux de construction authentique utilis\u00e9s. Elles sont toutes construites \u00e0 des normes \u00e9lev\u00e9es, avec de grandes chambres et espaces grands ouverts. Chris a donn\u00e9 une attention particuli\u00e8re \u00e0 la lumi\u00e8re naturelle et de ventilation afin d&#8217;assurer que l&#8217;occupant b\u00e9n\u00e9ficie du soleil maltais m\u00eame lorsqu&#8217;il est \u00e0 l&#8217;int\u00e9rieur.<\/p>\n\n\n\n<p>Mme Josette Cachia, \u00e9pouse du propri\u00e9taire g\u00e8re les requ\u00eates client et g\u00e8re le fonctionnement quotidien des Villas, qui comprend la gestion d&#8217;une \u00e9quipe de plombiers, \u00e9lectriciens, personnel d&#8217;entretien de piscine, produits de nettoyage et ainsi de suite. La maison de la famille Cachia est tr\u00e8s proche des Villas et ils sont toujours pr\u00eats \u00e0 aider.<\/p>\n<\/div>\n\n\n\n<div class=\"wp-block-column is-vertically-aligned-center is-layout-flow wp-block-column-is-layout-flow\"><div class=\"wp-block-image\">\n<figure class=\"aligncenter size-full\"><img loading=\"lazy\" decoding=\"async\" width=\"372\" height=\"297\" src=\"https:\/\/holidayvillasmalta.com\/app\/uploads\/2023\/06\/Holiday-Villas-Malta-Team.jpg\" alt=\"\" class=\"wp-image-317\" srcset=\"https:\/\/holidayvillasmalta.com\/app\/uploads\/2023\/06\/Holiday-Villas-Malta-Team.jpg 372w, https:\/\/holidayvillasmalta.com\/app\/uploads\/2023\/06\/Holiday-Villas-Malta-Team-300x240.jpg 300w\" sizes=\"(max-width: 372px) 100vw, 372px\" \/><\/figure><\/div><\/div>\n<\/div>\n","protected":false},"excerpt":{"rendered":"<p>Holiday Villas Malte est une entreprise familiale et nous nous effor\u00e7ons de fournir un h\u00e9bergement qui est unique, typique de l&#8217;hospitalit\u00e9 et la chaleur maltaises et surtout des normes tr\u00e8s \u00e9lev\u00e9es. Nous pr\u00eatons une attention particuli\u00e8re pour que nos Villas offrent tous les \u00e9quipements attendus et traitont personnellement les probl\u00e8mes de locataire. Les Villas ont<\/p>\n","protected":false},"author":1,"featured_media":0,"parent":0,"menu_order":0,"comment_status":"closed","ping_status":"open","template":"","meta":{"inline_featured_image":false,"footnotes":""},"_links":{"self":[{"href":"https:\/\/holidayvillasmalta.com\/fr\/wp-json\/wp\/v2\/pages\/2728"}],"collection":[{"href":"https:\/\/holidayvillasmalta.com\/fr\/wp-json\/wp\/v2\/pages"}],"about":[{"href":"https:\/\/holidayvillasmalta.com\/fr\/wp-json\/wp\/v2\/types\/page"}],"author":[{"embeddable":true,"href":"https:\/\/holidayvillasmalta.com\/fr\/wp-json\/wp\/v2\/users\/1"}],"replies":[{"embeddable":true,"href":"https:\/\/holidayvillasmalta.com\/fr\/wp-json\/wp\/v2\/comments?post=2728"}],"version-history":[{"count":2,"href":"https:\/\/holidayvillasmalta.com\/fr\/wp-json\/wp\/v2\/pages\/2728\/revisions"}],"predecessor-version":[{"id":3037,"href":"https:\/\/holidayvillasmalta.com\/fr\/wp-json\/wp\/v2\/pages\/2728\/revisions\/3037"}],"wp:attachment":[{"href":"https:\/\/holidayvillasmalta.com\/fr\/wp-json\/wp\/v2\/media?parent=2728"}],"curies":[{"name":"wp","href":"https:\/\/api.w.org\/{rel}","templated":true}]}}