{"id":2717,"date":"2023-06-29T20:10:55","date_gmt":"2023-06-29T19:10:55","guid":{"rendered":"https:\/\/holidayvillasmalta.com\/malta"},"modified":"2023-08-10T18:09:27","modified_gmt":"2023-08-10T17:09:27","slug":"malta","status":"publish","type":"page","link":"https:\/\/holidayvillasmalta.com\/fr\/about\/malta","title":{"rendered":"A propos de Malte"},"content":{"rendered":"\n<div class=\"wp-block-columns is-layout-flex wp-container-core-columns-is-layout-1 wp-block-columns-is-layout-flex\">\n<div class=\"wp-block-column is-layout-flow wp-block-column-is-layout-flow\">\n<p>Il y a tant de raisons pour lesquelles on peut voler \u00e0 Malte et passez une bonne semaine ici. Si vous \u00eates un passionn\u00e9 d&#8217;histoire, cela peut \u00eatre consid\u00e9r\u00e9 comme l&#8217;endroit \u00e0 visiter. Il y a des ch\u00e2teaux, des fortifications, des palais, \u00e9glises et un riche patrimoine artistique en tous genres qui ont fait de Malte une de ces \u00eeles de la M\u00e9diterran\u00e9e avec tellement de choses \u00e0 admirer. Si l&#8217;on est accro \u00e0 l&#8217;histoire militaire, il y a \u00e0 visiter les kilom\u00e8tres de fortifications, de l&#8217;\u00e2ge de Bronze jusqu&#8217;\u00e0 la seconde guerre mondiale, les mus\u00e9es militaires et a\u00e9ronautiques et m\u00eame des abris sous roche de la seconde guerre mondiale.<\/p>\n\n\n\n<p>Malte a \u00e9galement \u00e9t\u00e9 d\u00e9crit comme un paradis arch\u00e9ologique, avec ses vestiges pr\u00e9historiques uniques. Ceux-ci sont consid\u00e9r\u00e9s comme les plus vieilles constructions dans le monde, et ils sont impressionnants.<\/p>\n\n\n\n<p>Si vous \u00eates int\u00e9ress\u00e9 par le riche patrimoine culturel, il y a ensuite la possibilit\u00e9 de s&#8217;immerger dans la myriade d&#8217;activit\u00e9s traditionnelles. Parmi les f\u00eates nationales qui ont lieu tout au long de l&#8217;ann\u00e9e, on trouve les reconstitutions historiques avec une vari\u00e9t\u00e9 d&#8217;\u00e9v\u00e9nements historiques, ainsi que les festivals religieux, il y a l&#8217;embarras du choix. Les f\u00eates religieuses donnent un sentiment d&#8217;authenticit\u00e9, car celles-ci ne sont pas jou\u00e9es pour le touriste, mais sont au contraire la principale manifestation annuelle de la localit\u00e9, organis\u00e9e par les habitants pour leur propre plaisir.<\/p>\n\n\n\n<p>Pourquoi Malte, si ce n&#8217;est pas pour la mer et le ciel turquoise, et temps doux qui s&#8217;y trouve. La mer est toujours une invitation pour explorer, se d\u00e9tendre ou m\u00eame pratiquer de la plong\u00e9e. Le climat est parfait pour les vacances d&#8217;hiver au cours desquelles on peut explorer la campagne avec ses ruelles, passages \u00e9troits, petits champs, fermes typiques et autre patrimoine architectural de la campagne. C&#8217;est le bon moment pour visiter les diff\u00e9rents petits villages, avec leurs maisons modernes, mais avec un noyau m\u00e9di\u00e9val.<\/p>\n\n\n\n<p>Malte est l&#8217;endroit o\u00f9 on peut avoir une bonne d\u00e9tente, profiter de n&#8217;importe quel type d&#8217;activit\u00e9 qui peut \u00eatre imagin\u00e9e et finir la journ\u00e9e avec la bonne nourriture. On peut soit appr\u00e9cier les d\u00e9lices gastronomiques des diff\u00e9rentes cuisines du monde entier. Pourtant, il ya aussi la tentation de go\u00fbter la cuisine locale, avec de nombreux restaurants dans toute l&#8217;\u00eele qui fournissent un bon rapport qualit\u00e9-prix. Le poisson est une sp\u00e9cialit\u00e9 et on ne peut pas aller mal avec un plat de poisson frais. La nourriture locale n&#8217;est pas limit\u00e9e aux repas, beaucoup de petits magasins en fournissent avec la possibilit\u00e9 de d\u00e9guster quelques sp\u00e9cialit\u00e9s maltaises bien r\u00e9elles \u2013 les pastizzi, imqaret et bien d&#8217;autres.<\/p>\n\n\n\n<p>Pourquoi Malte ? Parce que c&#8217;est l&#8217;endroit \u00e0 visiter, pour se d\u00e9tendre et profiter.<\/p>\n<\/div>\n<\/div>\n","protected":false},"excerpt":{"rendered":"<p>Il y a tant de raisons pour lesquelles on peut voler \u00e0 Malte et passez une bonne semaine ici. Si vous \u00eates un passionn\u00e9 d&#8217;histoire, cela peut \u00eatre consid\u00e9r\u00e9 comme l&#8217;endroit \u00e0 visiter. Il y a des ch\u00e2teaux, des fortifications, des palais, \u00e9glises et un riche patrimoine artistique en tous genres qui ont fait de<\/p>\n","protected":false},"author":1,"featured_media":0,"parent":2728,"menu_order":0,"comment_status":"closed","ping_status":"closed","template":"","meta":{"inline_featured_image":false,"footnotes":""},"_links":{"self":[{"href":"https:\/\/holidayvillasmalta.com\/fr\/wp-json\/wp\/v2\/pages\/2717"}],"collection":[{"href":"https:\/\/holidayvillasmalta.com\/fr\/wp-json\/wp\/v2\/pages"}],"about":[{"href":"https:\/\/holidayvillasmalta.com\/fr\/wp-json\/wp\/v2\/types\/page"}],"author":[{"embeddable":true,"href":"https:\/\/holidayvillasmalta.com\/fr\/wp-json\/wp\/v2\/users\/1"}],"replies":[{"embeddable":true,"href":"https:\/\/holidayvillasmalta.com\/fr\/wp-json\/wp\/v2\/comments?post=2717"}],"version-history":[{"count":2,"href":"https:\/\/holidayvillasmalta.com\/fr\/wp-json\/wp\/v2\/pages\/2717\/revisions"}],"predecessor-version":[{"id":2737,"href":"https:\/\/holidayvillasmalta.com\/fr\/wp-json\/wp\/v2\/pages\/2717\/revisions\/2737"}],"up":[{"embeddable":true,"href":"https:\/\/holidayvillasmalta.com\/fr\/wp-json\/wp\/v2\/pages\/2728"}],"wp:attachment":[{"href":"https:\/\/holidayvillasmalta.com\/fr\/wp-json\/wp\/v2\/media?parent=2717"}],"curies":[{"name":"wp","href":"https:\/\/api.w.org\/{rel}","templated":true}]}}