{"id":2769,"date":"2023-06-29T20:28:30","date_gmt":"2023-06-29T19:28:30","guid":{"rendered":"https:\/\/holidayvillasmalta.com\/terms-conditions"},"modified":"2023-08-10T18:27:06","modified_gmt":"2023-08-10T17:27:06","slug":"terms-conditions","status":"publish","type":"page","link":"https:\/\/holidayvillasmalta.com\/fi\/terms-conditions","title":{"rendered":"Ehdot &#038; Edellytykset"},"content":{"rendered":"\n<div class=\"wp-block-columns is-layout-flex wp-container-core-columns-is-layout-1 wp-block-columns-is-layout-flex\">\n<div class=\"wp-block-column is-layout-flow wp-block-column-is-layout-flow\">\n<p>Lue seuraavat k\u00e4ytt\u00f6ehdot huolellisesti ennen kuin teet varauksen. Jos sinulla on kysymyksi\u00e4, \u00e4l\u00e4 ep\u00e4r\u00f6i ottaa yhteytt\u00e4 lomakkeella oikealla tai kautta&nbsp;<a href=\"https:\/\/holidayvillasmalta.com\/contact\">ota yhteytt\u00e4<\/a>.<\/p>\n\n\n\n<ol><li>Minimiperill\u00e4oloaika vaihtelee 2\u20135 y\u00f6st\u00e4 huvilasta ja kuukaudesta riippuen.<\/li><li>Sis\u00e4\u00e4nkirjautuminen sunnuntaisin ei ole sallittua<\/li><li>25 % Takuumaksu Varauksen varmistamiseksi, 100% talletus alle 60 p\u00e4iv\u00e4n varauksiin.<\/li><li>T\u00e4yden tilityksen j\u00e4ljell\u00e4 on teht\u00e4v\u00e4 60 p\u00e4iv\u00e4\u00e4 ennen saapumista.<\/li><li>Peruutuksia hyv\u00e4ksyt\u00e4\u00e4n ainoastaan ennen 60 p\u00e4iv\u00e4\u00e4, ja menet\u00e4t talletuksesi.<\/li><li>Vahinko omaisuudelle ja sis\u00e4ll\u00f6lle on yksin vuokralaisen vastuulla. Tavaroiden luetteloon p\u00e4\u00e4see tiloissa.Talletus 500 euron vahinkoja vastaan \u200b\u200bon j\u00e4tett\u00e4v\u00e4 omistajalle sis\u00e4\u00e4nkirjautumisen yhteydess\u00e4 Revolutilla tai muuten pankkisiirrolla ennen saapumista. Ne palautetaan 5 p\u00e4iv\u00e4n kuluessa, jos omaisuudelle ei aiheudu vahinkoja. Jokaisesta huvilasta l\u00f6ytyy huvilan esineiden ja huonekalujen luettelo.<\/li><li>Sis\u00e4\u00e4nkirjautumisaika on ehdottomasti klo 15.00 &#8211; Aikainen sis\u00e4\u00e4nkirjautuminen on mahdollista saatavuuden mukaan.<\/li><li>Uloskirjautumisaika on ehdottomasti klo 9.30 &#8211; my\u00f6h\u00e4inen uloskirjautuminen on tarjolla saatavuuden mukaan ja lis\u00e4maksuja.<\/li><li>ALV 7 % sis\u00e4ltyy hintamme.<\/li><li>PayPalin kautta suoritettavia maksuja perit\u00e4\u00e4n lis\u00e4maksuina, koska maksut ovat net.<\/li><li>Ilmastointi (j\u00e4\u00e4hdytys ja l\u00e4mmitys) Villa Watersedgess\u00e4 voidaan lis\u00e4t\u00e4 hintaan 20 \u20ac \/ y\u00f6, kun taas kaikissa muissa huviloissa maksetaan \/ k\u00e4ytet\u00e4\u00e4n koneella 10 \u20ac p\u00e4iv\u00e4ss\u00e4 ilmaiseksi.<\/li><li>WIFI on ilmainen.<\/li><li>Huvilat ovat lemmikkiyst\u00e4v\u00e4llisi\u00e4 (Enint\u00e4\u00e4n yksi lemmikki per huvila) &#8211; 75 \u20ac lemmikkimaksu.<\/li><li>Huviloissa ei pidet\u00e4 juhlia \/ diskoja, eik\u00e4 kova musiikki ole sallittua, koska huvilat sijaitsevat kolmansien osapuolien vieress\u00e4. Varattujen henkil\u00f6iden enimm\u00e4ism\u00e4\u00e4r\u00e4\u00e4 ei saa ylitt\u00e4\u00e4, ellei huviloiden omistaja ole hyv\u00e4ksynyt t\u00e4t\u00e4. Satunnaisia \u200b\u200btarkastuksia tehd\u00e4\u00e4n sen varmistamiseksi, ett\u00e4 huvilassa on varauskohtainen m\u00e4\u00e4r\u00e4 vieraita. T\u00e4m\u00e4n ehdon rikkomisen villa on poistunut v\u00e4litt\u00f6m\u00e4sti ja maksut poistuvat k\u00e4yt\u00f6st\u00e4.<\/li><li>Tupakointi on kielletty sis\u00e4ll\u00e4 ja on sallittua vain ulkona vain uima-altaalla ja terassilla.<\/li><li>Kaikki aurinkovoiteet tai parkitus\u00f6ljyt on poistettava ennen uima-altaan k\u00e4ytt\u00f6\u00e4, koska ne tekev\u00e4t altaasta likaisen ja samean. Lemmikkiel\u00e4imet eiv\u00e4t ole sallittuja uima-altaalla.<\/li><li>Villa on j\u00e4tett\u00e4v\u00e4 mahdollisimman siistiksi; liiallinen lika aiheuttaa 75 euron maksun, joka otetaan vahinkotakuumaksusta. Varauslomakkeen prosenttim\u00e4\u00e4r\u00e4t lis\u00e4siivousmaksu, kuten vuodevaatteiden perit\u00e4 lis\u00e4maksua. Roskat on viet\u00e4v\u00e4 ulkona huvilan p\u00e4ivitt\u00e4isen aikataulun mukaan. Seuraavia sakkoja sovelletaan, ja ne perit\u00e4\u00e4n vahinkotakuumaksusta:<ul><li>300 \u20ac &#8211; Jos vieraat tupakoivat sis\u00e4ll\u00e4.<\/li><li>150 \u20ac &#8211; Jos lemmikit uivat uima-altaassa \/ Aurinkovoide tai parkitus\u00f6ljyt l\u00f6ytyv\u00e4t uima-altaasta.<\/li><li>75 \u20ac &#8211; Liiallinen lika sis. lemmikkiel\u00e4inten hiukset \/ lika; huvila on j\u00e4tett\u00e4v\u00e4 mahdollisimman puhtaaksi ja astiat \/ ruokailuv\u00e4lineet on pest\u00e4v\u00e4 ilman ruokaj\u00e4\u00e4mi\u00e4.<\/li><\/ul><\/li><li>Rikkoutuneet esineet, mukaan lukien lasitavarat ja lautaset, on maksettava huvituksesta saatavan varaston mukaan.<\/li><li>Pid\u00e4t\u00e4mme oikeuden olla hyv\u00e4ksym\u00e4tt\u00e4 mit\u00e4\u00e4n varaus ei tarvitse ilmoittaa syyt\u00e4 vuokralainen.<\/li><li>K\u00e4ytt\u00e4jien, saattamisen kautta www.holidayvillasmalta.com varaus on samaa mielt\u00e4 siit\u00e4, ett\u00e4 henkil\u00f6- ja yhteystiedot tiedot tallennetaan luottamuksellisesti, tulevaisuuden viestint\u00e4 my\u00f6s mainostarkoituksessa.<\/li><li>Kattoterasseille ei p\u00e4\u00e4se terveys- ja turvallisuusm\u00e4\u00e4r\u00e4ysten vuoksi<\/li><li>Yleisten tietosuojas\u00e4\u00e4nn\u00f6sten (Euroopan parlamentin asetus EU 2016\/679) (&#8220;GDPR&#8221;) mukaisesti yhti\u00f6n on saatava ja k\u00e4sitelt\u00e4v\u00e4 henkil\u00f6kohtaisia tietoja luottamuksellisesti ja GDPR: n vaatimusten mukaisesti. Rekister\u00f6ij\u00e4ll\u00e4 on tietyt oikeudet, jotka ovat sis\u00e4isess\u00e4 suhteessa GDPR: \u00e4\u00e4n ja t\u00e4lt\u00e4 osin, sill\u00e4 on k\u00e4yt\u00f6ss\u00e4 sis\u00e4inen tietosuojapolitiikka, joka on suunniteltu vastaamaan GDPR: n vaatimuksista. Tietosuojapolitiikan kopio voidaan pyyt\u00e4\u00e4 l\u00e4hett\u00e4m\u00e4ll\u00e4 s\u00e4hk\u00f6postia osoitteeseen&nbsp;<a href=\"mailto:info@holidayvillasmalta.com\">info@holidayvillasmalta.com<\/a><\/li><\/ol>\n<\/div>\n<\/div>\n","protected":false},"excerpt":{"rendered":"<p>Lue seuraavat k\u00e4ytt\u00f6ehdot huolellisesti ennen kuin teet varauksen. Jos sinulla on kysymyksi\u00e4, \u00e4l\u00e4 ep\u00e4r\u00f6i ottaa yhteytt\u00e4 lomakkeella oikealla tai kautta&nbsp;ota yhteytt\u00e4. Minimiperill\u00e4oloaika vaihtelee 2\u20135 y\u00f6st\u00e4 huvilasta ja kuukaudesta riippuen. Sis\u00e4\u00e4nkirjautuminen sunnuntaisin ei ole sallittua 25 % Takuumaksu Varauksen varmistamiseksi, 100% talletus alle 60 p\u00e4iv\u00e4n varauksiin. T\u00e4yden tilityksen j\u00e4ljell\u00e4 on teht\u00e4v\u00e4 60 p\u00e4iv\u00e4\u00e4 ennen saapumista. Peruutuksia<\/p>\n","protected":false},"author":1,"featured_media":0,"parent":0,"menu_order":0,"comment_status":"closed","ping_status":"closed","template":"","meta":{"inline_featured_image":false,"footnotes":""},"_links":{"self":[{"href":"https:\/\/holidayvillasmalta.com\/fi\/wp-json\/wp\/v2\/pages\/2769"}],"collection":[{"href":"https:\/\/holidayvillasmalta.com\/fi\/wp-json\/wp\/v2\/pages"}],"about":[{"href":"https:\/\/holidayvillasmalta.com\/fi\/wp-json\/wp\/v2\/types\/page"}],"author":[{"embeddable":true,"href":"https:\/\/holidayvillasmalta.com\/fi\/wp-json\/wp\/v2\/users\/1"}],"replies":[{"embeddable":true,"href":"https:\/\/holidayvillasmalta.com\/fi\/wp-json\/wp\/v2\/comments?post=2769"}],"version-history":[{"count":1,"href":"https:\/\/holidayvillasmalta.com\/fi\/wp-json\/wp\/v2\/pages\/2769\/revisions"}],"predecessor-version":[{"id":2785,"href":"https:\/\/holidayvillasmalta.com\/fi\/wp-json\/wp\/v2\/pages\/2769\/revisions\/2785"}],"wp:attachment":[{"href":"https:\/\/holidayvillasmalta.com\/fi\/wp-json\/wp\/v2\/media?parent=2769"}],"curies":[{"name":"wp","href":"https:\/\/api.w.org\/{rel}","templated":true}]}}