{"id":2749,"date":"2023-06-29T20:10:21","date_gmt":"2023-06-29T19:10:21","guid":{"rendered":"https:\/\/holidayvillasmalta.com\/about\/marsascala"},"modified":"2023-08-10T18:20:56","modified_gmt":"2023-08-10T17:20:56","slug":"marsascala","status":"publish","type":"page","link":"https:\/\/holidayvillasmalta.com\/fi\/about\/marsascala","title":{"rendered":"Tietoja Marsascala"},"content":{"rendered":"\n<div class=\"wp-block-columns is-layout-flex wp-container-core-columns-is-layout-1 wp-block-columns-is-layout-flex\">\n<div class=\"wp-block-column is-layout-flow wp-block-column-is-layout-flow\">\n<p>Marsascala tarjoaa rentoa tunnelmaa ja viel\u00e4 ylpeilee lukemattomia toimintoja. V\u00e4litt\u00f6m\u00e4ss\u00e4 l\u00e4heisyydess\u00e4 on useita tunnettuja ravintoloita ja viihdepaikkoja. Olla nopea v\u00e4lipala tai t\u00e4ysin palanut kala-saatavilla on vain lyhyen ajomatkan p\u00e4\u00e4ss\u00e4. K\u00e4velylle vaikka matkalla illalliselle promenadilta ja tuntemaan paikalliset, jotka ep\u00e4ilem\u00e4tt\u00e4 tulevan tai sinne samaan ravintoloihin. Illalla tai aikaisin aamulla ty\u00f6 suosittu Marsascala k\u00e4velykadun varrella on kokemus sin\u00e4ns\u00e4.<\/p>\n\n\n\n<p>Marsascala on my\u00f6s hyvin l\u00e4hell\u00e4 vanha kaupunki Helsinki, joka on tyypillinen Maltese Village ymp\u00e4r\u00f6iv\u00e4t kirkko. Helsinki voit todella kokea Maltan el\u00e4m\u00e4ntavasta. Tuttu kalastus kyl\u00e4 Marsaxlokk on my\u00f6s l\u00e4hell\u00e4. Marsacala, kuten t\u00e4ss\u00e4 kyl\u00e4ss\u00e4 on paljon kysytty sen kalaravintoloista. Marsaxlokk on hyvin suosittu turistien ja paikallisten keskuudessa tuoreen kalan markkinoille, joka on perustettu joka aamu. Varata aamu k\u00e4velyll\u00e4 l\u00e4pi t\u00e4m\u00e4n kiireisen markkinoilla ja nauttivat n\u00e4hdess\u00e4\u00e4n tuoreita v\u00e4limerellisi\u00e4 kala myyd\u00e4\u00e4n ja sitten j\u00e4rjestyksess\u00e4 kala on lounasta jossakin monista ravintoloista, jotka ymp\u00e4r\u00f6iv\u00e4t vieh\u00e4tt\u00e4v\u00e4ll\u00e4 lahdella. Lahti on yleens\u00e4 t\u00e4ynn\u00e4 perinteisi\u00e4 Maltan kalastusaluksia, ellet Vieraile aikana kun kalastajat ovat pois tietenkin Kalastus!<\/p>\n\n\n\n<p>Viisi kuusi huvilat sijaitsevat strategisesti Marsascala, Helsinki ja Marsaxlokk siten tarjoaa maaseudun rauhaa kun viel\u00e4 kiven heiton p\u00e4\u00e4ss\u00e4 keskustoista. Villa Watersedge kuten nimikin sijaitsee kirjaimellisesti turmeltumaton Kallioranta Marsascala. Marsascala on my\u00f6s hyvin suosittu sen rantoja. Alueellla on kivinen ja hiekkarantoja, vain muutaman minuutin k\u00e4velymatkan p\u00e4\u00e4ss\u00e4 toisistaan. Rannalla sinulla todella tilaisuus tavata paikalliset rannat ovat yleens\u00e4 hyvin kiireinen kuuma kes\u00e4kuukausina. Sukellus on eritt\u00e4in suosittu urheilulaji, Maltalla ja yli 7000 t\u00e4ytt\u00e4\u00e4 sukeltajat ja useita Sukelluskoulut. Marsascala on helppo perustaa maistaja sukeltaa tai vuokrata laitteet, jos olet p\u00e4tev\u00e4 sukeltaja paikallisen Sukellus-klubin.<\/p>\n\n\n\n<p>Liikenteen elektroniikkaan Arriva linja-autojen, itsens\u00e4 ja autonkuljettaja ajaa Autonvuokraus, ja taksi. Bussipys\u00e4kit sijaitsevat kilometrin p\u00e4\u00e4ss\u00e4 toisistaan ja bussit ovat hyvin usein. GPS-j\u00e4rjestelm\u00e4t ovat ilmeisesti suositella, sill\u00e4 vaikka Malta on pieni maa, on varmasti paljon n\u00e4ht\u00e4v\u00e4\u00e4 ja koettavaa. Paceville, Sliemaan ja Bugibba suosittu Maltan y\u00f6el\u00e4m\u00e4alueet ovat vain muutaman minuutin automatkan p\u00e4\u00e4ss\u00e4 Marsascala.<\/p>\n<\/div>\n<\/div>\n","protected":false},"excerpt":{"rendered":"<p>Marsascala tarjoaa rentoa tunnelmaa ja viel\u00e4 ylpeilee lukemattomia toimintoja. V\u00e4litt\u00f6m\u00e4ss\u00e4 l\u00e4heisyydess\u00e4 on useita tunnettuja ravintoloita ja viihdepaikkoja. Olla nopea v\u00e4lipala tai t\u00e4ysin palanut kala-saatavilla on vain lyhyen ajomatkan p\u00e4\u00e4ss\u00e4. K\u00e4velylle vaikka matkalla illalliselle promenadilta ja tuntemaan paikalliset, jotka ep\u00e4ilem\u00e4tt\u00e4 tulevan tai sinne samaan ravintoloihin. Illalla tai aikaisin aamulla ty\u00f6 suosittu Marsascala k\u00e4velykadun varrella on kokemus<\/p>\n","protected":false},"author":1,"featured_media":0,"parent":2727,"menu_order":0,"comment_status":"closed","ping_status":"closed","template":"","meta":{"inline_featured_image":false,"footnotes":""},"_links":{"self":[{"href":"https:\/\/holidayvillasmalta.com\/fi\/wp-json\/wp\/v2\/pages\/2749"}],"collection":[{"href":"https:\/\/holidayvillasmalta.com\/fi\/wp-json\/wp\/v2\/pages"}],"about":[{"href":"https:\/\/holidayvillasmalta.com\/fi\/wp-json\/wp\/v2\/types\/page"}],"author":[{"embeddable":true,"href":"https:\/\/holidayvillasmalta.com\/fi\/wp-json\/wp\/v2\/users\/1"}],"replies":[{"embeddable":true,"href":"https:\/\/holidayvillasmalta.com\/fi\/wp-json\/wp\/v2\/comments?post=2749"}],"version-history":[{"count":1,"href":"https:\/\/holidayvillasmalta.com\/fi\/wp-json\/wp\/v2\/pages\/2749\/revisions"}],"predecessor-version":[{"id":2765,"href":"https:\/\/holidayvillasmalta.com\/fi\/wp-json\/wp\/v2\/pages\/2749\/revisions\/2765"}],"up":[{"embeddable":true,"href":"https:\/\/holidayvillasmalta.com\/fi\/wp-json\/wp\/v2\/pages\/2727"}],"wp:attachment":[{"href":"https:\/\/holidayvillasmalta.com\/fi\/wp-json\/wp\/v2\/media?parent=2749"}],"curies":[{"name":"wp","href":"https:\/\/api.w.org\/{rel}","templated":true}]}}