{"id":2727,"date":"2023-06-03T16:25:17","date_gmt":"2023-06-03T15:25:17","guid":{"rendered":"https:\/\/holidayvillasmalta.com\/about"},"modified":"2023-09-11T17:29:29","modified_gmt":"2023-09-11T16:29:29","slug":"about","status":"publish","type":"page","link":"https:\/\/holidayvillasmalta.com\/fi\/about","title":{"rendered":"Tietoja Meist\u00e4"},"content":{"rendered":"\n<div class=\"wp-block-columns are-vertically-aligned-center is-layout-flex wp-container-core-columns-is-layout-1 wp-block-columns-is-layout-flex\">\n<div class=\"wp-block-column is-vertically-aligned-center is-layout-flow wp-block-column-is-layout-flow\">\n<p>Holiday Villas Malta on perheomisteinen yritys ja pyrimme tarjoamaan sovittu, joka on ainutlaatuinen, tyypillinen Maltan l\u00e4mp\u00f6 ja vieraanvaraisuus ja ennen kaikkea eritt\u00e4in korkeat vaatimukset. Otamme henkil\u00f6kohtaisen hygienian huvilat tarjoavat odotettu amenties ja henkil\u00f6kohtaisesti k\u00e4sitell\u00e4 vuokralainen kysymyksi\u00e4.<\/p>\n\n\n\n<p>Huvilat Jos suunnitellut ja rakentanut omistaja Chris Cachian kanssa arkkitehti ammatiltaan aestetic innokas silm\u00e4 yksityiskohtaisesti sek\u00e4 Maltan arkkitehtuurin asiantuntemusta. Chris on huolehtinut huvilat s\u00e4ilytt\u00e4\u00e4 paikalliseen tyyliin suunnittelu ja aitoja rakennusaineiden. Ne ovat kaikki rakennettu korkeat, suuret huoneet ja laajat viheralueet. Chris antoi erityist\u00e4 huomiota luonnollinen valaistus ja ilmanvaihto varmistaa, ett\u00e4 asukas Maltan sunshine vaikka sis\u00e4tiloissa.<\/p>\n\n\n\n<p>Rouva Tarja Cachian kanssa omistajan vaimo k\u00e4sittelee asiakkaan kyselyt ja hallinnoi p\u00e4ivitt\u00e4in k\u00e4ynniss\u00e4 huvilat joka sis\u00e4lt\u00e4\u00e4 hallintaan tiimin allas kunnossapitohenkil\u00f6st\u00f6, siivoojat, putkimiehet, s\u00e4hk\u00f6miehet jne. Cachian kanssa n koti on hyvin l\u00e4hell\u00e4 huvilat, ja he ovat aina valmiita auttamaan.<\/p>\n<\/div>\n\n\n\n<div class=\"wp-block-column is-vertically-aligned-center is-layout-flow wp-block-column-is-layout-flow\"><div class=\"wp-block-image\">\n<figure class=\"aligncenter size-full\"><img loading=\"lazy\" decoding=\"async\" width=\"372\" height=\"297\" src=\"https:\/\/holidayvillasmalta.com\/app\/uploads\/2023\/06\/Holiday-Villas-Malta-Team.jpg\" alt=\"\" class=\"wp-image-317\" srcset=\"https:\/\/holidayvillasmalta.com\/app\/uploads\/2023\/06\/Holiday-Villas-Malta-Team.jpg 372w, https:\/\/holidayvillasmalta.com\/app\/uploads\/2023\/06\/Holiday-Villas-Malta-Team-300x240.jpg 300w\" sizes=\"(max-width: 372px) 100vw, 372px\" \/><\/figure><\/div><\/div>\n<\/div>\n","protected":false},"excerpt":{"rendered":"<p>Holiday Villas Malta on perheomisteinen yritys ja pyrimme tarjoamaan sovittu, joka on ainutlaatuinen, tyypillinen Maltan l\u00e4mp\u00f6 ja vieraanvaraisuus ja ennen kaikkea eritt\u00e4in korkeat vaatimukset. Otamme henkil\u00f6kohtaisen hygienian huvilat tarjoavat odotettu amenties ja henkil\u00f6kohtaisesti k\u00e4sitell\u00e4 vuokralainen kysymyksi\u00e4. Huvilat Jos suunnitellut ja rakentanut omistaja Chris Cachian kanssa arkkitehti ammatiltaan aestetic innokas silm\u00e4 yksityiskohtaisesti sek\u00e4 Maltan arkkitehtuurin asiantuntemusta.<\/p>\n","protected":false},"author":1,"featured_media":0,"parent":0,"menu_order":0,"comment_status":"closed","ping_status":"open","template":"","meta":{"inline_featured_image":false,"footnotes":""},"_links":{"self":[{"href":"https:\/\/holidayvillasmalta.com\/fi\/wp-json\/wp\/v2\/pages\/2727"}],"collection":[{"href":"https:\/\/holidayvillasmalta.com\/fi\/wp-json\/wp\/v2\/pages"}],"about":[{"href":"https:\/\/holidayvillasmalta.com\/fi\/wp-json\/wp\/v2\/types\/page"}],"author":[{"embeddable":true,"href":"https:\/\/holidayvillasmalta.com\/fi\/wp-json\/wp\/v2\/users\/1"}],"replies":[{"embeddable":true,"href":"https:\/\/holidayvillasmalta.com\/fi\/wp-json\/wp\/v2\/comments?post=2727"}],"version-history":[{"count":2,"href":"https:\/\/holidayvillasmalta.com\/fi\/wp-json\/wp\/v2\/pages\/2727\/revisions"}],"predecessor-version":[{"id":3036,"href":"https:\/\/holidayvillasmalta.com\/fi\/wp-json\/wp\/v2\/pages\/2727\/revisions\/3036"}],"wp:attachment":[{"href":"https:\/\/holidayvillasmalta.com\/fi\/wp-json\/wp\/v2\/media?parent=2727"}],"curies":[{"name":"wp","href":"https:\/\/api.w.org\/{rel}","templated":true}]}}