{"id":2716,"date":"2023-06-29T20:10:55","date_gmt":"2023-06-29T19:10:55","guid":{"rendered":"https:\/\/holidayvillasmalta.com\/malta"},"modified":"2023-08-10T18:15:34","modified_gmt":"2023-08-10T17:15:34","slug":"malta","status":"publish","type":"page","link":"https:\/\/holidayvillasmalta.com\/fi\/about\/malta","title":{"rendered":"Tietoja Malta"},"content":{"rendered":"\n<div class=\"wp-block-columns is-layout-flex wp-container-core-columns-is-layout-1 wp-block-columns-is-layout-flex\">\n<div class=\"wp-block-column is-layout-flow wp-block-column-is-layout-flow\">\n<p>On niin monia syit\u00e4, miksi yksi lent\u00e4\u00e4 Maltalle ja viett\u00e4\u00e4 hyv\u00e4 viikko. Jos olet historian harrastaja, t\u00e4m\u00e4 voidaan sanoa olevan paikka vierailla. T\u00e4ll\u00e4 hetkell\u00e4 linnoja, linnoituksia, palatseja, kirkkoja ja rikas taiteellinen perint\u00f6 kaikenlaisia, jotka ovat Maltan yksi niist\u00e4 V\u00e4limeren alueen saarista niin paljon ihailemaan. Jos joku riippuvaisiksi sotahistoria, on vierailla linnoituksia kilometrej\u00e4 jo pronssikaudella alas toisen maailmansodan aikana armeijan ja ilmailun museoista ja jopa maailmansodan rock-cut suojien.<\/p>\n\n\n\n<p>Malta on my\u00f6s kuvattu arkeologinen paratiisi, ainutlaatuinen arkeologisia j\u00e4\u00e4nteit\u00e4. N\u00e4m\u00e4 ovat yksitt\u00e4isi\u00e4 maailman vanhin vapaasti seisova rakennuksista ja kunnioitusta her\u00e4tt\u00e4v\u00e4.<\/p>\n\n\n\n<p>Jos olet kiinnostunut rikas kulttuuriperint\u00f6, on mahdollisuus syventy\u00e4 itselle lukemattomia perinteisen toiminnan. On yksi kansallisen juhlat, joita j\u00e4rjestet\u00e4\u00e4n ymp\u00e4ri vuoden historiallinen Rinnakkaisstandardi erilaisia historiallisia tapahtumia, kuten uskonnollisia juhlia yksi on runsaudenpula. Uskonnolliset festivaalit antavat tunteen aitous, koska n\u00e4m\u00e4 eiv\u00e4t asetu turisti, vaan sen on vuosittainen p\u00e4\u00e4tapahtuma sijaintikunnan j\u00e4rjest\u00e4m\u00e4t paikalliset oman nautinnon.<\/p>\n\n\n\n<p>Miksi Malta, jos ei kirkas sininen meret ja taivas ja leuto s\u00e4\u00e4, joka l\u00f6ytyy. Meri on yh\u00e4 houkutteleva paikka tutkia, rentoutua tai jopa harjoitella sukellusta. S\u00e4\u00e4 on t\u00e4ydellinen talviloma, jonka aikana yksi tutustua maaseutuun sen rataa, kapeita k\u00e4yt\u00e4vi\u00e4, tilkkuty\u00f6, ominainen maatilat ja muut maaseudulla arkkitehtonisen perinn\u00f6n. Se on oikea aika k\u00e4yd\u00e4 eri pikkukyliss\u00e4, moderneja taloja, mutta keskiaikainen ydin.<\/p>\n\n\n\n<p>Malta on paikka, jossa voi olla mukavaa rentouttavaa lomaa nauttia kaikenlaista toimintaa, joka voi kuvitella ja p\u00e4iv\u00e4n p\u00e4\u00e4tteeksi hyv\u00e4\u00e4 ruokaa. Voi joko nauttia gastronomisia herkkuja eri keitti\u00f6ist\u00e4. On kuitenkin my\u00f6s kiusausta maistaa paikallisia ruokia ja monia ravintoloita ymp\u00e4ri saarta, jotka tarjoavat paljon. Kala on erikoisuus ja voi menn\u00e4 vikaan levy tuoretta kalaa. L\u00e4hiruoka ei rajoitu ateriat, mutta paljon pieni\u00e4 kauppoja tarjota yht\u00e4 voi maistella todella hyv\u00e4 Maltan herkkuja-pastizzi, imqaret ja monet muut.<\/p>\n\n\n\n<p>Miksi Malta? Koska se on paikka vierailla, rentoutua ja nauttia.<\/p>\n<\/div>\n<\/div>\n","protected":false},"excerpt":{"rendered":"<p>On niin monia syit\u00e4, miksi yksi lent\u00e4\u00e4 Maltalle ja viett\u00e4\u00e4 hyv\u00e4 viikko. Jos olet historian harrastaja, t\u00e4m\u00e4 voidaan sanoa olevan paikka vierailla. T\u00e4ll\u00e4 hetkell\u00e4 linnoja, linnoituksia, palatseja, kirkkoja ja rikas taiteellinen perint\u00f6 kaikenlaisia, jotka ovat Maltan yksi niist\u00e4 V\u00e4limeren alueen saarista niin paljon ihailemaan. Jos joku riippuvaisiksi sotahistoria, on vierailla linnoituksia kilometrej\u00e4 jo pronssikaudella alas<\/p>\n","protected":false},"author":1,"featured_media":0,"parent":2727,"menu_order":0,"comment_status":"closed","ping_status":"closed","template":"","meta":{"inline_featured_image":false,"footnotes":""},"_links":{"self":[{"href":"https:\/\/holidayvillasmalta.com\/fi\/wp-json\/wp\/v2\/pages\/2716"}],"collection":[{"href":"https:\/\/holidayvillasmalta.com\/fi\/wp-json\/wp\/v2\/pages"}],"about":[{"href":"https:\/\/holidayvillasmalta.com\/fi\/wp-json\/wp\/v2\/types\/page"}],"author":[{"embeddable":true,"href":"https:\/\/holidayvillasmalta.com\/fi\/wp-json\/wp\/v2\/users\/1"}],"replies":[{"embeddable":true,"href":"https:\/\/holidayvillasmalta.com\/fi\/wp-json\/wp\/v2\/comments?post=2716"}],"version-history":[{"count":1,"href":"https:\/\/holidayvillasmalta.com\/fi\/wp-json\/wp\/v2\/pages\/2716\/revisions"}],"predecessor-version":[{"id":2745,"href":"https:\/\/holidayvillasmalta.com\/fi\/wp-json\/wp\/v2\/pages\/2716\/revisions\/2745"}],"up":[{"embeddable":true,"href":"https:\/\/holidayvillasmalta.com\/fi\/wp-json\/wp\/v2\/pages\/2727"}],"wp:attachment":[{"href":"https:\/\/holidayvillasmalta.com\/fi\/wp-json\/wp\/v2\/media?parent=2716"}],"curies":[{"name":"wp","href":"https:\/\/api.w.org\/{rel}","templated":true}]}}