{"id":2775,"date":"2023-06-29T20:28:30","date_gmt":"2023-06-29T19:28:30","guid":{"rendered":"https:\/\/holidayvillasmalta.com\/terms-conditions"},"modified":"2023-08-10T18:26:49","modified_gmt":"2023-08-10T17:26:49","slug":"terms-conditions","status":"publish","type":"page","link":"https:\/\/holidayvillasmalta.com\/es\/terms-conditions","title":{"rendered":"Condici\u00f3ns &#038; de t\u00e9rminos"},"content":{"rendered":"\n<div class=\"wp-block-columns is-layout-flex wp-container-core-columns-is-layout-1 wp-block-columns-is-layout-flex\">\n<div class=\"wp-block-column is-layout-flow wp-block-column-is-layout-flow\">\n<p>Por favor lea los siguientes t\u00e9rminos y condiciones cuidadosamente antes de hacer su reserva. Si usted tiene alguna pregunta no dude en contactar con nosotros mediante el formulario a la derecha o a trav\u00e9s&nbsp;<a href=\"https:\/\/holidayvillasmalta.com\/contact\">contacta con nosotros<\/a>.<\/p>\n\n\n\n<ol><li>La estancia m\u00ednima var\u00eda de 2 a 5 noches dependiendo de la villa y el mes.<\/li><li>No se permiten check-in los domingos<\/li><li>25% Dep\u00f3sito es necesario para garantizar una reserva, Dep\u00f3sito del 100% para reservas de menos de 60 d\u00edas.<\/li><li>Establecimiento completo del saldo restante es 60 d\u00edas antes de la fecha de llegada.<\/li><li>Se aceptan cancelaciones solamente antes de 60 d\u00edas y usted perder\u00e1 su dep\u00f3sito.<\/li><li>Los da\u00f1os a la propiedad y al contenido son responsabilidad exclusiva del inquilino. Se puede acceder a un inventario de art\u00edculos en las instalaciones. Un dep\u00f3sito por da\u00f1os de 500 \u20ac deber\u00e1 dejarse con el propietario en el momento del check-in por Revolut o por transferencia bancaria antes de la llegada. Estos ser\u00e1n reembolsados \u200b\u200bdentro de los 5 d\u00edas si no se incurre en da\u00f1os a la propiedad. Un inventario de art\u00edculos y muebles en la villa se puede encontrar en cada villa.<\/li><li>El horario de check in es estrictamente a partir de las 15:00 h.<\/li><li>La hora de salida es estrictamente antes de las 09:30 a. M. &#8211; La salida tard\u00eda est\u00e1 sujeta a disponibilidad y se aplicar\u00e1n tarifas adicionales.<\/li><li>IVA 7% incluido en nuestros precios.<\/li><li>Se aplican cargos adicionales al pagar a trav\u00e9s de PayPal, ya que nuestras tarifas son netas.<\/li><li>El aire acondicionado (refrigeraci\u00f3n y calefacci\u00f3n) en Villa Watersedge se puede agregar a \u20ac 20 por noche, mientras que en todas las dem\u00e1s villas mediante una m\u00e1quina de pago \/ uso con \u20ac 10 diarios gratuitos.<\/li><li>WIFI es gratis.<\/li><li>Las villas admiten mascotas(M\u00e1x. Una mascota por villa) &#8211; Se aplica una tarifa por mascota de 75 \u20ac.<\/li><li>No se celebran fiestas \/ discotecas en las villas y no se permite m\u00fasica alta ya que las villas est\u00e1n ubicadas junto a propiedades de terceros. El n\u00famero m\u00e1ximo de personas reservados no es debe ser excedido a menos que esto sea aprobado por el propietario de las villas. Se llevan a cabo inspecciones aleatorias para comprobar que el n\u00famero de hu\u00e9spedes en la villa es seg\u00fan la reserva. En caso de incumplimiento de esta condici\u00f3n, la villa tendr\u00e1 que ser desocupada inmediatamente y los pagos se perder\u00e1n.<\/li><li>Est\u00e1 prohibido fumar en el interior y solo se permite en el exterior en las \u00e1reas de la piscina y la terraza.<\/li><li>Las cremas solares o los aceites bronceadores deben eliminarse antes de usar la piscina, ya que har\u00e1n que la piscina se vuelva sucia y turbia. No se permiten mascotas en la piscina.<\/li><li>La villa debe dejarse lo m\u00e1s limpia posible; La suciedad excesiva dar\u00e1 lugar a una tarifa de 75 \u20ac que se descontar\u00e1 del dep\u00f3sito de da\u00f1os. Limpieza extra, incluyendo cambio de s\u00e1banas se cobra extra a los precios indicados en el formulario de reserva. La basura debe sacarse al exterior seg\u00fan el horario diario que se encuentra en la villa. Las siguientes multas son aplicables y se descontar\u00e1n del dep\u00f3sito de da\u00f1os:<ul><li>\u20ac 300 &#8211; Si los hu\u00e9spedes fuman dentro.<\/li><li>150 \u20ac &#8211; Si las mascotas nadan en la piscina \/ Se encuentran cremas solares o aceites bronceadores en la piscina.<\/li><li>75 \u20ac &#8211; Suciedad excesiva incl. pelo \/ suciedad de mascotas; La villa debe dejarse lo m\u00e1s limpia posible y los platos \/ cubiertos deben lavarse sin restos de comida.<\/li><\/ul><\/li><li>Cualquier art\u00edculo roto, incluyendo cristaler\u00eda y platos, deber\u00e1 pagarse con el dep\u00f3sito de da\u00f1os seg\u00fan el folleto de inventario que se encuentra en la villa.<\/li><li>Nos reservamos el derecho a no aceptar ninguna reserva sin tener que especificar una raz\u00f3n al inquilino.<\/li><li>Los usuarios colocar sus reservas via www.holidayvillasmalta.com aceptan que sus datos personales y de contactos se almacenan confidencialmente para la comunicaci\u00f3n futura, incluyendo fines promocionales.<\/li><li>Las terrazas en la azotea no son accesibles debido a las normas de salud y seguridad.<\/li><li>De conformidad con el Reglamento General de Protecci\u00f3n de Datos (Reglamento UE 2016\/679 del Parlamento Europeo) (&#8216;GDPR&#8217;), la Compa\u00f1\u00eda est\u00e1 obligada a recibir y procesar datos personales con estricta confidencialidad y en l\u00ednea con los requisitos del GDPR. El sujeto de los datos tiene ciertos derechos inherentes al GDPR y, en ese sentido, la Compa\u00f1\u00eda cuenta con una Pol\u00edtica interna de protecci\u00f3n de datos que ha sido dise\u00f1ada para satisfacer los requisitos de GDPR. Se puede solicitar una copia de la Pol\u00edtica de protecci\u00f3n de datos enviando un correo electr\u00f3nico a&nbsp;<a href=\"mailto:info@holidayvillasmalta.com\">info@holidayvillasmalta.com<\/a><\/li><\/ol>\n<\/div>\n<\/div>\n","protected":false},"excerpt":{"rendered":"<p>Por favor lea los siguientes t\u00e9rminos y condiciones cuidadosamente antes de hacer su reserva. Si usted tiene alguna pregunta no dude en contactar con nosotros mediante el formulario a la derecha o a trav\u00e9s&nbsp;contacta con nosotros. La estancia m\u00ednima var\u00eda de 2 a 5 noches dependiendo de la villa y el mes. No se permiten<\/p>\n","protected":false},"author":1,"featured_media":0,"parent":0,"menu_order":0,"comment_status":"closed","ping_status":"closed","template":"","meta":{"inline_featured_image":false,"footnotes":""},"_links":{"self":[{"href":"https:\/\/holidayvillasmalta.com\/es\/wp-json\/wp\/v2\/pages\/2775"}],"collection":[{"href":"https:\/\/holidayvillasmalta.com\/es\/wp-json\/wp\/v2\/pages"}],"about":[{"href":"https:\/\/holidayvillasmalta.com\/es\/wp-json\/wp\/v2\/types\/page"}],"author":[{"embeddable":true,"href":"https:\/\/holidayvillasmalta.com\/es\/wp-json\/wp\/v2\/users\/1"}],"replies":[{"embeddable":true,"href":"https:\/\/holidayvillasmalta.com\/es\/wp-json\/wp\/v2\/comments?post=2775"}],"version-history":[{"count":1,"href":"https:\/\/holidayvillasmalta.com\/es\/wp-json\/wp\/v2\/pages\/2775\/revisions"}],"predecessor-version":[{"id":2784,"href":"https:\/\/holidayvillasmalta.com\/es\/wp-json\/wp\/v2\/pages\/2775\/revisions\/2784"}],"wp:attachment":[{"href":"https:\/\/holidayvillasmalta.com\/es\/wp-json\/wp\/v2\/media?parent=2775"}],"curies":[{"name":"wp","href":"https:\/\/api.w.org\/{rel}","templated":true}]}}