{"id":2755,"date":"2023-06-29T20:10:21","date_gmt":"2023-06-29T19:10:21","guid":{"rendered":"https:\/\/holidayvillasmalta.com\/about\/marsascala"},"modified":"2023-08-10T18:20:36","modified_gmt":"2023-08-10T17:20:36","slug":"marsascala","status":"publish","type":"page","link":"https:\/\/holidayvillasmalta.com\/es\/about\/marsascala","title":{"rendered":"Acerca De Marsascala"},"content":{"rendered":"\n<div class=\"wp-block-columns is-layout-flex wp-container-core-columns-is-layout-1 wp-block-columns-is-layout-flex\">\n<div class=\"wp-block-column is-layout-flow wp-block-column-is-layout-flow\">\n<p>Marsascala le ofrece un ambiente relajado mientras que todav\u00eda ofrece una infinidad de actividades. El \u00e1rea inmediata incluye un n\u00famero de conocidos restaurantes y lugares de entretenimiento. Sea un bocadillo r\u00e1pido o un banquete de pescado completo soplado, es s\u00f3lo una corta distancia. Usted puede caminar por el pintoresco paseo mientras en su camino a cenar y conocer a los lugare\u00f1os que sin duda ser\u00e1n procedente o a los mismos restaurantes. Un paseo al atardecer o un trabajo temprano en la ma\u00f1ana en el popular paseo Marsascala es una experiencia en s\u00ed misma.<\/p>\n\n\n\n<p>Marsascala is also very close to the old town of Zejtun which is a typical Maltese Village surrounding a church. At Zejtun you can truly experience the Maltese way of living. The well know fishing village of Marsaxlokk is also close by. Like Marsacala, this village is much sought after for its fish restaurants. Marsaxlokk is very popular with tourists and locals alike for its fresh fish market which is set up every morning. You should reserve a morning for a stroll through this busy market and enjoy seeing fresh Mediterranean fish being sold and then order a fish lunch in one of the many restaurants that encircle the picturesque bay. The bay is usually full of traditional Maltese fishing boats unless you visit during a time when the fishermen are out fishing of course!<\/p>\n\n\n\n<p>Cinco de nuestros seis villas est\u00e1n ubicado estrat\u00e9gicamente entre la Marsascala, Zejtun y Marsaxlokk, ofreciendo as\u00ed la serenidad del campo sigue siendo un paso lejos de los centros de ciudad. Villa Watersedge como su nombre lo indica se encuentra literalmente en una pr\u00edstina playa rocosa en Marsascala. Marsascala tambi\u00e9n es muy popular por sus playas. El \u00e1rea incluye rocosos y playas a pocos minutos a pie uno del otro. En la playa usted tendr\u00e1 la oportunidad de conocer a los lugare\u00f1os como las playas son generalmente muy ocupadas durante los meses de verano. El buceo es un deporte muy popular en Espa\u00f1a y hay m\u00e1s de 7000 califica buzos y numerosas escuelas de buceo. En Marsascala es muy f\u00e1cil configurar un buceo catador o contratar equipos si eres un buceador cualificado del club local de buceo.<\/p>\n\n\n\n<p>Transporte es atendido por el nuevo sistema de autob\u00fas de Arriva, auto y chofer conducido vehiculos y servicios de taxis. Paradas de autob\u00fas se encuentran a medio kil\u00f3metro del otro y los autobuses son muy frecuentes. Obviamente, se recomiendan sistemas de GPS, porque aunque Malta es un pa\u00eds peque\u00f1o, hay sin duda mucho que ver y hacer. Las \u00e1reas populares Malt\u00e9s vida nocturna de Paceville, Sliema y Bugibba son s\u00f3lo minutos en coche de la Marsascala.<\/p>\n<\/div>\n<\/div>\n","protected":false},"excerpt":{"rendered":"<p>Marsascala le ofrece un ambiente relajado mientras que todav\u00eda ofrece una infinidad de actividades. El \u00e1rea inmediata incluye un n\u00famero de conocidos restaurantes y lugares de entretenimiento. Sea un bocadillo r\u00e1pido o un banquete de pescado completo soplado, es s\u00f3lo una corta distancia. Usted puede caminar por el pintoresco paseo mientras en su camino a<\/p>\n","protected":false},"author":1,"featured_media":0,"parent":2733,"menu_order":0,"comment_status":"closed","ping_status":"closed","template":"","meta":{"inline_featured_image":false,"footnotes":""},"_links":{"self":[{"href":"https:\/\/holidayvillasmalta.com\/es\/wp-json\/wp\/v2\/pages\/2755"}],"collection":[{"href":"https:\/\/holidayvillasmalta.com\/es\/wp-json\/wp\/v2\/pages"}],"about":[{"href":"https:\/\/holidayvillasmalta.com\/es\/wp-json\/wp\/v2\/types\/page"}],"author":[{"embeddable":true,"href":"https:\/\/holidayvillasmalta.com\/es\/wp-json\/wp\/v2\/users\/1"}],"replies":[{"embeddable":true,"href":"https:\/\/holidayvillasmalta.com\/es\/wp-json\/wp\/v2\/comments?post=2755"}],"version-history":[{"count":1,"href":"https:\/\/holidayvillasmalta.com\/es\/wp-json\/wp\/v2\/pages\/2755\/revisions"}],"predecessor-version":[{"id":2764,"href":"https:\/\/holidayvillasmalta.com\/es\/wp-json\/wp\/v2\/pages\/2755\/revisions\/2764"}],"up":[{"embeddable":true,"href":"https:\/\/holidayvillasmalta.com\/es\/wp-json\/wp\/v2\/pages\/2733"}],"wp:attachment":[{"href":"https:\/\/holidayvillasmalta.com\/es\/wp-json\/wp\/v2\/media?parent=2755"}],"curies":[{"name":"wp","href":"https:\/\/api.w.org\/{rel}","templated":true}]}}