{"id":2733,"date":"2023-06-03T16:25:17","date_gmt":"2023-06-03T15:25:17","guid":{"rendered":"https:\/\/holidayvillasmalta.com\/about"},"modified":"2023-08-27T13:43:20","modified_gmt":"2023-08-27T12:43:20","slug":"about","status":"publish","type":"page","link":"https:\/\/holidayvillasmalta.com\/es\/about","title":{"rendered":"Sobre Nosotros"},"content":{"rendered":"\n<div class=\"wp-block-columns are-vertically-aligned-center is-layout-flex wp-container-core-columns-is-layout-1 wp-block-columns-is-layout-flex\">\n<div class=\"wp-block-column is-vertically-aligned-center is-layout-flow wp-block-column-is-layout-flow\">\n<p>Holiday Villas Malta es una empresa familiar y nos esforzamos por ofrecer alojamiento de vacaciones que es \u00fanica, t\u00edpica de la hospitalidad y calidez maltesa y sobre todo de muy alto nivel. Tomamos cuidado personal para asegurar que nuestras Villas ofrecen todas las comodidades esperadas y manejar personalmente los problemas de inquilino.<\/p>\n\n\n\n<p>Las Villas donde dise\u00f1ado y construido por el propietario, Chris Cachia, arquitecto de profesi\u00f3n, con un buen ojo para la est\u00e9tica de detalle as\u00ed como una maestr\u00eda en arquitectura maltesa. Chris ha asegurado que las Villas conservan el estilo local tanto en dise\u00f1o como en los materiales de construcci\u00f3n aut\u00e9ntica utilizados. Se construyen todo a altos est\u00e1ndares, con habitaciones grandes y grandes espacios abiertos. Chris dio especial atenci\u00f3n a la iluminaci\u00f3n natural y ventilaci\u00f3n para asegurar que el ocupante disfruta el sol Malt\u00e9s incluso cuando en el interior.<\/p>\n\n\n\n<p>La Sra. Josette Cachia, la esposa del due\u00f1o se encarga de las consultas del cliente y gestiona el funcionamiento cotidiano de las Villas que incluye la gesti\u00f3n de un equipo de fontaneros, electricistas, personal de mantenimiento de la piscina, limpiadores y as\u00ed sucesivamente. Casa de la Cachia est\u00e1 muy cerca de las Villas y siempre est\u00e1n dispuestos a ayudar.<\/p>\n<\/div>\n\n\n\n<div class=\"wp-block-column is-vertically-aligned-center is-layout-flow wp-block-column-is-layout-flow\"><div class=\"wp-block-image\">\n<figure class=\"aligncenter size-full\"><img loading=\"lazy\" decoding=\"async\" width=\"372\" height=\"297\" src=\"https:\/\/holidayvillasmalta.com\/app\/uploads\/2023\/06\/Holiday-Villas-Malta-Team.jpg\" alt=\"\" class=\"wp-image-317\" srcset=\"https:\/\/holidayvillasmalta.com\/app\/uploads\/2023\/06\/Holiday-Villas-Malta-Team.jpg 372w, https:\/\/holidayvillasmalta.com\/app\/uploads\/2023\/06\/Holiday-Villas-Malta-Team-300x240.jpg 300w\" sizes=\"(max-width: 372px) 100vw, 372px\" \/><\/figure><\/div><\/div>\n<\/div>\n","protected":false},"excerpt":{"rendered":"<p>Holiday Villas Malta es una empresa familiar y nos esforzamos por ofrecer alojamiento de vacaciones que es \u00fanica, t\u00edpica de la hospitalidad y calidez maltesa y sobre todo de muy alto nivel. Tomamos cuidado personal para asegurar que nuestras Villas ofrecen todas las comodidades esperadas y manejar personalmente los problemas de inquilino. Las Villas donde<\/p>\n","protected":false},"author":1,"featured_media":0,"parent":0,"menu_order":0,"comment_status":"closed","ping_status":"open","template":"","meta":{"inline_featured_image":false,"footnotes":""},"_links":{"self":[{"href":"https:\/\/holidayvillasmalta.com\/es\/wp-json\/wp\/v2\/pages\/2733"}],"collection":[{"href":"https:\/\/holidayvillasmalta.com\/es\/wp-json\/wp\/v2\/pages"}],"about":[{"href":"https:\/\/holidayvillasmalta.com\/es\/wp-json\/wp\/v2\/types\/page"}],"author":[{"embeddable":true,"href":"https:\/\/holidayvillasmalta.com\/es\/wp-json\/wp\/v2\/users\/1"}],"replies":[{"embeddable":true,"href":"https:\/\/holidayvillasmalta.com\/es\/wp-json\/wp\/v2\/comments?post=2733"}],"version-history":[{"count":8,"href":"https:\/\/holidayvillasmalta.com\/es\/wp-json\/wp\/v2\/pages\/2733\/revisions"}],"predecessor-version":[{"id":3066,"href":"https:\/\/holidayvillasmalta.com\/es\/wp-json\/wp\/v2\/pages\/2733\/revisions\/3066"}],"wp:attachment":[{"href":"https:\/\/holidayvillasmalta.com\/es\/wp-json\/wp\/v2\/media?parent=2733"}],"curies":[{"name":"wp","href":"https:\/\/api.w.org\/{rel}","templated":true}]}}