{"id":2722,"date":"2023-06-29T20:10:55","date_gmt":"2023-06-29T19:10:55","guid":{"rendered":"https:\/\/holidayvillasmalta.com\/malta"},"modified":"2023-08-10T18:15:08","modified_gmt":"2023-08-10T17:15:08","slug":"malta","status":"publish","type":"page","link":"https:\/\/holidayvillasmalta.com\/es\/about\/malta","title":{"rendered":"Acerca De Malta"},"content":{"rendered":"\n<div class=\"wp-block-columns is-layout-flex wp-container-core-columns-is-layout-1 wp-block-columns-is-layout-flex\">\n<div class=\"wp-block-column is-layout-flow wp-block-column-is-layout-flow\">\n<p>Hay muchas razones por qu\u00e9 uno puede volar a Malta y pasar una buena semana aqu\u00ed. Si eres un aficionado a la historia, esto puede decirse que sea el lugar para visitar. Hay castillos, todo tipo de fortificaciones, palacios, iglesias y el rico patrimonio art\u00edstico que ha hecho una de esas islas mediterr\u00e1neas con mucho que admirar de Malta. Si uno es adicto a la historia militar, hay ser visitado los kil\u00f3metros de fortificaciones de la edad del bronce hasta la segunda guerra mundial, militar y museos de aviaci\u00f3n y hasta la segunda guerra mundial dos refugios de la excavada en la roca.<\/p>\n\n\n\n<p>Malta tambi\u00e9n se ha descrito como un para\u00edso arqueol\u00f3gico, con sus \u00fanicos restos prehist\u00f3ricos. Estos son considerados como los m\u00e1s antiguos edificios libres en el mundo, y son impresionantes.<\/p>\n\n\n\n<p>Si usted est\u00e1 interesado en la rica herencia cultural, entonces hay la posibilidad de que se sumerja en la mir\u00edada de actividades tradicionales. Siendo una de las fiestas nacionales que se celebran durante todo el a\u00f1o, las recreaciones hist\u00f3ricas con una gran variedad de acontecimientos hist\u00f3ricos, as\u00ed como las fiestas religiosas, uno es mimado por elecci\u00f3n. Las fiestas religiosas dan una sensaci\u00f3n de autenticidad, como \u00e9stos no se juegan para el turista, sino que son el principal evento anual de la localidad, organizado por los lugare\u00f1os para su propio disfrute.<\/p>\n\n\n\n<p>Por qu\u00e9 Malta, si no fuera por los mares azules y cielos y un clima templado que se encuentra. El mar es un lugar acogedor siempre a explorar, relajarse o incluso a la buceo de pr\u00e1ctica. El clima es perfecto para las vacaciones de invierno, durante el cual uno puede explorar el campo con sus carriles, pasajes estrechos, peque\u00f1os campos, caser\u00edos caracter\u00edsticos y otro patrimonio arquitect\u00f3nico del campo. Es el momento adecuado para visitar los varios peque\u00f1os pueblos, con sus casas modernas, pero con un n\u00facleo medieval.<\/p>\n\n\n\n<p>Malta es el lugar donde uno puede tener un buen relax, disfrutando de cualquier tipo de actividad que puede ser imaginada y terminar el d\u00eda con una buena comida. Tampoco se pueden disfrutar de las delicias gastron\u00f3micas de diferentes cocinas de todo el mundo. Sin embargo, tambi\u00e9n hay la tentaci\u00f3n de degustar la gastronom\u00eda local, con los muchos restaurantes en toda la isla que proporcionan un buen trato. El pescado es una especialidad y uno no puede ir mal con un plato de pescado fresco. Comida local no est\u00e1 restringida a las comidas, pero muchas peque\u00f1as tiendas ofrecen uno con la posibilidad de degustar algunas delicias Malt\u00e9s muy bien \u2013 los pastizzi, imqaret y muchos otros.<\/p>\n\n\n\n<p>Por qu\u00e9 Malta? Porque es el lugar para visitar, para relajarse y disfrutar.<\/p>\n<\/div>\n<\/div>\n","protected":false},"excerpt":{"rendered":"<p>Hay muchas razones por qu\u00e9 uno puede volar a Malta y pasar una buena semana aqu\u00ed. Si eres un aficionado a la historia, esto puede decirse que sea el lugar para visitar. Hay castillos, todo tipo de fortificaciones, palacios, iglesias y el rico patrimonio art\u00edstico que ha hecho una de esas islas mediterr\u00e1neas con mucho<\/p>\n","protected":false},"author":1,"featured_media":0,"parent":2733,"menu_order":0,"comment_status":"closed","ping_status":"closed","template":"","meta":{"inline_featured_image":false,"footnotes":""},"_links":{"self":[{"href":"https:\/\/holidayvillasmalta.com\/es\/wp-json\/wp\/v2\/pages\/2722"}],"collection":[{"href":"https:\/\/holidayvillasmalta.com\/es\/wp-json\/wp\/v2\/pages"}],"about":[{"href":"https:\/\/holidayvillasmalta.com\/es\/wp-json\/wp\/v2\/types\/page"}],"author":[{"embeddable":true,"href":"https:\/\/holidayvillasmalta.com\/es\/wp-json\/wp\/v2\/users\/1"}],"replies":[{"embeddable":true,"href":"https:\/\/holidayvillasmalta.com\/es\/wp-json\/wp\/v2\/comments?post=2722"}],"version-history":[{"count":1,"href":"https:\/\/holidayvillasmalta.com\/es\/wp-json\/wp\/v2\/pages\/2722\/revisions"}],"predecessor-version":[{"id":2744,"href":"https:\/\/holidayvillasmalta.com\/es\/wp-json\/wp\/v2\/pages\/2722\/revisions\/2744"}],"up":[{"embeddable":true,"href":"https:\/\/holidayvillasmalta.com\/es\/wp-json\/wp\/v2\/pages\/2733"}],"wp:attachment":[{"href":"https:\/\/holidayvillasmalta.com\/es\/wp-json\/wp\/v2\/media?parent=2722"}],"curies":[{"name":"wp","href":"https:\/\/api.w.org\/{rel}","templated":true}]}}