{"id":2771,"date":"2023-06-29T20:28:30","date_gmt":"2023-06-29T19:28:30","guid":{"rendered":"https:\/\/holidayvillasmalta.com\/terms-conditions"},"modified":"2023-08-10T18:25:09","modified_gmt":"2023-08-10T17:25:09","slug":"terms-conditions","status":"publish","type":"page","link":"https:\/\/holidayvillasmalta.com\/de\/terms-conditions","title":{"rendered":"Begriffe &#038; Bedingungen"},"content":{"rendered":"\n<div class=\"wp-block-columns is-layout-flex wp-container-core-columns-is-layout-1 wp-block-columns-is-layout-flex\">\n<div class=\"wp-block-column is-layout-flow wp-block-column-is-layout-flow\">\n<p>Bitte lesen Sie die folgenden allgemeinen Gesch\u00e4ftsbedingungen sorgf\u00e4ltig, bevor Sie Ihre Buchung vornehmen. Wenn Sie eine Fragen z\u00f6gern Sie bitte nicht uns \u00fcber das Formular auf der rechten Seite oder durch an&nbsp;<a href=\"https:\/\/holidayvillasmalta.com\/contact\">kontaktieren sie uns<\/a>.<\/p>\n\n\n\n<ol><li>Der Mindestaufenthalt variiert je nach Villa und Monat zwischen 2 und 5 N\u00e4chten.<\/li><li>Check-Ins an Sonntagen sind nicht erlaubt<\/li><li>25 % Anzahlung ist erforderlich um eine Buchung zu sichern, 100% Anzahlung f\u00fcr Buchungen von weniger als 60 Tagen.<\/li><li>Gesamtabrechnung der Restbetrag ist bis 60 Tage vor Anreisedatum erfolgen.<\/li><li>Stornierungen sind nur bis zu 60 Tagen akzeptiert und Sie verf\u00e4llt Ihre Anzahlung.<\/li><li>Sach- und Sachsch\u00e4den gehen zu Lasten des Mieters. Ein Inventar der Gegenst\u00e4nde ist auf dem Gel\u00e4nde zug\u00e4nglich. Eine Kaution in H\u00f6he von 500 \u20ac muss beim Check-in per Revolut oder anderweitig per Bank\u00fcberweisung vor der Ankunft beim Eigent\u00fcmer hinterlegt werden. Diese werden innerhalb von 5 Tagen zur\u00fcckerstattet, wenn keine Sch\u00e4den am Eigentum entstehen. In jeder Villa befindet sich ein Inventar der Gegenst\u00e4nde und M\u00f6bel in der Villa.<\/li><li>Check-in ist ausschlie\u00dflich ab 15:00 Uhr m\u00f6glich \u2013 ein fr\u00fcher Check-in unterliegt der Verf\u00fcgbarkeit.<\/li><li>Die Check-out-Zeit ist ausschlie\u00dflich bis 09.30 Uhr \u2013 ein sp\u00e4ter Check-out unterliegt der Verf\u00fcgbarkeit und es fallen zus\u00e4tzliche Geb\u00fchren an.<\/li><li>Mehrwertsteuer von 7 % ist in unseren Preisen inbegriffen.<\/li><li>Bei Zahlung per PayPal fallen zus\u00e4tzliche Geb\u00fchren an, da unsere Geb\u00fchren netto sind.<\/li><li>Die Klimaanlage (K\u00fchlung und Heizung) in der Villa Watersedge kann f\u00fcr 20 \u20ac pro Nacht hinzugef\u00fcgt werden, w\u00e4hrend in allen anderen Villen eine Pay \/ Use-Maschine mit 10 \u20ac t\u00e4glich kostenlos zur Verf\u00fcgung gestellt wird.<\/li><li>WIFI ist kostenlos.<\/li><li>Villen sind haustierfreundlich (Max. ein Haustier pro Villa) &#8211; 75 \u20ac Geb\u00fchr f\u00fcr Haustiere.<\/li><li>In den Villen finden keine Partys\/Disco statt und es ist keine laute Musik erlaubt, da sich die Villen neben Grundst\u00fccken Dritter befinden. H\u00f6chstzahl der Personen gebucht ist, nicht \u00fcberschritten werden, es sei denn, der Eigent\u00fcmer der Villen dem zustimmt. Es werden stichprobenartige Inspektionen durchgef\u00fchrt, um zu \u00fcberpr\u00fcfen, ob die Anzahl der G\u00e4ste in der Villa der Buchung entspricht. Bei Nichteinhaltung dieser Bedingung wird die Villa m\u00fcssen sofort ger\u00e4umt werden und Zahlungen gehen verloren.<\/li><li>Das Rauchen ist drinnen verboten und nur drau\u00dfen in den Pool- und Terrassenbereichen erlaubt.<\/li><li>Eventuelle Sonnencremes oder Br\u00e4unungs\u00f6le sind vor der Benutzung des Pools zu entfernen, da diese den Pool unrein und tr\u00fcb machen. Haustiere sind im Pool nicht erlaubt.<\/li><li>Die Villa muss so sauber wie m\u00f6glich hinterlassen werden; Bei \u00fcberm\u00e4\u00dfiger Verschmutzung wird eine Geb\u00fchr von 75 \u20ac erhoben, die von der Schadenskaution abgezogen wird. Zusatzreinigung, einschlie\u00dflich Handtuch-und Bettw\u00e4schewechsel ist zu den Tarifen, die auf dem Buchungsformular angegebenen extra berechnet. Der M\u00fcll muss nach dem in der Villa vorgefundenen Tagesplan nach drau\u00dfen gebracht werden. Die folgenden Bu\u00dfgelder werden erhoben und von der Schadenskaution abgezogen:<ul><li>300 \u20ac \u2013 Wenn G\u00e4ste drinnen rauchen.<\/li><li>150 \u20ac \u2013 Wenn Haustiere im Schwimmbad schwimmen \/ Sonnencreme oder Br\u00e4unungs\u00f6le im Schwimmbad gefunden werden.<\/li><li>75 \u20ac \u2013 \u00dcberm\u00e4\u00dfige Verschmutzung inkl. Tierhaare\/Schmutz; Villa muss so sauber wie m\u00f6glich hinterlassen werden und Geschirr\/Besteck muss ohne Essensreste abgewaschen werden.<\/li><\/ul><\/li><li>Alle zerbrochenen Gegenst\u00e4nde, einschlie\u00dflich Glaswaren und Teller, m\u00fcssen von der Schadenskaution gem\u00e4\u00df der Inventarliste in der Villa bezahlt werden.<\/li><li>Wir behalten uns vor, keine Buchung zu akzeptieren, ohne dass einen Grund f\u00fcr den Mieter angegeben.<\/li><li>Benutzer platzieren ihre Buchung \u00fcber www.holidayvillasmalta.com erkl\u00e4ren sich damit einverstanden, dass ihre pers\u00f6nlichen und Kontakt Informationen vertraulich f\u00fcr zuk\u00fcnftige Kommunikation einschlie\u00dflich Werbezwecken gespeichert werden.<\/li><li>Dachterrassen sind aufgrund von Gesundheits- und Sicherheitsvorschriften nicht zug\u00e4nglich.<\/li><li>Gem\u00e4\u00df den allgemeinen Datenschutzbestimmungen (Verordnung EU 2016\/679 des Europ\u00e4ischen Parlaments) (&#8220;DSGVO&#8221;) ist die Gesellschaft verpflichtet, personenbezogene Daten vertraulich und im Einklang mit den Anforderungen der Datenschutz-Grundverordnung zu erhalten und zu verarbeiten. Die betroffene Person hat bestimmte mit der Datenschutz-Grundverordnung verbundene Rechte, und zu diesem Zweck verf\u00fcgt die Gesellschaft \u00fcber eine interne Datenschutzpolitik, die auf die Anforderungen der DSGVO ausgerichtet ist. Eine Kopie der Datenschutzrichtlinie kann angefordert werden, indem Sie eine E-Mail an senden&nbsp;<a href=\"mailto:info@holidayvillasmalta.com\">info@holidayvillasmalta.com<\/a><\/li><\/ol>\n<\/div>\n<\/div>\n","protected":false},"excerpt":{"rendered":"<p>Bitte lesen Sie die folgenden allgemeinen Gesch\u00e4ftsbedingungen sorgf\u00e4ltig, bevor Sie Ihre Buchung vornehmen. Wenn Sie eine Fragen z\u00f6gern Sie bitte nicht uns \u00fcber das Formular auf der rechten Seite oder durch an&nbsp;kontaktieren sie uns. Der Mindestaufenthalt variiert je nach Villa und Monat zwischen 2 und 5 N\u00e4chten. Check-Ins an Sonntagen sind nicht erlaubt 25 %<\/p>\n","protected":false},"author":1,"featured_media":0,"parent":0,"menu_order":0,"comment_status":"closed","ping_status":"closed","template":"","meta":{"inline_featured_image":false,"footnotes":""},"_links":{"self":[{"href":"https:\/\/holidayvillasmalta.com\/de\/wp-json\/wp\/v2\/pages\/2771"}],"collection":[{"href":"https:\/\/holidayvillasmalta.com\/de\/wp-json\/wp\/v2\/pages"}],"about":[{"href":"https:\/\/holidayvillasmalta.com\/de\/wp-json\/wp\/v2\/types\/page"}],"author":[{"embeddable":true,"href":"https:\/\/holidayvillasmalta.com\/de\/wp-json\/wp\/v2\/users\/1"}],"replies":[{"embeddable":true,"href":"https:\/\/holidayvillasmalta.com\/de\/wp-json\/wp\/v2\/comments?post=2771"}],"version-history":[{"count":1,"href":"https:\/\/holidayvillasmalta.com\/de\/wp-json\/wp\/v2\/pages\/2771\/revisions"}],"predecessor-version":[{"id":2780,"href":"https:\/\/holidayvillasmalta.com\/de\/wp-json\/wp\/v2\/pages\/2771\/revisions\/2780"}],"wp:attachment":[{"href":"https:\/\/holidayvillasmalta.com\/de\/wp-json\/wp\/v2\/media?parent=2771"}],"curies":[{"name":"wp","href":"https:\/\/api.w.org\/{rel}","templated":true}]}}