{"id":2751,"date":"2023-06-29T20:10:21","date_gmt":"2023-06-29T19:10:21","guid":{"rendered":"https:\/\/holidayvillasmalta.com\/about\/marsascala"},"modified":"2023-08-10T18:19:03","modified_gmt":"2023-08-10T17:19:03","slug":"marsascala","status":"publish","type":"page","link":"https:\/\/holidayvillasmalta.com\/de\/about\/marsascala","title":{"rendered":"\u00dcber Marsascala"},"content":{"rendered":"\n<div class=\"wp-block-columns is-layout-flex wp-container-core-columns-is-layout-1 wp-block-columns-is-layout-flex\">\n<div class=\"wp-block-column is-layout-flow wp-block-column-is-layout-flow\">\n<p>Marsascala bietet Ihnen eine entspannte Atmosph\u00e4re, w\u00e4hrend Sie noch mit eine Vielzahl von Aktivit\u00e4ten. Die unmittelbare Umgebung umfasst eine Reihe von bekannten Restaurants und Unterhaltungsm\u00f6glichkeiten. Sei es, einen schnellen Snack oder ein Bankett der ausgewachsenen Fische, es ist nur eine kurze Autofahrt entfernt. Sie k\u00f6nnen Fu\u00df entlang der malerischen Promenade w\u00e4hrend auf Ihrer Weise zum Abendessen und lernen Sie die Einheimischen kennen, wird zweifellos kommen von oder gehen zu den gleichen Restaurants. Ein Abendspaziergang oder ein Job am fr\u00fchen Morgen an der beliebten Promenade Marsascala ist ein Erlebnis f\u00fcr sich.<\/p>\n\n\n\n<p>Marsascala ist auch sehr nahe der alten Stadt Zejtun, ist ein typisches Dorf der Malteser umgibt eine Kirche. Zejtun erleben Sie wirklich die maltesische Lebensweise. Der Brunnen Fischen Dorf Marsaxlokk auch ganz in der N\u00e4he ist? Wie Marsacala ist dieser Ort sehr viel f\u00fcr seine Fischrestaurants begehrt. Marsaxlokk ist sehr beliebt bei Touristen und Einheimischen gleicherma\u00dfen f\u00fcr seinen frischen Fisch-Markt, der jeden Morgen festgelegt wird. Sie sollten einen Morgen f\u00fcr einen Spaziergang durch diese belebten Markt reservieren und genie\u00dfen Sie sehen frische mediterrane Fisch verkauft und dann Bestellung einen Fisch Mittagessen in einem der vielen Restaurants, die umgeben von die malerische Bucht. Die Bucht ist meist voll von traditionellen maltesischen Fischerboote, sofern Sie w\u00e4hrend einer Zeit besuchen wann sind die Fischer Angeln nat\u00fcrlich!<\/p>\n\n\n\n<p>F\u00fcnf unserer sechs Villen liegen strategisch g\u00fcnstig zwischen Zejtun, Marsascala und Marsaxlokk, so bietet Ihnen die Ruhe der Landschaft, w\u00e4hrend immer noch einen Steinwurf entfernt von den Stadtzentren. Villa Watersedge wie der Name schon sagt liegt buchst\u00e4blich auf einem unber\u00fchrten felsigen Strand in Marsascala. Marsascala ist auch sehr beliebt f\u00fcr seine Str\u00e4nde. Das Gebiet umfasst felsige und sandige Str\u00e4nde in wenigen Minuten Fu\u00df voneinander. Am Strand haben Sie wirklich die M\u00f6glichkeit die Einheimischen zu treffen, da die Str\u00e4nde in den hei\u00dfen Sommermonaten meist sehr besch\u00e4ftigt sind. Tauchen ist ein sehr popul\u00e4rer Sport in Malta und es gibt mehr als 7000 qualifiziert, Taucher und zahlreiche Tauchschulen. In Marsascala ist es sehr einfach, einen Schnupper-Tauchgang einzurichten oder zu mieten sind Sie ein qualifizierter Taucher aus lokalen Tauchclub.<\/p>\n\n\n\n<p>Verkehr ist durch den neuen Arriva-Bus-System, selbst Chauffeur Gefahren-Mietwagen und Taxiunternehmen gesorgt. Bushaltestellen befinden sich in einen halben Kilometer voneinander und Busse sind sehr h\u00e4ufig. GPS-Systeme sind nat\u00fcrlich empfohlen, da obwohl Malta ein kleines Land ist, es sicherlich eine Menge gibt zu sehen und zu tun. Die Bereichen Malta Nachtleben Paceville, Sliema und Bugibba sind nur Minuten entfernt mit dem Auto von Marsascala.<\/p>\n<\/div>\n<\/div>\n","protected":false},"excerpt":{"rendered":"<p>Marsascala bietet Ihnen eine entspannte Atmosph\u00e4re, w\u00e4hrend Sie noch mit eine Vielzahl von Aktivit\u00e4ten. Die unmittelbare Umgebung umfasst eine Reihe von bekannten Restaurants und Unterhaltungsm\u00f6glichkeiten. Sei es, einen schnellen Snack oder ein Bankett der ausgewachsenen Fische, es ist nur eine kurze Autofahrt entfernt. Sie k\u00f6nnen Fu\u00df entlang der malerischen Promenade w\u00e4hrend auf Ihrer Weise zum<\/p>\n","protected":false},"author":1,"featured_media":0,"parent":2729,"menu_order":0,"comment_status":"closed","ping_status":"closed","template":"","meta":{"inline_featured_image":false,"footnotes":""},"_links":{"self":[{"href":"https:\/\/holidayvillasmalta.com\/de\/wp-json\/wp\/v2\/pages\/2751"}],"collection":[{"href":"https:\/\/holidayvillasmalta.com\/de\/wp-json\/wp\/v2\/pages"}],"about":[{"href":"https:\/\/holidayvillasmalta.com\/de\/wp-json\/wp\/v2\/types\/page"}],"author":[{"embeddable":true,"href":"https:\/\/holidayvillasmalta.com\/de\/wp-json\/wp\/v2\/users\/1"}],"replies":[{"embeddable":true,"href":"https:\/\/holidayvillasmalta.com\/de\/wp-json\/wp\/v2\/comments?post=2751"}],"version-history":[{"count":1,"href":"https:\/\/holidayvillasmalta.com\/de\/wp-json\/wp\/v2\/pages\/2751\/revisions"}],"predecessor-version":[{"id":2760,"href":"https:\/\/holidayvillasmalta.com\/de\/wp-json\/wp\/v2\/pages\/2751\/revisions\/2760"}],"up":[{"embeddable":true,"href":"https:\/\/holidayvillasmalta.com\/de\/wp-json\/wp\/v2\/pages\/2729"}],"wp:attachment":[{"href":"https:\/\/holidayvillasmalta.com\/de\/wp-json\/wp\/v2\/media?parent=2751"}],"curies":[{"name":"wp","href":"https:\/\/api.w.org\/{rel}","templated":true}]}}