{"id":2729,"date":"2023-06-03T16:25:17","date_gmt":"2023-06-03T15:25:17","guid":{"rendered":"https:\/\/holidayvillasmalta.com\/about"},"modified":"2023-09-11T17:29:51","modified_gmt":"2023-09-11T16:29:51","slug":"about","status":"publish","type":"page","link":"https:\/\/holidayvillasmalta.com\/de\/about","title":{"rendered":"\u00dcber Uns"},"content":{"rendered":"\n<div class=\"wp-block-columns are-vertically-aligned-center is-layout-flex wp-container-core-columns-is-layout-1 wp-block-columns-is-layout-flex\">\n<div class=\"wp-block-column is-vertically-aligned-center is-layout-flow wp-block-column-is-layout-flow\">\n<p>Holiday Villas Malta ist ein familiengef\u00fchrtes Unternehmen und wir bem\u00fchen uns, Ferienwohnungen, das ist einzigartig, typische maltesische Herzlichkeit und Gastfreundschaft, und vor allem sehr hohe Standards. Wir sorgen pers\u00f6nlich daf\u00fcr sorgen, dass unsere Villen alle erwarteten Amenties bieten und Mieter Fragen pers\u00f6nlich zu behandeln.<\/p>\n\n\n\n<p>Die Villen in denen entworfen und gebaut von dem Eigent\u00fcmer, Chris Cachia, Architekt von Beruf mit einem scharfen Auge f\u00fcr \u00e4sthetische detail neben Fachkenntnissen in maltesischen Architektur. Chris hat daf\u00fcr gesorgt, dass die Villen landestypischer in Design und die authentischen Baumaterialien verwendet behalten. Sie basieren alle auf hohem Niveau, mit gro\u00dfen Zimmern und weite offene R\u00e4ume. Chris hat nat\u00fcrliche Beleuchtung und Bel\u00fcftung zu gew\u00e4hrleisten, dass die Insassen die maltesische Sonne auch wenn drinnen genie\u00dft besondere Aufmerksamkeit.<\/p>\n\n\n\n<p>Frau Josette Cachia, Ehefrau des Besitzers Clientabfragen verarbeitet und verwaltet, die Tag f\u00fcr Tag l\u00e4uft der Villen die umfasst ein Team von Klempner, Elektriker, Pool-Pflege-Personal, Reiniger usw. verwalten. Die Cachia Haus liegt in unmittelbarer N\u00e4he der Villen und sie sind immer bereit sind zu helfen.<\/p>\n<\/div>\n\n\n\n<div class=\"wp-block-column is-vertically-aligned-center is-layout-flow wp-block-column-is-layout-flow\"><div class=\"wp-block-image\">\n<figure class=\"aligncenter size-full\"><img loading=\"lazy\" decoding=\"async\" width=\"372\" height=\"297\" src=\"https:\/\/holidayvillasmalta.com\/app\/uploads\/2023\/06\/Holiday-Villas-Malta-Team.jpg\" alt=\"\" class=\"wp-image-317\" srcset=\"https:\/\/holidayvillasmalta.com\/app\/uploads\/2023\/06\/Holiday-Villas-Malta-Team.jpg 372w, https:\/\/holidayvillasmalta.com\/app\/uploads\/2023\/06\/Holiday-Villas-Malta-Team-300x240.jpg 300w\" sizes=\"(max-width: 372px) 100vw, 372px\" \/><\/figure><\/div><\/div>\n<\/div>\n","protected":false},"excerpt":{"rendered":"<p>Holiday Villas Malta ist ein familiengef\u00fchrtes Unternehmen und wir bem\u00fchen uns, Ferienwohnungen, das ist einzigartig, typische maltesische Herzlichkeit und Gastfreundschaft, und vor allem sehr hohe Standards. Wir sorgen pers\u00f6nlich daf\u00fcr sorgen, dass unsere Villen alle erwarteten Amenties bieten und Mieter Fragen pers\u00f6nlich zu behandeln. Die Villen in denen entworfen und gebaut von dem Eigent\u00fcmer, Chris<\/p>\n","protected":false},"author":1,"featured_media":0,"parent":0,"menu_order":0,"comment_status":"closed","ping_status":"open","template":"","meta":{"inline_featured_image":false,"footnotes":""},"_links":{"self":[{"href":"https:\/\/holidayvillasmalta.com\/de\/wp-json\/wp\/v2\/pages\/2729"}],"collection":[{"href":"https:\/\/holidayvillasmalta.com\/de\/wp-json\/wp\/v2\/pages"}],"about":[{"href":"https:\/\/holidayvillasmalta.com\/de\/wp-json\/wp\/v2\/types\/page"}],"author":[{"embeddable":true,"href":"https:\/\/holidayvillasmalta.com\/de\/wp-json\/wp\/v2\/users\/1"}],"replies":[{"embeddable":true,"href":"https:\/\/holidayvillasmalta.com\/de\/wp-json\/wp\/v2\/comments?post=2729"}],"version-history":[{"count":2,"href":"https:\/\/holidayvillasmalta.com\/de\/wp-json\/wp\/v2\/pages\/2729\/revisions"}],"predecessor-version":[{"id":3038,"href":"https:\/\/holidayvillasmalta.com\/de\/wp-json\/wp\/v2\/pages\/2729\/revisions\/3038"}],"wp:attachment":[{"href":"https:\/\/holidayvillasmalta.com\/de\/wp-json\/wp\/v2\/media?parent=2729"}],"curies":[{"name":"wp","href":"https:\/\/api.w.org\/{rel}","templated":true}]}}