{"id":2718,"date":"2023-06-29T20:10:55","date_gmt":"2023-06-29T19:10:55","guid":{"rendered":"https:\/\/holidayvillasmalta.com\/malta"},"modified":"2023-08-10T18:14:18","modified_gmt":"2023-08-10T17:14:18","slug":"malta","status":"publish","type":"page","link":"https:\/\/holidayvillasmalta.com\/de\/about\/malta","title":{"rendered":"\u00dcber Malta"},"content":{"rendered":"\n<div class=\"wp-block-columns is-layout-flex wp-container-core-columns-is-layout-1 wp-block-columns-is-layout-flex\">\n<div class=\"wp-block-column is-layout-flow wp-block-column-is-layout-flow\">\n<p>Es gibt so viele Gr\u00fcnde, warum Sie nach Malta fliegen und hier eine gute Woche verbringen k\u00f6nnen. Wenn Sie ein Geschichtsfan sind, k\u00f6nnte man sagen, dass dies der Ort ist, den Sie besuchen sollten. Es gibt Burgen, alle Arten von Festungen, Pal\u00e4ste, Kirchen und reiche Kunstsch\u00e4tze, die Malta zu einer jener Mittelmeerinseln gemacht haben, die so viel Bewundernswertes bieten. Wenn man s\u00fcchtig nach Milit\u00e4rgeschichte ist, gibt es Kilometer von Befestigungen aus der fr\u00fchen Bronzezeit bis zu Milit\u00e4r- und Luftfahrtmuseen des Zweiten Weltkriegs sowie sogar Zweiter-Weltkrieg-Felsenschutzr\u00e4ume zu besichtigen.<\/p>\n\n\n\n<p>Malta wurde auch als arch\u00e4ologisches Paradies beschrieben, mit seinen einzigartigen pr\u00e4historischen \u00dcberbleibseln. Diese gelten als die \u00e4ltesten freistehenden Strukturen der Welt und sie sind beeindruckend.<\/p>\n\n\n\n<p>Wenn Sie am reichen Kulturerbe interessiert sind, haben Sie die M\u00f6glichkeit, sich in die Vielzahl traditioneller Aktivit\u00e4ten einzutauchen. Wenn es eines der nationalen Festivals gibt, die das ganze Jahr \u00fcber stattfinden, die historischen Erinnerungen an eine Vielzahl historischer Ereignisse sowie die religi\u00f6sen Festivals, so hat man die Qual der Wahl. Die religi\u00f6sen Festivals vermitteln Authentizit\u00e4t, da sie nicht f\u00fcr Touristen inszeniert werden, sondern das wichtigste j\u00e4hrliche Ereignis des Ortes sind, das von den Einheimischen f\u00fcr ihr eigenes Vergn\u00fcgen organisiert wird.<\/p>\n\n\n\n<p>Warum Malta, wenn nicht wegen des klaren blauen Meeres und des milden Wetters, das herrscht. Das Meer ist ein immer einladender Ort zum Erkunden, Entspannen oder sogar zum Tauchen. Das Wetter ist perfekt f\u00fcr Winterurlaube, um die Landschaft mit ihren Gassen, engen Durchg\u00e4ngen, kleinen Feldern, charakteristischen Bauernh\u00e4usern und anderen architektonischen Erbe-Landschaften zu erkunden. Es ist die richtige Zeit, die verschiedenen kleinen D\u00f6rfer mit ihren modernen H\u00e4usern, aber mit einem mittelalterlichen Kern, zu besuchen.<\/p>\n\n\n\n<p>Malta ist der Ort, an dem Sie einen sch\u00f6nen erholsamen Urlaub verbringen k\u00f6nnen, jede erdenkliche Aktivit\u00e4t genie\u00dfen k\u00f6nnen und den Tag mit gutem Essen ausklingen lassen k\u00f6nnen. Man kann entweder die kulinarischen K\u00f6stlichkeiten verschiedener K\u00fcchen aus der ganzen Welt genie\u00dfen. Dennoch gibt es auch die Versuchung, die lokale K\u00fcche zu kosten, da viele Restaurants auf der ganzen Insel ein gutes Angebot bieten. Fisch ist eine Spezialit\u00e4t und man kann mit einem Teller frischen Fisch nichts falsch machen. Die lokale K\u00fcche beschr\u00e4nkt sich nicht nur auf Mahlzeiten, sondern viele kleine Gesch\u00e4fte bieten die M\u00f6glichkeit, einige wirklich gute maltesische Delikatessen zu probieren &#8211; die Pastizzi, Imqaret und viele andere.<\/p>\n\n\n\n<p>Warum Malta? Weil es der Ort ist, den man besuchen sollte, um sich zu entspannen und zu genie\u00dfen.<\/p>\n<\/div>\n<\/div>\n","protected":false},"excerpt":{"rendered":"<p>Es gibt so viele Gr\u00fcnde, warum Sie nach Malta fliegen und hier eine gute Woche verbringen k\u00f6nnen. Wenn Sie ein Geschichtsfan sind, k\u00f6nnte man sagen, dass dies der Ort ist, den Sie besuchen sollten. Es gibt Burgen, alle Arten von Festungen, Pal\u00e4ste, Kirchen und reiche Kunstsch\u00e4tze, die Malta zu einer jener Mittelmeerinseln gemacht haben, die<\/p>\n","protected":false},"author":1,"featured_media":0,"parent":2729,"menu_order":0,"comment_status":"closed","ping_status":"closed","template":"","meta":{"inline_featured_image":false,"footnotes":""},"_links":{"self":[{"href":"https:\/\/holidayvillasmalta.com\/de\/wp-json\/wp\/v2\/pages\/2718"}],"collection":[{"href":"https:\/\/holidayvillasmalta.com\/de\/wp-json\/wp\/v2\/pages"}],"about":[{"href":"https:\/\/holidayvillasmalta.com\/de\/wp-json\/wp\/v2\/types\/page"}],"author":[{"embeddable":true,"href":"https:\/\/holidayvillasmalta.com\/de\/wp-json\/wp\/v2\/users\/1"}],"replies":[{"embeddable":true,"href":"https:\/\/holidayvillasmalta.com\/de\/wp-json\/wp\/v2\/comments?post=2718"}],"version-history":[{"count":1,"href":"https:\/\/holidayvillasmalta.com\/de\/wp-json\/wp\/v2\/pages\/2718\/revisions"}],"predecessor-version":[{"id":2742,"href":"https:\/\/holidayvillasmalta.com\/de\/wp-json\/wp\/v2\/pages\/2718\/revisions\/2742"}],"up":[{"embeddable":true,"href":"https:\/\/holidayvillasmalta.com\/de\/wp-json\/wp\/v2\/pages\/2729"}],"wp:attachment":[{"href":"https:\/\/holidayvillasmalta.com\/de\/wp-json\/wp\/v2\/media?parent=2718"}],"curies":[{"name":"wp","href":"https:\/\/api.w.org\/{rel}","templated":true}]}}