{"id":2956,"date":"2023-06-29T20:15:03","date_gmt":"2023-06-29T19:15:03","guid":{"rendered":"https:\/\/holidayvillasmalta.com\/contact"},"modified":"2023-08-14T21:01:06","modified_gmt":"2023-08-14T20:01:06","slug":"contact","status":"publish","type":"page","link":"https:\/\/holidayvillasmalta.com\/da\/contact","title":{"rendered":"Kontakt Os"},"content":{"rendered":"\n\n<!-- Close Column -->\n<\/div>\n<!-- Close Row -->\n<\/div>\n<!-- Close Container -->\n<\/div>\n<!-- CONTACT -->\n<section class=\"section-contact\">\n    <div class=\"container\">\n        <div class=\"contact\">\n            <div class=\"row\">\n\n                <div class=\"col-md-6 col-lg-5\">\n\n                    <div class=\"text\">\n                        <h2>Lad os komme i kontakt.<\/h2>\n                        <p>Vi byder velkommen til alle henvendelser eller sp\u00f8rgsm\u00e5l, du m\u00e5tte have om vores fantastiske ferievillaer p\u00e5 Malta. Du er velkommen til at kontakte os, og vores team vil med gl\u00e6de v\u00e6re behj\u00e6lpelig.<\/p>\n                        <ul>\n                            <li><i class=\"fa fa-map-o\"><\/i> No. 3, Triq Id-Dahla Ta\u2019 San Tumas, Zejtun ZTN4026 Malta<\/li><li><i class=\"fa fa-phone\"><\/i> +356 77040404 \/ 00356 77040404<\/li><li><i class=\"fa fa-envelope-o\"><\/i> <a href=\"mailto:info@holidayvillasmalta.com\">info@holidayvillasmalta.com<\/a>\n\t\t\t\t\t\t\t\t<\/li>                        <\/ul>\n                    <\/div>\n\n                <\/div>\n\n                <div class=\"col-md-6 col-lg-6 col-lg-offset-1\">\n\n                    <div class=\"contact-form\">\n                        \n<div class=\"wpcf7 no-js\" id=\"wpcf7-f2966-o1\" lang=\"da-DK\" dir=\"ltr\">\n<div class=\"screen-reader-response\"><p role=\"status\" aria-live=\"polite\" aria-atomic=\"true\"><\/p> <ul><\/ul><\/div>\n<form action=\"\/da\/wp-json\/wp\/v2\/pages\/2956#wpcf7-f2966-o1\" method=\"post\" class=\"wpcf7-form init\" aria-label=\"Contact form\" novalidate=\"novalidate\" data-status=\"init\">\n<div style=\"display: none;\">\n<input type=\"hidden\" name=\"_wpcf7\" value=\"2966\" \/>\n<input type=\"hidden\" name=\"_wpcf7_version\" value=\"5.9.8\" \/>\n<input type=\"hidden\" name=\"_wpcf7_locale\" value=\"da_DK\" \/>\n<input type=\"hidden\" name=\"_wpcf7_unit_tag\" value=\"wpcf7-f2966-o1\" \/>\n<input type=\"hidden\" name=\"_wpcf7_container_post\" value=\"0\" \/>\n<input type=\"hidden\" name=\"_wpcf7_posted_data_hash\" value=\"\" \/>\n<input type=\"hidden\" name=\"_wpcf7_recaptcha_response\" value=\"\" \/>\n<\/div>\n<div class=\"row\">\n                                <div class=\"col-sm-6\">\n<span class=\"wpcf7-form-control-wrap\" data-name=\"your-name\"><input size=\"40\" maxlength=\"400\" class=\"wpcf7-form-control wpcf7-text wpcf7-validates-as-required field-text\" autocomplete=\"name\" aria-required=\"true\" aria-invalid=\"false\" placeholder=\"Navn\" value=\"\" type=\"text\" name=\"your-name\" \/><\/span>\n                                <\/div>\n                                <div class=\"col-sm-6\">\n<span class=\"wpcf7-form-control-wrap\" data-name=\"your-email\"><input size=\"40\" maxlength=\"400\" class=\"wpcf7-form-control wpcf7-email wpcf7-validates-as-required wpcf7-text wpcf7-validates-as-email field-text\" aria-required=\"true\" aria-invalid=\"false\" placeholder=\"E-mailadresse\" value=\"\" type=\"email\" name=\"your-email\" \/><\/span>\n                                <\/div>\n                                <div class=\"col-sm-12\">\n<span class=\"wpcf7-form-control-wrap\" data-name=\"your-subject\"><input size=\"40\" maxlength=\"400\" class=\"wpcf7-form-control wpcf7-text field-text\" aria-invalid=\"false\" placeholder=\"Emne\" value=\"\" type=\"text\" name=\"your-subject\" \/><\/span>\n                                <\/div>\n                                <div class=\"col-sm-12\">\n<span class=\"wpcf7-form-control-wrap\" data-name=\"your-message\"><textarea cols=\"30\" rows=\"10\" maxlength=\"2000\" class=\"wpcf7-form-control wpcf7-textarea field-textarea\" aria-invalid=\"false\" name=\"your-message\"><\/textarea><\/span>\n                                <\/div>\n                                <div class=\"col-sm-6\">\n<input class=\"wpcf7-form-control wpcf7-submit has-spinner awe-btn awe-btn-13\" type=\"submit\" value=\"Send\" \/>\n                                <\/div>\n                            <\/div><div class=\"wpcf7-response-output\" aria-hidden=\"true\"><\/div>\n<\/form>\n<\/div>\n                    <\/div>\n                <\/div>\n\n            <\/div>\n        <\/div>\n    <\/div>\n<\/section>\n<!-- END \/ CONTACT -->\n\n\n\n<!-- Open Container -->\n<div class=\"container\">\n    <!-- Open Row -->\n    <div class=\"row\">\n        <!-- Open Column -->\n        <!-- TODO MIK: Get Columns From Theme Settings -->\n        <div class=\"col-12\">\n\n\n\n<!-- Close Column -->\n<\/div>\n<!-- Close Row -->\n<\/div>\n<!-- Close Container -->\n<\/div>\n<!-- MAP -->\n<section class=\"section-map style-2 clearfix mt100\">\n    <div class=\"contact-map\">\n        <div id=\"villas-map\" class=\"awe-parallax\" data-styles=\"silver\" style=\"width:100%;height:600px\">\n        <\/div>\n\n        <div class=\"container contact text-center\">\n            \n        <\/div>\n    <\/div>\n<\/section>\n<!-- END \/ MAP -->\n\n\n<script>\n    jQuery(document).ready(function($) {\n        if (typeof google === 'object' && typeof google.maps === 'object') {\n            var latAverage = 0;\n            var lngAverage = 0\n\n            \n            var villasArray = [{\"title\":\"Villa Sky\",\"latitude\":\"35.854647\",\"longitude\":\"14.5496596\",\"url\":\"https:\\\/\\\/holidayvillasmalta.com\\\/da\\\/villa\\\/sky\"},{\"title\":\"Villa Valletta\",\"latitude\":\"35.8542962\",\"longitude\":\"14.5497233\",\"url\":\"https:\\\/\\\/holidayvillasmalta.com\\\/da\\\/villa\\\/valletta\"},{\"title\":\"Villa Lyons\",\"latitude\":\"35.8565902\",\"longitude\":\"14.5449247\",\"url\":\"https:\\\/\\\/holidayvillasmalta.com\\\/da\\\/villa\\\/lyons\"},{\"title\":\"Villa Chossie\",\"latitude\":\"35.8565275\",\"longitude\":\"14.5450866\",\"url\":\"https:\\\/\\\/holidayvillasmalta.com\\\/da\\\/villa\\\/chossie\"},{\"title\":\"Villa Watersedge\",\"latitude\":\"35.8579611\",\"longitude\":\"14.5710887\",\"url\":\"https:\\\/\\\/holidayvillasmalta.com\\\/da\\\/villa\\\/watersedge\"},{\"title\":\"The Chateau\",\"latitude\":\"35.8543817\",\"longitude\":\"14.5495201\",\"url\":\"https:\\\/\\\/holidayvillasmalta.com\\\/da\\\/villa\\\/chateau\"},{\"title\":\"Villa Strawberry Hills\",\"latitude\":\"35.8564052\",\"longitude\":\"14.5446576\",\"url\":\"https:\\\/\\\/holidayvillasmalta.com\\\/da\\\/villa\\\/strawberryhill\"},{\"title\":\"Villa Blueberry Hills\",\"latitude\":\"35.8564898\",\"longitude\":\"14.5447389\",\"url\":\"https:\\\/\\\/holidayvillasmalta.com\\\/da\\\/villa\\\/blueberry\"},{\"title\":\"Villa Mercury\",\"latitude\":\"35.8564494\",\"longitude\":\"14.5447433\",\"url\":\"https:\\\/\\\/holidayvillasmalta.com\\\/da\\\/villa\\\/mercury\"}];\n\n            \n\n\n            var map = new google.maps.Map(document.getElementById('villas-map'), {\n                zoom: 15,\n                center: {\n                    lat: 35.8630,\n                    lng: 14.5600\n                }, \/\/ Set the initial center of the map\n            });\n\n\n            if (typeof villasArray === 'object' && villasArray.length > 0) {\n                villasArray.forEach(function(villa) {\n                    var marker = new google.maps.Marker({\n                        position: {\n                            lat: parseFloat(villa.latitude),\n                            lng: parseFloat(villa.longitude)\n                        },\n                        map: map,\n                        icon: \"\/app\/themes\/understrap-child\/img\/map-marker-hvm-md.png\",\n                        title: villa.title\n                    });\n\n                    latAverage = latAverage + parseFloat(villa.latitude);\n                    lngAverage = lngAverage + parseFloat(villa.longitude);\n                });\n\n                latAverage = latAverage \/ villasArray.length;\n                lngAverage = lngAverage \/ villasArray.length;\n\n            }\n\n            \/\/ map.setCenter(new google.maps.LatLng(latAverage, lngAverage));\n        }\n    });\n<\/script>\n\n\n\n<!-- Open Container -->\n<div class=\"container\">\n    <!-- Open Row -->\n    <div class=\"row\">\n        <!-- Open Column -->\n        <!-- TODO MIK: Get Columns From Theme Settings -->\n        <div class=\"col-12\">","protected":false},"excerpt":{"rendered":"","protected":false},"author":1,"featured_media":0,"parent":0,"menu_order":0,"comment_status":"closed","ping_status":"closed","template":"","meta":{"inline_featured_image":false,"footnotes":""},"_links":{"self":[{"href":"https:\/\/holidayvillasmalta.com\/da\/wp-json\/wp\/v2\/pages\/2956"}],"collection":[{"href":"https:\/\/holidayvillasmalta.com\/da\/wp-json\/wp\/v2\/pages"}],"about":[{"href":"https:\/\/holidayvillasmalta.com\/da\/wp-json\/wp\/v2\/types\/page"}],"author":[{"embeddable":true,"href":"https:\/\/holidayvillasmalta.com\/da\/wp-json\/wp\/v2\/users\/1"}],"replies":[{"embeddable":true,"href":"https:\/\/holidayvillasmalta.com\/da\/wp-json\/wp\/v2\/comments?post=2956"}],"version-history":[{"count":4,"href":"https:\/\/holidayvillasmalta.com\/da\/wp-json\/wp\/v2\/pages\/2956\/revisions"}],"predecessor-version":[{"id":3012,"href":"https:\/\/holidayvillasmalta.com\/da\/wp-json\/wp\/v2\/pages\/2956\/revisions\/3012"}],"wp:attachment":[{"href":"https:\/\/holidayvillasmalta.com\/da\/wp-json\/wp\/v2\/media?parent=2956"}],"curies":[{"name":"wp","href":"https:\/\/api.w.org\/{rel}","templated":true}]}}