{"id":2767,"date":"2023-06-29T20:28:30","date_gmt":"2023-06-29T19:28:30","guid":{"rendered":"https:\/\/holidayvillasmalta.com\/terms-conditions"},"modified":"2023-08-10T18:27:26","modified_gmt":"2023-08-10T17:27:26","slug":"terms-conditions","status":"publish","type":"page","link":"https:\/\/holidayvillasmalta.com\/da\/terms-conditions","title":{"rendered":"Vilk\u00e5r &#038; Betingelser"},"content":{"rendered":"\n<div class=\"wp-block-columns is-layout-flex wp-container-core-columns-is-layout-1 wp-block-columns-is-layout-flex\">\n<div class=\"wp-block-column is-layout-flow wp-block-column-is-layout-flow\">\n<p>L\u00e6s venligst de f\u00f8lgende vilk\u00e5r og betingelser omhyggeligt f\u00f8r du foretager din reservation. Hvis du har nogen sp\u00f8rgsm\u00e5l er du velkommen til at kontakte os via formularen til h\u00f8jre eller gennem&nbsp;<a href=\"https:\/\/holidayvillasmalta.com\/contact\">kontakt os<\/a>.<\/p>\n\n\n\n<ol><li>Minimumopholdet varierer fra 2 til 5 n\u00e6tter afh\u00e6ngigt af villa og m\u00e5ned.<\/li><li>Indtjekning om s\u00f8ndagen er ikke tilladt<\/li><li>25% Depositum er p\u00e5kr\u00e6vet for at sikre en reservation, 100% depositum for bookinger mindre end 60 dage.<\/li><li>Fuld udligning af restbel\u00f8bet er foretages 60 dage f\u00f8r ankomst.<\/li><li>Afbestillinger accepteres kun inden 60 dage, og du vil miste din indbetaling.<\/li><li>Skader p\u00e5 ejendom og indhold er lejerens eneste ansvar. En oversigt over genstande er tilg\u00e6ngelig i lokalerne. Et depositum mod skader p\u00e5 \u20ac 500 skal efterlades hos ejeren ved indtjekning af Revolut eller p\u00e5 anden m\u00e5de ved bankoverf\u00f8rsel inden ankomst. Disse refunderes inden for 5 dage, hvis der ikke opst\u00e5r skader p\u00e5 ejendommen. En oversigt over genstande og m\u00f8bler i villaen kan findes i hver villa.<\/li><li>Indtjekningstidspunktet er strengt fra kl. 15.00 &#8211; Tidlig indtjekning afh\u00e6nger af tilg\u00e6ngelighed.<\/li><li>Udtjekningstidspunktet er strengt inden kl. 09.30 &#8211; Sen udtjekning afh\u00e6nger af tilg\u00e6ngelighed, og der opkr\u00e6ves yderligere gebyrer.<\/li><li>Vores priser er inklusiv moms p\u00e5 7%.<\/li><li>Yderligere gebyrer g\u00e6lder, n\u00e5r du betaler via PayPal, da vores gebyrer er netto.<\/li><li>Air conditioning (afk\u00f8ling og opvarmning) i Villa Watersedge kan tilf\u00f8jes til \u20ac 20 per nat, mens i alle andre villaer ved hj\u00e6lp af en betalings- \/ brugsmaskine med \u20ac 10 dagligt givet gratis.<\/li><li>WIFI er gratis.<\/li><li>Villaer er k\u00e6ledyrsvenlige (Maks. 1 k\u00e6ledyr pr. Villa) &#8211; 75 k\u00e6ledyrsgebyr g\u00e6lder.<\/li><li>Der afholdes ingen fester \/ diskoteker i villaerne, og ingen h\u00f8j musik er tilladt, da villaer ligger ved siden af \u200b\u200btredjeparts ejendomme. Maksimale antal personer reservationer er ikke at overskrides, medmindre dette er godkendt af ejeren af villaerne. Der udf\u00f8res tilf\u00e6ldige inspektioner for at kontrollere, at antallet af g\u00e6ster p\u00e5 villaen er som pr. I tilf\u00e6lde af brud p\u00e5 denne betingelse villaen skal forlades straks og eventuelle betalinger vil g\u00e5 tabt.<\/li><li>Rygning er forbudt indeni og er kun tilladt udenfor i pool- og terrasseomr\u00e5det.<\/li><li>Solcremer eller garveringsolier skal fjernes inden brug af poolen, da disse g\u00f8r poolen uren og overskyet. K\u00e6ledyr er ikke tilladt i poolen.<\/li><li>Villaen skal efterlades s\u00e5 rengjort som muligt; overdreven snavs vil resultere i \u20ac 75 gebyr, som vil blive taget fra skadesdepositumet. Ekstra reng\u00f8ring, herunder sengelinned er opladet ekstra p\u00e5 de priser, der er angivet p\u00e5 reservationsblanketten. Affald skal tages udefra i henhold til den daglige tidsplan, der findes i villaen. F\u00f8lgende b\u00f8der g\u00e6lder og vil blive taget fra skadesdepositumet:<ul><li>300 \u20ac &#8211; Hvis g\u00e6ster ryger inde.<\/li><li>\u20ac 150 &#8211; Hvis k\u00e6ledyr sv\u00f8mmer i swimmingpoolen \/ der findes solcreme eller garverolier i swimmingpoolen.<\/li><li>\u20ac 75 &#8211; Overdreven snavs inkl. k\u00e6ledyrsh\u00e5r \/ snavs; villaen skal efterlades s\u00e5 ren som muligt, og tallerkener \/ bestik skal vaskes uden madrester.<\/li><\/ul><\/li><li>Brudte genstande, herunder glas og plader, skal betales fra skadesdepositumet i henhold til lagerbehovet, der findes i villaen.<\/li><li>Vi forbeholder os ret til ikke at acceptere nogen bestilling uden at angive en \u00e5rsag til lejeren.<\/li><li>Anv\u00e4ndare att placera sin bokning via www.holidayvillasmalta.com \u00f6verens om att deras person- och kontaktuppgifter uppgifter konfidentiellt lagras f\u00f6r framtida kommunikation inklusive kampanjerbjudande.<\/li><li>Tagterrasser er ikke tilg\u00e6ngelige p\u00e5 grund af sundheds- og sikkerhedsforskrifter<\/li><li>I henhold til de generelle databeskyttelsesforordninger (Europa-Parlamentets forordninger EU 2016\/679) (&#8220;GDPR&#8221;) er selskabet forpligtet til at modtage og behandle personoplysninger med stor tillid og i overensstemmelse med kravene i GDPR. Den registrerede har visse rettigheder indeholdt i GDPR, og i den forbindelse har selskabet en intern databeskyttelsespolitik, der er udformet til at im\u00f8dekomme kravene i GDPR. En kopi af databeskyttelsespolitikken kan rekvireres ved at sende en mail til&nbsp;<a href=\"mailto:info@holidayvillasmalta.com\">info@holidayvillasmalta.com<\/a><\/li><\/ol>\n<\/div>\n<\/div>\n","protected":false},"excerpt":{"rendered":"<p>L\u00e6s venligst de f\u00f8lgende vilk\u00e5r og betingelser omhyggeligt f\u00f8r du foretager din reservation. Hvis du har nogen sp\u00f8rgsm\u00e5l er du velkommen til at kontakte os via formularen til h\u00f8jre eller gennem&nbsp;kontakt os. Minimumopholdet varierer fra 2 til 5 n\u00e6tter afh\u00e6ngigt af villa og m\u00e5ned. Indtjekning om s\u00f8ndagen er ikke tilladt 25% Depositum er p\u00e5kr\u00e6vet for<\/p>\n","protected":false},"author":1,"featured_media":0,"parent":0,"menu_order":0,"comment_status":"closed","ping_status":"closed","template":"","meta":{"inline_featured_image":false,"footnotes":""},"_links":{"self":[{"href":"https:\/\/holidayvillasmalta.com\/da\/wp-json\/wp\/v2\/pages\/2767"}],"collection":[{"href":"https:\/\/holidayvillasmalta.com\/da\/wp-json\/wp\/v2\/pages"}],"about":[{"href":"https:\/\/holidayvillasmalta.com\/da\/wp-json\/wp\/v2\/types\/page"}],"author":[{"embeddable":true,"href":"https:\/\/holidayvillasmalta.com\/da\/wp-json\/wp\/v2\/users\/1"}],"replies":[{"embeddable":true,"href":"https:\/\/holidayvillasmalta.com\/da\/wp-json\/wp\/v2\/comments?post=2767"}],"version-history":[{"count":1,"href":"https:\/\/holidayvillasmalta.com\/da\/wp-json\/wp\/v2\/pages\/2767\/revisions"}],"predecessor-version":[{"id":2786,"href":"https:\/\/holidayvillasmalta.com\/da\/wp-json\/wp\/v2\/pages\/2767\/revisions\/2786"}],"wp:attachment":[{"href":"https:\/\/holidayvillasmalta.com\/da\/wp-json\/wp\/v2\/media?parent=2767"}],"curies":[{"name":"wp","href":"https:\/\/api.w.org\/{rel}","templated":true}]}}