{"id":2747,"date":"2023-06-29T20:10:21","date_gmt":"2023-06-29T19:10:21","guid":{"rendered":"https:\/\/holidayvillasmalta.com\/about\/marsascala"},"modified":"2023-08-10T18:21:19","modified_gmt":"2023-08-10T17:21:19","slug":"marsascala","status":"publish","type":"page","link":"https:\/\/holidayvillasmalta.com\/da\/about\/marsascala","title":{"rendered":"Om Marsascala"},"content":{"rendered":"\n<div class=\"wp-block-columns is-layout-flex wp-container-core-columns-is-layout-1 wp-block-columns-is-layout-flex\">\n<div class=\"wp-block-column is-layout-flow wp-block-column-is-layout-flow\">\n<p>Marsascala tilbyder dig en afslappet atmosf\u00e6re mens stadig byder p\u00e5 et utal af aktiviteter. N\u00e6romr\u00e5det omfatter en r\u00e6kke kendte restauranter og underholdningssteder. Det v\u00e6re sig en hurtig snack eller en fuldst\u00e6ndig bl\u00e6st fisk banket, det er kun en kort k\u00f8retur v\u00e6k. Du kan g\u00e5 langs den maleriske promenade p\u00e5 vej til middag og f\u00e5r at vide de lokale, der vil uden tvivl kommer fra eller g\u00e5r til de samme restauranter. En aften g\u00e5tur eller en tidlig morgen job langs promenaden popul\u00e6re Marsascala er en oplevelse i sig selv.<\/p>\n\n\n\n<p>Marsascala er ogs\u00e5 meget t\u00e6t p\u00e5 den gamle by S\u00f8borg, som er en typisk maltesiske landsby omkring en kirke. P\u00e5 S\u00f8borg kan du virkelig opleve den maltesiske m\u00e5de at leve p\u00e5. Den velkendte fiskeri landsby af Marsaxlokk ligger ogs\u00e5 t\u00e6t ved. Ligesom Marsacala, er denne landsby meget eftertragtede for sine fiskerestauranter. Marsaxlokk er meget popul\u00e6rt hos turister og lokale b\u00e5de for sine friske fiskemarked, som er sat op hver morgen. Du b\u00f8r reservere en morgen for en spadseretur gennem denne travle marked og nyde at se friske Middelhavet fisk s\u00e6lges, og derefter bestille en fisk frokost i en af de mange restauranter, der omkranser den maleriske bugt. Bugten er som regel fuld af traditionelle maltesiske fiskerb\u00e5de, medmindre du bes\u00f8ger i l\u00f8bet af et tidspunkt, hvor fiskerne ud fiskeri jo!<\/p>\n\n\n\n<p>Fem af vores seks villas er strategisk placeret mellem Marsascala, S\u00f8borg og Marsaxlokk dermed tilbyder du roen i landskabet mens du stadig er et stenkast v\u00e6k fra bycentrene. Villa Watersedge ligger som navnet antyder bogstaveligt talt p\u00e5 en uber\u00f8rt stenstrand i Marsascala. Marsascala, er ogs\u00e5 meget popul\u00e6rt for sine strande. Omr\u00e5det omfatter stenede og sandede strande inden for et par minutter gang fra hinanden. P\u00e5 stranden vil du virkelig have mulighed for at m\u00f8de lokale strande er som regel meget travlt i de varme sommerm\u00e5neder. Dykning er en meget popul\u00e6r sport i Malta og der er over 7000 kvalificerer dykkere og mange dykkerskoler. I Marsascala er det meget nemt at oprette en smagspr\u00f8ve dykke eller at leje udstyr, hvis du er en dykker fra den lokale dykkerklub.<\/p>\n\n\n\n<p>Transport er d\u00e6kket af den nye Arriva bussystem, self og chauff\u00f8r Biludlejning og taxaer. Busstoppesteder ligger inden for en halv kilometer fra hinanden og busser er meget hyppige. GPS systemer er naturligvis anbefales, fordi selv om Malta er et lille land, der er helt sikkert en masse at se og g\u00f8re. De popul\u00e6re maltesiske natteliv omr\u00e5der i Paceville, Sliema og Bugibba er kun minutter v\u00e6k i bil fra Marsascala.<\/p>\n<\/div>\n<\/div>\n","protected":false},"excerpt":{"rendered":"<p>Marsascala tilbyder dig en afslappet atmosf\u00e6re mens stadig byder p\u00e5 et utal af aktiviteter. N\u00e6romr\u00e5det omfatter en r\u00e6kke kendte restauranter og underholdningssteder. Det v\u00e6re sig en hurtig snack eller en fuldst\u00e6ndig bl\u00e6st fisk banket, det er kun en kort k\u00f8retur v\u00e6k. Du kan g\u00e5 langs den maleriske promenade p\u00e5 vej til middag og f\u00e5r at<\/p>\n","protected":false},"author":1,"featured_media":0,"parent":2725,"menu_order":0,"comment_status":"closed","ping_status":"closed","template":"","meta":{"inline_featured_image":false,"footnotes":""},"_links":{"self":[{"href":"https:\/\/holidayvillasmalta.com\/da\/wp-json\/wp\/v2\/pages\/2747"}],"collection":[{"href":"https:\/\/holidayvillasmalta.com\/da\/wp-json\/wp\/v2\/pages"}],"about":[{"href":"https:\/\/holidayvillasmalta.com\/da\/wp-json\/wp\/v2\/types\/page"}],"author":[{"embeddable":true,"href":"https:\/\/holidayvillasmalta.com\/da\/wp-json\/wp\/v2\/users\/1"}],"replies":[{"embeddable":true,"href":"https:\/\/holidayvillasmalta.com\/da\/wp-json\/wp\/v2\/comments?post=2747"}],"version-history":[{"count":1,"href":"https:\/\/holidayvillasmalta.com\/da\/wp-json\/wp\/v2\/pages\/2747\/revisions"}],"predecessor-version":[{"id":2766,"href":"https:\/\/holidayvillasmalta.com\/da\/wp-json\/wp\/v2\/pages\/2747\/revisions\/2766"}],"up":[{"embeddable":true,"href":"https:\/\/holidayvillasmalta.com\/da\/wp-json\/wp\/v2\/pages\/2725"}],"wp:attachment":[{"href":"https:\/\/holidayvillasmalta.com\/da\/wp-json\/wp\/v2\/media?parent=2747"}],"curies":[{"name":"wp","href":"https:\/\/api.w.org\/{rel}","templated":true}]}}