{"id":2725,"date":"2023-06-03T16:25:17","date_gmt":"2023-06-03T15:25:17","guid":{"rendered":"https:\/\/holidayvillasmalta.com\/about"},"modified":"2023-09-11T17:28:53","modified_gmt":"2023-09-11T16:28:53","slug":"about","status":"publish","type":"page","link":"https:\/\/holidayvillasmalta.com\/da\/about","title":{"rendered":"Om Os"},"content":{"rendered":"\n<div class=\"wp-block-columns are-vertically-aligned-center is-layout-flex wp-container-core-columns-is-layout-1 wp-block-columns-is-layout-flex\">\n<div class=\"wp-block-column is-vertically-aligned-center is-layout-flow wp-block-column-is-layout-flow\">\n<p>Holiday Villas Malta er en familiedrevet virksomhed og vi str\u00e6ber efter at levere ferie bolig, der er unikke og typisk for Maltesisk varme og g\u00e6stfrihed, og frem for alt meget h\u00f8je standarder. Vi tager personlig pleje for at sikre, at vores villaer levere alle de forventede amenties og personligt h\u00e5ndtere lejer sp\u00f8rgsm\u00e5l.<\/p>\n\n\n\n<p>Villaerne hvor designet og bygget af ejeren, Chris Cachia, en arkitekt af profession med et skarpt \u00f8je for byrummet detaljer samt en ekspertise i Maltesisk arkitektur. Chris har sikret, at villaerne bevarer den lokale stil i b\u00e5de design og autentisk bygning materialer. De er alle bygget til h\u00f8je standarder, med store v\u00e6relser og store \u00e5bne rum. Chris gav s\u00e6rlig opm\u00e6rksomhed til naturlig belysning og ventilation skal sikre, at beboeren har det maltesiske solskin selv n\u00e5r indend\u00f8rs.<\/p>\n\n\n\n<p>Mrs. Josette Cachia, ejerens kone h\u00e5ndterer client foresp\u00f8rgsler og styrer den daglige drift af villaer som omfatter administration af et team af blikkenslagere, elektrikere, pool vedligeholdelsespersonale, reng\u00f8ringspersonale osv. Den Cachia hjem er meget t\u00e6t p\u00e5 villaer og de er altid parate til at hj\u00e6lpe.<\/p>\n<\/div>\n\n\n\n<div class=\"wp-block-column is-vertically-aligned-center is-layout-flow wp-block-column-is-layout-flow\"><div class=\"wp-block-image\">\n<figure class=\"aligncenter size-full\"><img loading=\"lazy\" decoding=\"async\" width=\"372\" height=\"297\" src=\"https:\/\/holidayvillasmalta.com\/app\/uploads\/2023\/06\/Holiday-Villas-Malta-Team.jpg\" alt=\"\" class=\"wp-image-317\" srcset=\"https:\/\/holidayvillasmalta.com\/app\/uploads\/2023\/06\/Holiday-Villas-Malta-Team.jpg 372w, https:\/\/holidayvillasmalta.com\/app\/uploads\/2023\/06\/Holiday-Villas-Malta-Team-300x240.jpg 300w\" sizes=\"(max-width: 372px) 100vw, 372px\" \/><\/figure><\/div><\/div>\n<\/div>\n","protected":false},"excerpt":{"rendered":"<p>Holiday Villas Malta er en familiedrevet virksomhed og vi str\u00e6ber efter at levere ferie bolig, der er unikke og typisk for Maltesisk varme og g\u00e6stfrihed, og frem for alt meget h\u00f8je standarder. Vi tager personlig pleje for at sikre, at vores villaer levere alle de forventede amenties og personligt h\u00e5ndtere lejer sp\u00f8rgsm\u00e5l. Villaerne hvor designet<\/p>\n","protected":false},"author":1,"featured_media":0,"parent":0,"menu_order":0,"comment_status":"closed","ping_status":"open","template":"","meta":{"inline_featured_image":false,"footnotes":""},"_links":{"self":[{"href":"https:\/\/holidayvillasmalta.com\/da\/wp-json\/wp\/v2\/pages\/2725"}],"collection":[{"href":"https:\/\/holidayvillasmalta.com\/da\/wp-json\/wp\/v2\/pages"}],"about":[{"href":"https:\/\/holidayvillasmalta.com\/da\/wp-json\/wp\/v2\/types\/page"}],"author":[{"embeddable":true,"href":"https:\/\/holidayvillasmalta.com\/da\/wp-json\/wp\/v2\/users\/1"}],"replies":[{"embeddable":true,"href":"https:\/\/holidayvillasmalta.com\/da\/wp-json\/wp\/v2\/comments?post=2725"}],"version-history":[{"count":2,"href":"https:\/\/holidayvillasmalta.com\/da\/wp-json\/wp\/v2\/pages\/2725\/revisions"}],"predecessor-version":[{"id":3034,"href":"https:\/\/holidayvillasmalta.com\/da\/wp-json\/wp\/v2\/pages\/2725\/revisions\/3034"}],"wp:attachment":[{"href":"https:\/\/holidayvillasmalta.com\/da\/wp-json\/wp\/v2\/media?parent=2725"}],"curies":[{"name":"wp","href":"https:\/\/api.w.org\/{rel}","templated":true}]}}