{"id":2714,"date":"2023-06-29T20:10:55","date_gmt":"2023-06-29T19:10:55","guid":{"rendered":"https:\/\/holidayvillasmalta.com\/malta"},"modified":"2023-08-10T18:15:55","modified_gmt":"2023-08-10T17:15:55","slug":"malta","status":"publish","type":"page","link":"https:\/\/holidayvillasmalta.com\/da\/about\/malta","title":{"rendered":"Om Malta"},"content":{"rendered":"\n<div class=\"wp-block-columns is-layout-flex wp-container-core-columns-is-layout-1 wp-block-columns-is-layout-flex\">\n<div class=\"wp-block-column is-layout-flow wp-block-column-is-layout-flow\">\n<p>Der er s\u00e5 mange grunde til, hvorfor man kan flyve til Malta, og tilbringe en god uge her. Hvis du er en historie buff, kan det siges at v\u00e6re stedet at bes\u00f8ge. Der er slotte, alle former for f\u00e6stningsv\u00e6rker, slotte, kirker og rig kunstnerisk arv, der har gjort Malta en af disse Middelhavs\u00f8erne med s\u00e5 meget at beundre. Hvis man er afh\u00e6ngige af milit\u00e6re historie, er der skal bes\u00f8ges km af bef\u00e6stninger fra \u00e6ldre bronzealder til anden verdenskrig, milit\u00e6r og luftfart museer og selv anden verdenskrig rock-cut krisecentre.<\/p>\n\n\n\n<p>Malta er ogs\u00e5 blevet beskrevet som en ark\u00e6ologisk paradis, med sin unikke forhistoriske rester. Disse betragtes som de \u00e6ldste fritst\u00e5ende bygninger i verden, og de er \u00e6refrygtindgydende.<\/p>\n\n\n\n<p>Hvis du er interesseret i den rige kulturarv, er der mulighed for at fordybe sig i utal af traditionelle aktiviteter. Er det en af de nationale festligheder, der er afholdt i l\u00f8bet af \u00e5ret, de historiske re-love med en lang r\u00e6kke historiske begivenheder, som de religi\u00f8se festivaler, er man fork\u00e6let. De religi\u00f8se festivaler give en f\u00f8lelse af \u00e6gthed, som disse ikke spilles for turister, men snarere de er de vigtigste \u00e5rlige begivenhed lokalitet og tilrettelagt af lokale for deres egen forn\u00f8jelses skyld.<\/p>\n\n\n\n<p>Hvorfor Malta, hvis ikke for det klare bl\u00e5 hav og himmel og milde vejr, der findes. Havet er et nogensinde indbydende sted at udforske, slappe af eller endda til praksis dykning. Vejret er perfekt til vinterferie hvor kan man udforske landskabet med dets baner, smalle passager, sm\u00e5 felter, karakteristiske g\u00e5rde og andre landskab arkitektoniske arv. Det er det rigtige tidspunkt at bes\u00f8ge de forskellige sm\u00e5 landsbyer, med deres moderne huse, men med en middelalderlige kerne.<\/p>\n\n\n\n<p>Malta er det sted, hvor man kan have en god afslappende ferie, nyder nogen form for aktivitet, der kan forestille sig, og slutte dagen med god mad. Enten kan man nyde de gastronomiske l\u00e6kkerier af forskellige retter fra hele verden. Der er imidlertid ogs\u00e5 fristelsen til at smage det lokale k\u00f8kken, med de mange restauranter over hele \u00f8en, der giver en god handel. Fisk er en specialitet, og man kan ikke g\u00e5 galt med en tallerken med frisk fisk. Lokale mad er ikke begr\u00e6nset til m\u00e5ltiderne, men en masse sm\u00e5 butikker giver en med mulighed for at smage nogle virkelige gode Maltesisk delikatesser \u2013 pastizzi, imqaret og mange andre.<\/p>\n\n\n\n<p>Hvorfor Malta? Fordi det er stedet at bes\u00f8ge, hvis du vil slappe af og nyde.<\/p>\n<\/div>\n<\/div>\n","protected":false},"excerpt":{"rendered":"<p>Der er s\u00e5 mange grunde til, hvorfor man kan flyve til Malta, og tilbringe en god uge her. Hvis du er en historie buff, kan det siges at v\u00e6re stedet at bes\u00f8ge. Der er slotte, alle former for f\u00e6stningsv\u00e6rker, slotte, kirker og rig kunstnerisk arv, der har gjort Malta en af disse Middelhavs\u00f8erne med s\u00e5<\/p>\n","protected":false},"author":1,"featured_media":0,"parent":2725,"menu_order":0,"comment_status":"closed","ping_status":"closed","template":"","meta":{"inline_featured_image":false,"footnotes":""},"_links":{"self":[{"href":"https:\/\/holidayvillasmalta.com\/da\/wp-json\/wp\/v2\/pages\/2714"}],"collection":[{"href":"https:\/\/holidayvillasmalta.com\/da\/wp-json\/wp\/v2\/pages"}],"about":[{"href":"https:\/\/holidayvillasmalta.com\/da\/wp-json\/wp\/v2\/types\/page"}],"author":[{"embeddable":true,"href":"https:\/\/holidayvillasmalta.com\/da\/wp-json\/wp\/v2\/users\/1"}],"replies":[{"embeddable":true,"href":"https:\/\/holidayvillasmalta.com\/da\/wp-json\/wp\/v2\/comments?post=2714"}],"version-history":[{"count":1,"href":"https:\/\/holidayvillasmalta.com\/da\/wp-json\/wp\/v2\/pages\/2714\/revisions"}],"predecessor-version":[{"id":2746,"href":"https:\/\/holidayvillasmalta.com\/da\/wp-json\/wp\/v2\/pages\/2714\/revisions\/2746"}],"up":[{"embeddable":true,"href":"https:\/\/holidayvillasmalta.com\/da\/wp-json\/wp\/v2\/pages\/2725"}],"wp:attachment":[{"href":"https:\/\/holidayvillasmalta.com\/da\/wp-json\/wp\/v2\/media?parent=2714"}],"curies":[{"name":"wp","href":"https:\/\/api.w.org\/{rel}","templated":true}]}}